{"id":893,"date":"2026-03-20T13:28:06","date_gmt":"2026-03-20T10:28:06","guid":{"rendered":"https:\/\/medbank.net\/?page_id=893"},"modified":"2026-04-14T11:08:21","modified_gmt":"2026-04-14T08:08:21","slug":"%d0%b8%d1%81%d0%ba%d1%83%d1%81%d1%81%d1%82%d0%b2%d0%be","status":"publish","type":"page","link":"https:\/\/medbank.net\/fr\/directions\/%d0%b8%d1%81%d0%ba%d1%83%d1%81%d1%81%d1%82%d0%b2%d0%be\/","title":{"rendered":"Art"},"content":{"rendered":"\n<p class=\"mb-5\">Ce projet vise \u00e0 rendre l&#8217;art contemporain accessible \u00e0 un large public, en le rendant compr\u00e9hensible par tous. Il ambitionne de cr\u00e9er une communaut\u00e9 d&#8217;amateurs d&#8217;art, transformant les spectateurs passifs en participants actifs du processus cr\u00e9atif, leur permettant ainsi de r\u00e9fl\u00e9chir, d&#8217;\u00e9changer et de d\u00e9couvrir de nouveaux horizons de perception.<\/p>\n\n\n\n<h2 class=\"wp-block-heading mb-4\">Nos principaux domaines d&#8217;activit\u00e9:<\/h2>\n\n\n\n<div class=\"wp-block-columns cards mb-5 is-layout-flex wp-container-core-columns-is-layout-9d6595d7 wp-block-columns-is-layout-flex\">\n<div class=\"wp-block-column card gray is-layout-flow wp-block-column-is-layout-flow\">\n<h5 class=\"wp-block-heading mb-3\">Organisation de projets th\u00e9matiques<\/h5>\n\n\n\n<p>Nous r\u00e9unissons des repr\u00e9sentants de diff\u00e9rentes formes d&#8217;art, cr\u00e9ant des expositions uniques qui ouvrent de nouvelles perspectives sur l&#8217;expression artistique.<\/p>\n<\/div>\n\n\n\n<div class=\"wp-block-column card gray is-layout-flow wp-block-column-is-layout-flow\">\n<h5 class=\"wp-block-heading mb-3\">Promotion individuelle des artistes<\/h5>\n\n\n\n<p>Nous aidons les auteurs talentueux \u00e0 trouver leur public en soutenant le d\u00e9veloppement de nouveaux formats d&#8217;interaction entre l&#8217;artiste et le public.<\/p>\n<\/div>\n<\/div>\n\n\n\n<h2 class=\"wp-block-heading mb-4\">Notre espace abrite une symbiose cr\u00e9ative unique \u2013 \u00e0 plusieurs niveaux, profonde et contemporaine. Ici:<\/h2>\n\n\n\n<ul class=\"wp-block-list mb-4\">\n<li>la peinture rencontre la po\u00e9sie;<\/li>\n\n\n\n<li>la litt\u00e9rature s&#8217;entrem\u00eale avec les images visuelles;<\/li>\n\n\n\n<li>les formes d&#8217;art traditionnelles interagissent avec les pratiques exp\u00e9rimentales;<\/li>\n\n\n\n<li>les spectateurs deviennent co-auteurs en participant \u00e0 des installations et des performances interactives.<\/li>\n<\/ul>\n\n\n\n<figure class=\"wp-block-gallery has-nested-images columns-default is-cropped wp-block-gallery-1 is-layout-flex wp-block-gallery-is-layout-flex\">\n<figure class=\"wp-block-image size-full\"><img loading=\"lazy\" decoding=\"async\" width=\"1920\" height=\"1080\" data-id=\"1073\" src=\"https:\/\/medbank.net\/wp-content\/uploads\/2026\/03\/photo-direction-6-1.jpg\" alt=\"\" class=\"wp-image-1073\" srcset=\"https:\/\/medbank.net\/wp-content\/uploads\/2026\/03\/photo-direction-6-1.jpg 1920w, https:\/\/medbank.net\/wp-content\/uploads\/2026\/03\/photo-direction-6-1-300x169.jpg 300w, https:\/\/medbank.net\/wp-content\/uploads\/2026\/03\/photo-direction-6-1-1024x576.jpg 1024w, https:\/\/medbank.net\/wp-content\/uploads\/2026\/03\/photo-direction-6-1-768x432.jpg 768w, https:\/\/medbank.net\/wp-content\/uploads\/2026\/03\/photo-direction-6-1-1536x864.jpg 1536w\" sizes=\"auto, (max-width: 1920px) 100vw, 1920px\" \/><\/figure>\n\n\n\n<figure class=\"wp-block-image size-full\"><img loading=\"lazy\" decoding=\"async\" width=\"1920\" height=\"1080\" data-id=\"1072\" src=\"https:\/\/medbank.net\/wp-content\/uploads\/2026\/03\/photo-direction-6-2.jpg\" alt=\"\" class=\"wp-image-1072\" srcset=\"https:\/\/medbank.net\/wp-content\/uploads\/2026\/03\/photo-direction-6-2.jpg 1920w, https:\/\/medbank.net\/wp-content\/uploads\/2026\/03\/photo-direction-6-2-300x169.jpg 300w, https:\/\/medbank.net\/wp-content\/uploads\/2026\/03\/photo-direction-6-2-1024x576.jpg 1024w, https:\/\/medbank.net\/wp-content\/uploads\/2026\/03\/photo-direction-6-2-768x432.jpg 768w, https:\/\/medbank.net\/wp-content\/uploads\/2026\/03\/photo-direction-6-2-1536x864.jpg 1536w\" sizes=\"auto, (max-width: 1920px) 100vw, 1920px\" \/><\/figure>\n\n\n\n<figure class=\"wp-block-image size-full\"><img loading=\"lazy\" decoding=\"async\" width=\"1920\" height=\"1080\" data-id=\"1071\" src=\"https:\/\/medbank.net\/wp-content\/uploads\/2026\/03\/photo-direction-6-3.jpg\" alt=\"\" class=\"wp-image-1071\" srcset=\"https:\/\/medbank.net\/wp-content\/uploads\/2026\/03\/photo-direction-6-3.jpg 1920w, https:\/\/medbank.net\/wp-content\/uploads\/2026\/03\/photo-direction-6-3-300x169.jpg 300w, https:\/\/medbank.net\/wp-content\/uploads\/2026\/03\/photo-direction-6-3-1024x576.jpg 1024w, https:\/\/medbank.net\/wp-content\/uploads\/2026\/03\/photo-direction-6-3-768x432.jpg 768w, https:\/\/medbank.net\/wp-content\/uploads\/2026\/03\/photo-direction-6-3-1536x864.jpg 1536w\" sizes=\"auto, (max-width: 1920px) 100vw, 1920px\" \/><\/figure>\n<\/figure>\n\n\n\n<div class=\"wp-block-columns is-layout-flex wp-container-core-columns-is-layout-9d6595d7 wp-block-columns-is-layout-flex\">\n<div class=\"wp-block-column card dark is-layout-flow wp-block-column-is-layout-flow\">\n<p>Cette approche soutient non seulement les talents, mais elle met \u00e9galement en relation les personnes cr\u00e9atives et \u00e9tablit d&#8217;importants liens culturels au sein de la soci\u00e9t\u00e9, cr\u00e9ant ainsi un environnement culturel diversifi\u00e9 et inclusif.<\/p>\n<\/div>\n<\/div>\n","protected":false},"excerpt":{"rendered":"<p>Ce projet vise \u00e0 rendre l&#8217;art contemporain accessible \u00e0 un large public, en le rendant compr\u00e9hensible par tous. Il ambitionne de cr\u00e9er une communaut\u00e9 d&#8217;amateurs d&#8217;art, transformant les spectateurs passifs en participants actifs du processus cr\u00e9atif, leur permettant ainsi de r\u00e9fl\u00e9chir, d&#8217;\u00e9changer et de d\u00e9couvrir de nouveaux horizons de perception. Nos principaux domaines d&#8217;activit\u00e9: Organisation [&hellip;]<\/p>\n","protected":false},"author":2,"featured_media":912,"parent":850,"menu_order":15,"comment_status":"closed","ping_status":"closed","template":"templates\/template-page-directions-single.php","meta":{"_acf_changed":false,"inline_featured_image":false,"footnotes":""},"class_list":["post-893","page","type-page","status-publish","has-post-thumbnail","hentry"],"yoast_head":"<!-- This site is optimized with the Yoast SEO plugin v27.2 - https:\/\/yoast.com\/product\/yoast-seo-wordpress\/ -->\n<title>Art<\/title>\n<meta name=\"robots\" content=\"index, follow, max-snippet:-1, max-image-preview:large, max-video-preview:-1\" \/>\n<link rel=\"canonical\" href=\"https:\/\/medbank.net\/fr\/directions\/\u0438\u0441\u043a\u0443\u0441\u0441\u0442\u0432\u043e\/\" \/>\n<meta property=\"og:locale\" content=\"fr_FR\" \/>\n<meta property=\"og:locale:alternate\" content=\"ru_RU\" \/>\n<meta property=\"og:locale:alternate\" content=\"en_US\" \/>\n<meta property=\"og:type\" content=\"article\" \/>\n<meta property=\"og:title\" content=\"Art\" \/>\n<meta property=\"og:description\" content=\"Ce projet vise \u00e0 rendre l&#8217;art contemporain accessible \u00e0 un large public, en le rendant compr\u00e9hensible par tous. Il ambitionne de cr\u00e9er une communaut\u00e9 d&#8217;amateurs d&#8217;art, transformant les spectateurs passifs en participants actifs du processus cr\u00e9atif, leur permettant ainsi de r\u00e9fl\u00e9chir, d&#8217;\u00e9changer et de d\u00e9couvrir de nouveaux horizons de perception. Nos principaux domaines d&#8217;activit\u00e9: Organisation [&hellip;]\" \/>\n<meta property=\"og:url\" content=\"https:\/\/medbank.net\/fr\/directions\/\u0438\u0441\u043a\u0443\u0441\u0441\u0442\u0432\u043e\/\" \/>\n<meta property=\"og:site_name\" content=\"MEDBANK\" \/>\n<meta property=\"article:modified_time\" content=\"2026-04-14T08:08:21+00:00\" \/>\n<meta property=\"og:image\" content=\"https:\/\/medbank.net\/wp-content\/uploads\/2026\/03\/directions-6.webp\" \/>\n\t<meta property=\"og:image:width\" content=\"1024\" \/>\n\t<meta property=\"og:image:height\" content=\"1024\" \/>\n\t<meta property=\"og:image:type\" content=\"image\/webp\" \/>\n<meta name=\"twitter:card\" content=\"summary_large_image\" \/>\n<meta name=\"twitter:label1\" content=\"Dur\u00e9e de lecture estim\u00e9e\" \/>\n\t<meta name=\"twitter:data1\" content=\"2 minutes\" \/>\n<script type=\"application\/ld+json\" class=\"yoast-schema-graph\">{\"@context\":\"https:\/\/schema.org\",\"@graph\":[{\"@type\":\"WebPage\",\"@id\":\"https:\/\/medbank.net\/fr\/directions\/%d0%b8%d1%81%d0%ba%d1%83%d1%81%d1%81%d1%82%d0%b2%d0%be\/\",\"url\":\"https:\/\/medbank.net\/fr\/directions\/%d0%b8%d1%81%d0%ba%d1%83%d1%81%d1%81%d1%82%d0%b2%d0%be\/\",\"name\":\"Art\",\"isPartOf\":{\"@id\":\"https:\/\/medbank.net\/#website\"},\"primaryImageOfPage\":{\"@id\":\"https:\/\/medbank.net\/fr\/directions\/%d0%b8%d1%81%d0%ba%d1%83%d1%81%d1%81%d1%82%d0%b2%d0%be\/#primaryimage\"},\"image\":{\"@id\":\"https:\/\/medbank.net\/fr\/directions\/%d0%b8%d1%81%d0%ba%d1%83%d1%81%d1%81%d1%82%d0%b2%d0%be\/#primaryimage\"},\"thumbnailUrl\":\"https:\/\/medbank.net\/wp-content\/uploads\/2026\/03\/directions-6.webp\",\"datePublished\":\"2026-03-20T10:28:06+00:00\",\"dateModified\":\"2026-04-14T08:08:21+00:00\",\"breadcrumb\":{\"@id\":\"https:\/\/medbank.net\/fr\/directions\/%d0%b8%d1%81%d0%ba%d1%83%d1%81%d1%81%d1%82%d0%b2%d0%be\/#breadcrumb\"},\"inLanguage\":\"fr-FR\",\"potentialAction\":[{\"@type\":\"ReadAction\",\"target\":[\"https:\/\/medbank.net\/fr\/directions\/%d0%b8%d1%81%d0%ba%d1%83%d1%81%d1%81%d1%82%d0%b2%d0%be\/\"]}]},{\"@type\":\"ImageObject\",\"inLanguage\":\"fr-FR\",\"@id\":\"https:\/\/medbank.net\/fr\/directions\/%d0%b8%d1%81%d0%ba%d1%83%d1%81%d1%81%d1%82%d0%b2%d0%be\/#primaryimage\",\"url\":\"https:\/\/medbank.net\/wp-content\/uploads\/2026\/03\/directions-6.webp\",\"contentUrl\":\"https:\/\/medbank.net\/wp-content\/uploads\/2026\/03\/directions-6.webp\",\"width\":1024,\"height\":1024},{\"@type\":\"BreadcrumbList\",\"@id\":\"https:\/\/medbank.net\/fr\/directions\/%d0%b8%d1%81%d0%ba%d1%83%d1%81%d1%81%d1%82%d0%b2%d0%be\/#breadcrumb\",\"itemListElement\":[{\"@type\":\"ListItem\",\"position\":1,\"name\":\"\u041d\u0430\u043f\u0440\u0430\u0432\u043b\u0435\u043d\u0438\u044f\",\"item\":\"https:\/\/medbank.net\/directions\/\"},{\"@type\":\"ListItem\",\"position\":2,\"name\":\"Art\"}]},{\"@type\":\"WebSite\",\"@id\":\"https:\/\/medbank.net\/#website\",\"url\":\"https:\/\/medbank.net\/\",\"name\":\"MEDBANK\",\"description\":\"\",\"publisher\":{\"@id\":\"https:\/\/medbank.net\/#organization\"},\"potentialAction\":[{\"@type\":\"SearchAction\",\"target\":{\"@type\":\"EntryPoint\",\"urlTemplate\":\"https:\/\/medbank.net\/?s={search_term_string}\"},\"query-input\":{\"@type\":\"PropertyValueSpecification\",\"valueRequired\":true,\"valueName\":\"search_term_string\"}}],\"inLanguage\":\"fr-FR\"},{\"@type\":\"Organization\",\"@id\":\"https:\/\/medbank.net\/#organization\",\"name\":\"MEDBANK\",\"url\":\"https:\/\/medbank.net\/\",\"logo\":{\"@type\":\"ImageObject\",\"inLanguage\":\"fr-FR\",\"@id\":\"https:\/\/medbank.net\/#\/schema\/logo\/image\/\",\"url\":\"https:\/\/medbank.net\/wp-content\/uploads\/2024\/11\/logo.svg\",\"contentUrl\":\"https:\/\/medbank.net\/wp-content\/uploads\/2024\/11\/logo.svg\",\"width\":230,\"height\":42,\"caption\":\"MEDBANK\"},\"image\":{\"@id\":\"https:\/\/medbank.net\/#\/schema\/logo\/image\/\"}}]}<\/script>\n<!-- \/ Yoast SEO plugin. -->","yoast_head_json":{"title":"Art","robots":{"index":"index","follow":"follow","max-snippet":"max-snippet:-1","max-image-preview":"max-image-preview:large","max-video-preview":"max-video-preview:-1"},"canonical":"https:\/\/medbank.net\/fr\/directions\/\u0438\u0441\u043a\u0443\u0441\u0441\u0442\u0432\u043e\/","og_locale":"fr_FR","og_type":"article","og_title":"[:ru]\u0418\u0441\u043a\u0443\u0441\u0441\u0442\u0432\u043e[:en]Art[:fr]Art[:] - MEDBANK","og_description":"Ce projet vise \u00e0 rendre l&#8217;art contemporain accessible \u00e0 un large public, en le rendant compr\u00e9hensible par tous. Il ambitionne de cr\u00e9er une communaut\u00e9 d&#8217;amateurs d&#8217;art, transformant les spectateurs passifs en participants actifs du processus cr\u00e9atif, leur permettant ainsi de r\u00e9fl\u00e9chir, d&#8217;\u00e9changer et de d\u00e9couvrir de nouveaux horizons de perception. Nos principaux domaines d&#8217;activit\u00e9: Organisation [&hellip;]","og_url":"https:\/\/medbank.net\/fr\/directions\/\u0438\u0441\u043a\u0443\u0441\u0441\u0442\u0432\u043e\/","og_site_name":"MEDBANK","article_modified_time":"2026-04-14T08:08:21+00:00","og_image":[{"width":1024,"height":1024,"url":"https:\/\/medbank.net\/wp-content\/uploads\/2026\/03\/directions-6.webp","type":"image\/webp"}],"twitter_card":"summary_large_image","twitter_misc":{"Dur\u00e9e de lecture estim\u00e9e":"2 minutes"},"schema":{"@context":"https:\/\/schema.org","@graph":[{"@type":"WebPage","@id":"https:\/\/medbank.net\/fr\/directions\/%d0%b8%d1%81%d0%ba%d1%83%d1%81%d1%81%d1%82%d0%b2%d0%be\/","url":"https:\/\/medbank.net\/fr\/directions\/%d0%b8%d1%81%d0%ba%d1%83%d1%81%d1%81%d1%82%d0%b2%d0%be\/","name":"Art","isPartOf":{"@id":"https:\/\/medbank.net\/#website"},"primaryImageOfPage":{"@id":"https:\/\/medbank.net\/fr\/directions\/%d0%b8%d1%81%d0%ba%d1%83%d1%81%d1%81%d1%82%d0%b2%d0%be\/#primaryimage"},"image":{"@id":"https:\/\/medbank.net\/fr\/directions\/%d0%b8%d1%81%d0%ba%d1%83%d1%81%d1%81%d1%82%d0%b2%d0%be\/#primaryimage"},"thumbnailUrl":"https:\/\/medbank.net\/wp-content\/uploads\/2026\/03\/directions-6.webp","datePublished":"2026-03-20T10:28:06+00:00","dateModified":"2026-04-14T08:08:21+00:00","breadcrumb":{"@id":"https:\/\/medbank.net\/fr\/directions\/%d0%b8%d1%81%d0%ba%d1%83%d1%81%d1%81%d1%82%d0%b2%d0%be\/#breadcrumb"},"inLanguage":"fr-FR","potentialAction":[{"@type":"ReadAction","target":["https:\/\/medbank.net\/fr\/directions\/%d0%b8%d1%81%d0%ba%d1%83%d1%81%d1%81%d1%82%d0%b2%d0%be\/"]}]},{"@type":"ImageObject","inLanguage":"fr-FR","@id":"https:\/\/medbank.net\/fr\/directions\/%d0%b8%d1%81%d0%ba%d1%83%d1%81%d1%81%d1%82%d0%b2%d0%be\/#primaryimage","url":"https:\/\/medbank.net\/wp-content\/uploads\/2026\/03\/directions-6.webp","contentUrl":"https:\/\/medbank.net\/wp-content\/uploads\/2026\/03\/directions-6.webp","width":1024,"height":1024},{"@type":"BreadcrumbList","@id":"https:\/\/medbank.net\/fr\/directions\/%d0%b8%d1%81%d0%ba%d1%83%d1%81%d1%81%d1%82%d0%b2%d0%be\/#breadcrumb","itemListElement":[{"@type":"ListItem","position":1,"name":"\u041d\u0430\u043f\u0440\u0430\u0432\u043b\u0435\u043d\u0438\u044f","item":"https:\/\/medbank.net\/directions\/"},{"@type":"ListItem","position":2,"name":"Art"}]},{"@type":"WebSite","@id":"https:\/\/medbank.net\/#website","url":"https:\/\/medbank.net\/","name":"MEDBANK","description":"","publisher":{"@id":"https:\/\/medbank.net\/#organization"},"potentialAction":[{"@type":"SearchAction","target":{"@type":"EntryPoint","urlTemplate":"https:\/\/medbank.net\/?s={search_term_string}"},"query-input":{"@type":"PropertyValueSpecification","valueRequired":true,"valueName":"search_term_string"}}],"inLanguage":"fr-FR"},{"@type":"Organization","@id":"https:\/\/medbank.net\/#organization","name":"MEDBANK","url":"https:\/\/medbank.net\/","logo":{"@type":"ImageObject","inLanguage":"fr-FR","@id":"https:\/\/medbank.net\/#\/schema\/logo\/image\/","url":"https:\/\/medbank.net\/wp-content\/uploads\/2024\/11\/logo.svg","contentUrl":"https:\/\/medbank.net\/wp-content\/uploads\/2024\/11\/logo.svg","width":230,"height":42,"caption":"MEDBANK"},"image":{"@id":"https:\/\/medbank.net\/#\/schema\/logo\/image\/"}}]}},"acf":[],"_links":{"self":[{"href":"https:\/\/medbank.net\/fr\/wp-json\/wp\/v2\/pages\/893","targetHints":{"allow":["GET"]}}],"collection":[{"href":"https:\/\/medbank.net\/fr\/wp-json\/wp\/v2\/pages"}],"about":[{"href":"https:\/\/medbank.net\/fr\/wp-json\/wp\/v2\/types\/page"}],"author":[{"embeddable":true,"href":"https:\/\/medbank.net\/fr\/wp-json\/wp\/v2\/users\/2"}],"replies":[{"embeddable":true,"href":"https:\/\/medbank.net\/fr\/wp-json\/wp\/v2\/comments?post=893"}],"version-history":[{"count":11,"href":"https:\/\/medbank.net\/fr\/wp-json\/wp\/v2\/pages\/893\/revisions"}],"predecessor-version":[{"id":1406,"href":"https:\/\/medbank.net\/fr\/wp-json\/wp\/v2\/pages\/893\/revisions\/1406"}],"up":[{"embeddable":true,"href":"https:\/\/medbank.net\/fr\/wp-json\/wp\/v2\/pages\/850"}],"wp:featuredmedia":[{"embeddable":true,"href":"https:\/\/medbank.net\/fr\/wp-json\/wp\/v2\/media\/912"}],"wp:attachment":[{"href":"https:\/\/medbank.net\/fr\/wp-json\/wp\/v2\/media?parent=893"}],"curies":[{"name":"wp","href":"https:\/\/api.w.org\/{rel}","templated":true}]}}