{"id":891,"date":"2026-03-20T13:27:15","date_gmt":"2026-03-20T10:27:15","guid":{"rendered":"https:\/\/medbank.net\/?page_id=891"},"modified":"2026-04-14T11:01:32","modified_gmt":"2026-04-14T08:01:32","slug":"%d0%bc%d0%b5%d0%b4%d0%b8%d1%86%d0%b8%d0%bd%d1%81%d0%ba%d0%b8%d0%b5-%d1%83%d1%81%d0%bb%d1%83%d0%b3%d0%b8","status":"publish","type":"page","link":"https:\/\/medbank.net\/fr\/directions\/%d0%bc%d0%b5%d0%b4%d0%b8%d1%86%d0%b8%d0%bd%d1%81%d0%ba%d0%b8%d0%b5-%d1%83%d1%81%d0%bb%d1%83%d0%b3%d0%b8\/","title":{"rendered":"Services m\u00e9dicaux"},"content":{"rendered":"\n<p>Gr\u00e2ce \u00e0 l&#8217;utilisation d&#8217;\u00e9quipements de t\u00e9l\u00e9m\u00e9decine et d&#8217;une plateforme de sant\u00e9 publique centralis\u00e9e, nous r\u00e9alisons des examens \u00e0 distance, garantissant une grande pr\u00e9cision et la transparence l\u00e9gale des services m\u00e9dicaux.<\/p>\n\n\n\n<h2 class=\"wp-block-heading\">Principaux domaines de notre travail<\/h2>\n\n\n\n<div class=\"wp-block-columns cards mb-5 is-layout-flex wp-container-core-columns-is-layout-9d6595d7 wp-block-columns-is-layout-flex\">\n<div class=\"wp-block-column card gray is-layout-flow wp-block-column-is-layout-flow\">\n<h5 class=\"wp-block-heading\">Examens m\u00e9dicaux avant d\u00e9part et avant prise de poste et signature \u00e9lectronique<\/h5>\n<\/div>\n\n\n\n<div class=\"wp-block-column card gray is-layout-flow wp-block-column-is-layout-flow\">\n<h5 class=\"wp-block-heading\">Assistance m\u00e9dicale compl\u00e8te pour les entreprises<\/h5>\n<\/div>\n\n\n\n<div class=\"wp-block-column card gray is-layout-flow wp-block-column-is-layout-flow\">\n<h5 class=\"wp-block-heading\">Assistance m\u00e9dicale 24h\/24 sur le lieu de travail<\/h5>\n<\/div>\n<\/div>\n\n\n\n<p>Chaque examen est un contr\u00f4le syst\u00e9matique de l&#8217;\u00e9tat de sant\u00e9 de l&#8217;employ\u00e9. Nous identifions les groupes \u00e0 risque, pr\u00e9venons les \u00e9ventuels probl\u00e8mes de sant\u00e9 et intervenons rapidement en cas de signes de d\u00e9t\u00e9rioration. Les employ\u00e9s b\u00e9n\u00e9ficient de consultations m\u00e9dicales 24h\/24 et 7j\/7, de recommandations de traitement et, si n\u00e9cessaire, d&#8217;une orientation vers des cliniques partenaires pour des examens compl\u00e9mentaires.<\/p>\n\n\n\n<p>Un profil de sant\u00e9 num\u00e9rique est cr\u00e9\u00e9 pour chaque employ\u00e9, permettant d&#8217;\u00e9laborer des recommandations personnalis\u00e9es en mati\u00e8re de sant\u00e9 et de mode de vie. Ceci permet non seulement de r\u00e9agir aux probl\u00e8mes, mais aussi d&#8217;am\u00e9liorer proactivement le bien-\u00eatre g\u00e9n\u00e9ral des employ\u00e9s.<\/p>\n\n\n\n<figure class=\"wp-block-gallery has-nested-images columns-default is-cropped wp-block-gallery-1 is-layout-flex wp-block-gallery-is-layout-flex\">\n<figure class=\"wp-block-image size-full\"><img loading=\"lazy\" decoding=\"async\" width=\"1534\" height=\"1024\" data-id=\"1044\" src=\"https:\/\/medbank.net\/wp-content\/uploads\/2026\/03\/photo-direction-5-2.webp\" alt=\"\" class=\"wp-image-1044\" srcset=\"https:\/\/medbank.net\/wp-content\/uploads\/2026\/03\/photo-direction-5-2.webp 1534w, https:\/\/medbank.net\/wp-content\/uploads\/2026\/03\/photo-direction-5-2-300x200.webp 300w, https:\/\/medbank.net\/wp-content\/uploads\/2026\/03\/photo-direction-5-2-1024x684.webp 1024w, https:\/\/medbank.net\/wp-content\/uploads\/2026\/03\/photo-direction-5-2-768x513.webp 768w\" sizes=\"auto, (max-width: 1534px) 100vw, 1534px\" \/><\/figure>\n\n\n\n<figure class=\"wp-block-image size-full\"><img loading=\"lazy\" decoding=\"async\" width=\"1920\" height=\"1080\" data-id=\"1229\" src=\"https:\/\/medbank.net\/wp-content\/uploads\/2026\/03\/photo-direction-5-3-1.webp\" alt=\"\" class=\"wp-image-1229\" srcset=\"https:\/\/medbank.net\/wp-content\/uploads\/2026\/03\/photo-direction-5-3-1.webp 1920w, https:\/\/medbank.net\/wp-content\/uploads\/2026\/03\/photo-direction-5-3-1-300x169.webp 300w, https:\/\/medbank.net\/wp-content\/uploads\/2026\/03\/photo-direction-5-3-1-1024x576.webp 1024w, https:\/\/medbank.net\/wp-content\/uploads\/2026\/03\/photo-direction-5-3-1-768x432.webp 768w, https:\/\/medbank.net\/wp-content\/uploads\/2026\/03\/photo-direction-5-3-1-1536x864.webp 1536w\" sizes=\"auto, (max-width: 1920px) 100vw, 1920px\" \/><\/figure>\n\n\n\n<figure class=\"wp-block-image size-full\"><img loading=\"lazy\" decoding=\"async\" width=\"1536\" height=\"1024\" data-id=\"1045\" src=\"https:\/\/medbank.net\/wp-content\/uploads\/2026\/03\/photo-direction-5-1.webp\" alt=\"\" class=\"wp-image-1045\" srcset=\"https:\/\/medbank.net\/wp-content\/uploads\/2026\/03\/photo-direction-5-1.webp 1536w, https:\/\/medbank.net\/wp-content\/uploads\/2026\/03\/photo-direction-5-1-300x200.webp 300w, https:\/\/medbank.net\/wp-content\/uploads\/2026\/03\/photo-direction-5-1-1024x683.webp 1024w, https:\/\/medbank.net\/wp-content\/uploads\/2026\/03\/photo-direction-5-1-768x512.webp 768w\" sizes=\"auto, (max-width: 1536px) 100vw, 1536px\" \/><\/figure>\n<\/figure>\n\n\n\n<p>Nous r\u00e9alisons plus de 65\u00a0000 examens m\u00e9dicaux par jour, chacun durant en moyenne 90 secondes. Nous respectons scrupuleusement les exigences l\u00e9gales, garantissant la confidentialit\u00e9 et la protection des donn\u00e9es personnelles.<\/p>\n\n\n\n<p>Aujourd&#8217;hui, plus de 1 500 entreprises \u00e0 travers la Russie nous font confiance pour la sant\u00e9 de leurs employ\u00e9s, parmi lesquelles des leaders tels que Gazprom, Rosneft, Lukoil, les Chemins de fer russes, Perekrestok et Sportmaster.<\/p>\n\n\n\n<p>Gr\u00e2ce \u00e0 la mise en \u0153uvre des services DM\u0421 No.1, la direction constate une r\u00e9duction des accidents du travail dans les entreprises, une diminution des temps d&#8217;arr\u00eat, une augmentation de la productivit\u00e9 du travail et un renforcement de la culture d&#8217;entreprise.<\/p>\n\n\n\n<div class=\"wp-block-columns is-layout-flex wp-container-core-columns-is-layout-9d6595d7 wp-block-columns-is-layout-flex\">\n<div class=\"wp-block-column card dark is-layout-flow wp-block-column-is-layout-flow\">\n<p>\u201cDMC No. 1\u201d est un partenaire commercial fiable et technologiquement avanc\u00e9 qui rend les soins m\u00e9dicaux rapides, accessibles et efficaces, favorisant la s\u00e9curit\u00e9 et la sant\u00e9 des employ\u00e9s ainsi que le d\u00e9veloppement durable des entreprises en Russie et au-del\u00e0.<\/p>\n<\/div>\n<\/div>\n","protected":false},"excerpt":{"rendered":"<p>Gr\u00e2ce \u00e0 l&#8217;utilisation d&#8217;\u00e9quipements de t\u00e9l\u00e9m\u00e9decine et d&#8217;une plateforme de sant\u00e9 publique centralis\u00e9e, nous r\u00e9alisons des examens \u00e0 distance, garantissant une grande pr\u00e9cision et la transparence l\u00e9gale des services m\u00e9dicaux. Principaux domaines de notre travail Examens m\u00e9dicaux avant d\u00e9part et avant prise de poste et signature \u00e9lectronique Assistance m\u00e9dicale compl\u00e8te pour les entreprises Assistance m\u00e9dicale [&hellip;]<\/p>\n","protected":false},"author":2,"featured_media":1249,"parent":850,"menu_order":14,"comment_status":"closed","ping_status":"closed","template":"templates\/template-page-directions-single.php","meta":{"_acf_changed":false,"inline_featured_image":false,"footnotes":""},"class_list":["post-891","page","type-page","status-publish","has-post-thumbnail","hentry"],"yoast_head":"<!-- This site is optimized with the Yoast SEO plugin v27.2 - https:\/\/yoast.com\/product\/yoast-seo-wordpress\/ -->\n<title>Services m\u00e9dicaux<\/title>\n<meta name=\"robots\" content=\"index, follow, max-snippet:-1, max-image-preview:large, max-video-preview:-1\" \/>\n<link rel=\"canonical\" href=\"https:\/\/medbank.net\/fr\/directions\/\u043c\u0435\u0434\u0438\u0446\u0438\u043d\u0441\u043a\u0438\u0435-\u0443\u0441\u043b\u0443\u0433\u0438\/\" \/>\n<meta property=\"og:locale\" content=\"fr_FR\" \/>\n<meta property=\"og:locale:alternate\" content=\"ru_RU\" \/>\n<meta property=\"og:locale:alternate\" content=\"en_US\" \/>\n<meta property=\"og:type\" content=\"article\" \/>\n<meta property=\"og:title\" content=\"Services m\u00e9dicaux\" \/>\n<meta property=\"og:description\" content=\"Gr\u00e2ce \u00e0 l&#8217;utilisation d&#8217;\u00e9quipements de t\u00e9l\u00e9m\u00e9decine et d&#8217;une plateforme de sant\u00e9 publique centralis\u00e9e, nous r\u00e9alisons des examens \u00e0 distance, garantissant une grande pr\u00e9cision et la transparence l\u00e9gale des services m\u00e9dicaux. Principaux domaines de notre travail Examens m\u00e9dicaux avant d\u00e9part et avant prise de poste et signature \u00e9lectronique Assistance m\u00e9dicale compl\u00e8te pour les entreprises Assistance m\u00e9dicale [&hellip;]\" \/>\n<meta property=\"og:url\" content=\"https:\/\/medbank.net\/fr\/directions\/\u043c\u0435\u0434\u0438\u0446\u0438\u043d\u0441\u043a\u0438\u0435-\u0443\u0441\u043b\u0443\u0433\u0438\/\" \/>\n<meta property=\"og:site_name\" content=\"MEDBANK\" \/>\n<meta property=\"article:modified_time\" content=\"2026-04-14T08:01:32+00:00\" \/>\n<meta property=\"og:image\" content=\"https:\/\/medbank.net\/wp-content\/uploads\/2026\/04\/direction-new.png\" \/>\n\t<meta property=\"og:image:width\" content=\"1536\" \/>\n\t<meta property=\"og:image:height\" content=\"1024\" \/>\n\t<meta property=\"og:image:type\" content=\"image\/png\" \/>\n<meta name=\"twitter:card\" content=\"summary_large_image\" \/>\n<meta name=\"twitter:label1\" content=\"Dur\u00e9e de lecture estim\u00e9e\" \/>\n\t<meta name=\"twitter:data1\" content=\"3 minutes\" \/>\n<script type=\"application\/ld+json\" class=\"yoast-schema-graph\">{\"@context\":\"https:\/\/schema.org\",\"@graph\":[{\"@type\":\"WebPage\",\"@id\":\"https:\/\/medbank.net\/fr\/directions\/%d0%bc%d0%b5%d0%b4%d0%b8%d1%86%d0%b8%d0%bd%d1%81%d0%ba%d0%b8%d0%b5-%d1%83%d1%81%d0%bb%d1%83%d0%b3%d0%b8\/\",\"url\":\"https:\/\/medbank.net\/fr\/directions\/%d0%bc%d0%b5%d0%b4%d0%b8%d1%86%d0%b8%d0%bd%d1%81%d0%ba%d0%b8%d0%b5-%d1%83%d1%81%d0%bb%d1%83%d0%b3%d0%b8\/\",\"name\":\"Services m\u00e9dicaux\",\"isPartOf\":{\"@id\":\"https:\/\/medbank.net\/#website\"},\"primaryImageOfPage\":{\"@id\":\"https:\/\/medbank.net\/fr\/directions\/%d0%bc%d0%b5%d0%b4%d0%b8%d1%86%d0%b8%d0%bd%d1%81%d0%ba%d0%b8%d0%b5-%d1%83%d1%81%d0%bb%d1%83%d0%b3%d0%b8\/#primaryimage\"},\"image\":{\"@id\":\"https:\/\/medbank.net\/fr\/directions\/%d0%bc%d0%b5%d0%b4%d0%b8%d1%86%d0%b8%d0%bd%d1%81%d0%ba%d0%b8%d0%b5-%d1%83%d1%81%d0%bb%d1%83%d0%b3%d0%b8\/#primaryimage\"},\"thumbnailUrl\":\"https:\/\/medbank.net\/wp-content\/uploads\/2026\/04\/direction-new.png\",\"datePublished\":\"2026-03-20T10:27:15+00:00\",\"dateModified\":\"2026-04-14T08:01:32+00:00\",\"breadcrumb\":{\"@id\":\"https:\/\/medbank.net\/fr\/directions\/%d0%bc%d0%b5%d0%b4%d0%b8%d1%86%d0%b8%d0%bd%d1%81%d0%ba%d0%b8%d0%b5-%d1%83%d1%81%d0%bb%d1%83%d0%b3%d0%b8\/#breadcrumb\"},\"inLanguage\":\"fr-FR\",\"potentialAction\":[{\"@type\":\"ReadAction\",\"target\":[\"https:\/\/medbank.net\/fr\/directions\/%d0%bc%d0%b5%d0%b4%d0%b8%d1%86%d0%b8%d0%bd%d1%81%d0%ba%d0%b8%d0%b5-%d1%83%d1%81%d0%bb%d1%83%d0%b3%d0%b8\/\"]}]},{\"@type\":\"ImageObject\",\"inLanguage\":\"fr-FR\",\"@id\":\"https:\/\/medbank.net\/fr\/directions\/%d0%bc%d0%b5%d0%b4%d0%b8%d1%86%d0%b8%d0%bd%d1%81%d0%ba%d0%b8%d0%b5-%d1%83%d1%81%d0%bb%d1%83%d0%b3%d0%b8\/#primaryimage\",\"url\":\"https:\/\/medbank.net\/wp-content\/uploads\/2026\/04\/direction-new.png\",\"contentUrl\":\"https:\/\/medbank.net\/wp-content\/uploads\/2026\/04\/direction-new.png\",\"width\":1536,\"height\":1024},{\"@type\":\"BreadcrumbList\",\"@id\":\"https:\/\/medbank.net\/fr\/directions\/%d0%bc%d0%b5%d0%b4%d0%b8%d1%86%d0%b8%d0%bd%d1%81%d0%ba%d0%b8%d0%b5-%d1%83%d1%81%d0%bb%d1%83%d0%b3%d0%b8\/#breadcrumb\",\"itemListElement\":[{\"@type\":\"ListItem\",\"position\":1,\"name\":\"\u041d\u0430\u043f\u0440\u0430\u0432\u043b\u0435\u043d\u0438\u044f\",\"item\":\"https:\/\/medbank.net\/directions\/\"},{\"@type\":\"ListItem\",\"position\":2,\"name\":\"Services m\u00e9dicaux\"}]},{\"@type\":\"WebSite\",\"@id\":\"https:\/\/medbank.net\/#website\",\"url\":\"https:\/\/medbank.net\/\",\"name\":\"MEDBANK\",\"description\":\"\",\"publisher\":{\"@id\":\"https:\/\/medbank.net\/#organization\"},\"potentialAction\":[{\"@type\":\"SearchAction\",\"target\":{\"@type\":\"EntryPoint\",\"urlTemplate\":\"https:\/\/medbank.net\/?s={search_term_string}\"},\"query-input\":{\"@type\":\"PropertyValueSpecification\",\"valueRequired\":true,\"valueName\":\"search_term_string\"}}],\"inLanguage\":\"fr-FR\"},{\"@type\":\"Organization\",\"@id\":\"https:\/\/medbank.net\/#organization\",\"name\":\"MEDBANK\",\"url\":\"https:\/\/medbank.net\/\",\"logo\":{\"@type\":\"ImageObject\",\"inLanguage\":\"fr-FR\",\"@id\":\"https:\/\/medbank.net\/#\/schema\/logo\/image\/\",\"url\":\"https:\/\/medbank.net\/wp-content\/uploads\/2024\/11\/logo.svg\",\"contentUrl\":\"https:\/\/medbank.net\/wp-content\/uploads\/2024\/11\/logo.svg\",\"width\":230,\"height\":42,\"caption\":\"MEDBANK\"},\"image\":{\"@id\":\"https:\/\/medbank.net\/#\/schema\/logo\/image\/\"}}]}<\/script>\n<!-- \/ Yoast SEO plugin. -->","yoast_head_json":{"title":"Services m\u00e9dicaux","robots":{"index":"index","follow":"follow","max-snippet":"max-snippet:-1","max-image-preview":"max-image-preview:large","max-video-preview":"max-video-preview:-1"},"canonical":"https:\/\/medbank.net\/fr\/directions\/\u043c\u0435\u0434\u0438\u0446\u0438\u043d\u0441\u043a\u0438\u0435-\u0443\u0441\u043b\u0443\u0433\u0438\/","og_locale":"fr_FR","og_type":"article","og_title":"[:ru]\u041c\u0435\u0434\u0438\u0446\u0438\u043d\u0441\u043a\u0438\u0435 \u0443\u0441\u043b\u0443\u0433\u0438[:en]Medical services[:fr]Services m\u00e9dicaux[:] - MEDBANK","og_description":"Gr\u00e2ce \u00e0 l&#8217;utilisation d&#8217;\u00e9quipements de t\u00e9l\u00e9m\u00e9decine et d&#8217;une plateforme de sant\u00e9 publique centralis\u00e9e, nous r\u00e9alisons des examens \u00e0 distance, garantissant une grande pr\u00e9cision et la transparence l\u00e9gale des services m\u00e9dicaux. Principaux domaines de notre travail Examens m\u00e9dicaux avant d\u00e9part et avant prise de poste et signature \u00e9lectronique Assistance m\u00e9dicale compl\u00e8te pour les entreprises Assistance m\u00e9dicale [&hellip;]","og_url":"https:\/\/medbank.net\/fr\/directions\/\u043c\u0435\u0434\u0438\u0446\u0438\u043d\u0441\u043a\u0438\u0435-\u0443\u0441\u043b\u0443\u0433\u0438\/","og_site_name":"MEDBANK","article_modified_time":"2026-04-14T08:01:32+00:00","og_image":[{"width":1536,"height":1024,"url":"https:\/\/medbank.net\/wp-content\/uploads\/2026\/04\/direction-new.png","type":"image\/png"}],"twitter_card":"summary_large_image","twitter_misc":{"Dur\u00e9e de lecture estim\u00e9e":"3 minutes"},"schema":{"@context":"https:\/\/schema.org","@graph":[{"@type":"WebPage","@id":"https:\/\/medbank.net\/fr\/directions\/%d0%bc%d0%b5%d0%b4%d0%b8%d1%86%d0%b8%d0%bd%d1%81%d0%ba%d0%b8%d0%b5-%d1%83%d1%81%d0%bb%d1%83%d0%b3%d0%b8\/","url":"https:\/\/medbank.net\/fr\/directions\/%d0%bc%d0%b5%d0%b4%d0%b8%d1%86%d0%b8%d0%bd%d1%81%d0%ba%d0%b8%d0%b5-%d1%83%d1%81%d0%bb%d1%83%d0%b3%d0%b8\/","name":"Services m\u00e9dicaux","isPartOf":{"@id":"https:\/\/medbank.net\/#website"},"primaryImageOfPage":{"@id":"https:\/\/medbank.net\/fr\/directions\/%d0%bc%d0%b5%d0%b4%d0%b8%d1%86%d0%b8%d0%bd%d1%81%d0%ba%d0%b8%d0%b5-%d1%83%d1%81%d0%bb%d1%83%d0%b3%d0%b8\/#primaryimage"},"image":{"@id":"https:\/\/medbank.net\/fr\/directions\/%d0%bc%d0%b5%d0%b4%d0%b8%d1%86%d0%b8%d0%bd%d1%81%d0%ba%d0%b8%d0%b5-%d1%83%d1%81%d0%bb%d1%83%d0%b3%d0%b8\/#primaryimage"},"thumbnailUrl":"https:\/\/medbank.net\/wp-content\/uploads\/2026\/04\/direction-new.png","datePublished":"2026-03-20T10:27:15+00:00","dateModified":"2026-04-14T08:01:32+00:00","breadcrumb":{"@id":"https:\/\/medbank.net\/fr\/directions\/%d0%bc%d0%b5%d0%b4%d0%b8%d1%86%d0%b8%d0%bd%d1%81%d0%ba%d0%b8%d0%b5-%d1%83%d1%81%d0%bb%d1%83%d0%b3%d0%b8\/#breadcrumb"},"inLanguage":"fr-FR","potentialAction":[{"@type":"ReadAction","target":["https:\/\/medbank.net\/fr\/directions\/%d0%bc%d0%b5%d0%b4%d0%b8%d1%86%d0%b8%d0%bd%d1%81%d0%ba%d0%b8%d0%b5-%d1%83%d1%81%d0%bb%d1%83%d0%b3%d0%b8\/"]}]},{"@type":"ImageObject","inLanguage":"fr-FR","@id":"https:\/\/medbank.net\/fr\/directions\/%d0%bc%d0%b5%d0%b4%d0%b8%d1%86%d0%b8%d0%bd%d1%81%d0%ba%d0%b8%d0%b5-%d1%83%d1%81%d0%bb%d1%83%d0%b3%d0%b8\/#primaryimage","url":"https:\/\/medbank.net\/wp-content\/uploads\/2026\/04\/direction-new.png","contentUrl":"https:\/\/medbank.net\/wp-content\/uploads\/2026\/04\/direction-new.png","width":1536,"height":1024},{"@type":"BreadcrumbList","@id":"https:\/\/medbank.net\/fr\/directions\/%d0%bc%d0%b5%d0%b4%d0%b8%d1%86%d0%b8%d0%bd%d1%81%d0%ba%d0%b8%d0%b5-%d1%83%d1%81%d0%bb%d1%83%d0%b3%d0%b8\/#breadcrumb","itemListElement":[{"@type":"ListItem","position":1,"name":"\u041d\u0430\u043f\u0440\u0430\u0432\u043b\u0435\u043d\u0438\u044f","item":"https:\/\/medbank.net\/directions\/"},{"@type":"ListItem","position":2,"name":"Services m\u00e9dicaux"}]},{"@type":"WebSite","@id":"https:\/\/medbank.net\/#website","url":"https:\/\/medbank.net\/","name":"MEDBANK","description":"","publisher":{"@id":"https:\/\/medbank.net\/#organization"},"potentialAction":[{"@type":"SearchAction","target":{"@type":"EntryPoint","urlTemplate":"https:\/\/medbank.net\/?s={search_term_string}"},"query-input":{"@type":"PropertyValueSpecification","valueRequired":true,"valueName":"search_term_string"}}],"inLanguage":"fr-FR"},{"@type":"Organization","@id":"https:\/\/medbank.net\/#organization","name":"MEDBANK","url":"https:\/\/medbank.net\/","logo":{"@type":"ImageObject","inLanguage":"fr-FR","@id":"https:\/\/medbank.net\/#\/schema\/logo\/image\/","url":"https:\/\/medbank.net\/wp-content\/uploads\/2024\/11\/logo.svg","contentUrl":"https:\/\/medbank.net\/wp-content\/uploads\/2024\/11\/logo.svg","width":230,"height":42,"caption":"MEDBANK"},"image":{"@id":"https:\/\/medbank.net\/#\/schema\/logo\/image\/"}}]}},"acf":[],"_links":{"self":[{"href":"https:\/\/medbank.net\/fr\/wp-json\/wp\/v2\/pages\/891","targetHints":{"allow":["GET"]}}],"collection":[{"href":"https:\/\/medbank.net\/fr\/wp-json\/wp\/v2\/pages"}],"about":[{"href":"https:\/\/medbank.net\/fr\/wp-json\/wp\/v2\/types\/page"}],"author":[{"embeddable":true,"href":"https:\/\/medbank.net\/fr\/wp-json\/wp\/v2\/users\/2"}],"replies":[{"embeddable":true,"href":"https:\/\/medbank.net\/fr\/wp-json\/wp\/v2\/comments?post=891"}],"version-history":[{"count":11,"href":"https:\/\/medbank.net\/fr\/wp-json\/wp\/v2\/pages\/891\/revisions"}],"predecessor-version":[{"id":1404,"href":"https:\/\/medbank.net\/fr\/wp-json\/wp\/v2\/pages\/891\/revisions\/1404"}],"up":[{"embeddable":true,"href":"https:\/\/medbank.net\/fr\/wp-json\/wp\/v2\/pages\/850"}],"wp:featuredmedia":[{"embeddable":true,"href":"https:\/\/medbank.net\/fr\/wp-json\/wp\/v2\/media\/1249"}],"wp:attachment":[{"href":"https:\/\/medbank.net\/fr\/wp-json\/wp\/v2\/media?parent=891"}],"curies":[{"name":"wp","href":"https:\/\/api.w.org\/{rel}","templated":true}]}}