{"id":889,"date":"2026-03-20T13:25:49","date_gmt":"2026-03-20T10:25:49","guid":{"rendered":"https:\/\/medbank.net\/?page_id=889"},"modified":"2026-04-14T10:59:32","modified_gmt":"2026-04-14T07:59:32","slug":"%d1%80%d0%b0%d0%b7%d1%80%d0%b0%d0%b1%d0%be%d1%82%d0%ba%d0%b0-%d0%bf%d0%be","status":"publish","type":"page","link":"https:\/\/medbank.net\/fr\/directions\/%d1%80%d0%b0%d0%b7%d1%80%d0%b0%d0%b1%d0%be%d1%82%d0%ba%d0%b0-%d0%bf%d0%be\/","title":{"rendered":"D\u00e9veloppement logiciel"},"content":{"rendered":"\n<div class=\"wp-block-columns mb-5 is-layout-flex wp-container-core-columns-is-layout-9d6595d7 wp-block-columns-is-layout-flex\">\n<div class=\"wp-block-column card dark is-layout-flow wp-block-column-is-layout-flow\">\n<p>Nous cr\u00e9ons et mettons en \u0153uvre des logiciels, des syst\u00e8mes d&#8217;information et des plateformes num\u00e9riques qui rendent le travail des m\u00e9decins plus efficace et simplifient, s\u00e9curisent et rendent transparentes les interactions entre les patients au sein du syst\u00e8me de sant\u00e9.<\/p>\n<\/div>\n<\/div>\n\n\n\n<div class=\"wp-block-columns is-layout-flex wp-container-core-columns-is-layout-9d6595d7 wp-block-columns-is-layout-flex\">\n<div class=\"wp-block-column is-layout-flow wp-block-column-is-layout-flow\" style=\"flex-basis:100%\">\n<p>Nos solutions offrent une infrastructure compl\u00e8te con\u00e7ue pour s&#8217;int\u00e9grer aux syst\u00e8mes d&#8217;information m\u00e9dicaux et d&#8217;entreprise existants, permettant ainsi la cr\u00e9ation d&#8217;un espace num\u00e9rique unifi\u00e9 et s\u00e9curis\u00e9 pour les cliniques.<\/p>\n<\/div>\n<\/div>\n\n\n\n<figure class=\"wp-block-gallery has-nested-images columns-default is-cropped wp-block-gallery-1 is-layout-flex wp-block-gallery-is-layout-flex\">\n<figure class=\"wp-block-image size-full\"><img loading=\"lazy\" decoding=\"async\" width=\"1535\" height=\"1024\" data-id=\"1024\" src=\"https:\/\/medbank.net\/wp-content\/uploads\/2026\/03\/photo-direction-4-3.webp\" alt=\"\" class=\"wp-image-1024\" srcset=\"https:\/\/medbank.net\/wp-content\/uploads\/2026\/03\/photo-direction-4-3.webp 1535w, https:\/\/medbank.net\/wp-content\/uploads\/2026\/03\/photo-direction-4-3-300x200.webp 300w, https:\/\/medbank.net\/wp-content\/uploads\/2026\/03\/photo-direction-4-3-1024x683.webp 1024w, https:\/\/medbank.net\/wp-content\/uploads\/2026\/03\/photo-direction-4-3-768x512.webp 768w\" sizes=\"auto, (max-width: 1535px) 100vw, 1535px\" \/><\/figure>\n\n\n\n<figure class=\"wp-block-image size-full\"><img loading=\"lazy\" decoding=\"async\" width=\"1536\" height=\"1024\" data-id=\"1026\" src=\"https:\/\/medbank.net\/wp-content\/uploads\/2026\/03\/photo-direction-4-2.webp\" alt=\"\" class=\"wp-image-1026\" srcset=\"https:\/\/medbank.net\/wp-content\/uploads\/2026\/03\/photo-direction-4-2.webp 1536w, https:\/\/medbank.net\/wp-content\/uploads\/2026\/03\/photo-direction-4-2-300x200.webp 300w, https:\/\/medbank.net\/wp-content\/uploads\/2026\/03\/photo-direction-4-2-1024x683.webp 1024w, https:\/\/medbank.net\/wp-content\/uploads\/2026\/03\/photo-direction-4-2-768x512.webp 768w\" sizes=\"auto, (max-width: 1536px) 100vw, 1536px\" \/><\/figure>\n\n\n\n<figure class=\"wp-block-image size-full\"><img loading=\"lazy\" decoding=\"async\" width=\"1536\" height=\"864\" data-id=\"1025\" src=\"https:\/\/medbank.net\/wp-content\/uploads\/2026\/03\/photo-direction-4-1.webp\" alt=\"\" class=\"wp-image-1025\" srcset=\"https:\/\/medbank.net\/wp-content\/uploads\/2026\/03\/photo-direction-4-1.webp 1536w, https:\/\/medbank.net\/wp-content\/uploads\/2026\/03\/photo-direction-4-1-300x169.webp 300w, https:\/\/medbank.net\/wp-content\/uploads\/2026\/03\/photo-direction-4-1-1024x576.webp 1024w, https:\/\/medbank.net\/wp-content\/uploads\/2026\/03\/photo-direction-4-1-768x432.webp 768w\" sizes=\"auto, (max-width: 1536px) 100vw, 1536px\" \/><\/figure>\n<\/figure>\n\n\n\n<h2 class=\"wp-block-heading mb-4\">Avantages et d\u00e9veloppements technologiques:<\/h2>\n\n\n\n<div class=\"wp-block-columns cards mb-5 is-layout-flex wp-container-core-columns-is-layout-9d6595d7 wp-block-columns-is-layout-flex\">\n<div class=\"wp-block-column card gray is-layout-flow wp-block-column-is-layout-flow\">\n<figure class=\"wp-block-image size-large\"><img loading=\"lazy\" decoding=\"async\" width=\"32\" height=\"32\" src=\"https:\/\/medbank.net\/wp-content\/uploads\/2026\/03\/icon-directions-1-2.svg\" alt=\"\" class=\"wp-image-968\"\/><\/figure>\n\n\n\n<h5 class=\"wp-block-heading mb-3\">S\u00e9curit\u00e9 des donn\u00e9es<\/h5>\n\n\n\n<p>L&#8217;entreprise assure une protection maximale des informations sensibles gr\u00e2ce \u00e0 un environnement de stockage de donn\u00e9es personnelles s\u00e9curis\u00e9 et \u00e0 un canal de transmission crypt\u00e9 utilisant la norme moderne TLS v1.2.<\/p>\n<\/div>\n\n\n\n<div class=\"wp-block-column card gray is-layout-flow wp-block-column-is-layout-flow\">\n<figure class=\"wp-block-image size-large\"><img loading=\"lazy\" decoding=\"async\" width=\"32\" height=\"32\" src=\"https:\/\/medbank.net\/wp-content\/uploads\/2026\/03\/icon-directions-1-7.svg\" alt=\"\" class=\"wp-image-1016\"\/><\/figure>\n\n\n\n<h5 class=\"wp-block-heading mb-3\">Facilit\u00e9 d&#8217;utilisation<\/h5>\n\n\n\n<p>Une attention particuli\u00e8re est port\u00e9e \u00e0 l&#8217;exp\u00e9rience utilisateur. Dime\u0441o-IT d\u00e9veloppe des interfaces intuitives tant pour les professionnels de sant\u00e9 (m\u00e9decins) que pour les patients.<\/p>\n<\/div>\n\n\n\n<div class=\"wp-block-column card gray is-layout-flow wp-block-column-is-layout-flow\">\n<figure class=\"wp-block-image size-large\"><img loading=\"lazy\" decoding=\"async\" width=\"32\" height=\"32\" src=\"https:\/\/medbank.net\/wp-content\/uploads\/2026\/03\/icon-directions-1-8-1.svg\" alt=\"\" class=\"wp-image-1019\"\/><\/figure>\n\n\n\n<h5 class=\"wp-block-heading mb-3\">Optimisation de l&#8217;infrastructure<\/h5>\n\n\n\n<p>La solution propos\u00e9e par l&#8217;entreprise contribue \u00e0 optimiser l&#8217;infrastructure informatique des organisations m\u00e9dicales, en soutenant efficacement le travail des cliniques centralis\u00e9es ainsi que celui des employ\u00e9s et m\u00e9decins travaillant \u00e0 distance.<\/p>\n<\/div>\n<\/div>\n\n\n\n<h2 class=\"wp-block-heading mb-4\">Nous op\u00e9rons dans le cadre l\u00e9gal et respectons toutes les exigences r\u00e9glementaires:<\/h2>\n\n\n\n<ul class=\"wp-block-list checked\">\n<li>Inscrite au registre des entreprises informatiques accr\u00e9dit\u00e9es.<\/li>\n\n\n\n<li>Enregistr\u00e9 au registre des logiciels du minist\u00e8re du D\u00e9veloppement num\u00e9rique, des Communications et des M\u00e9dias de masse de la F\u00e9d\u00e9ration de Russie.<\/li>\n<\/ul>\n\n\n\n<p>L&#8217;entreprise fournit non seulement les bases technologiques de l&#8217;innovation m\u00e9dicale, mais s&#8217;efforce \u00e9galement de b\u00e2tir la confiance des patients gr\u00e2ce \u00e0 la s\u00e9curit\u00e9, au respect de normes \u00e9lev\u00e9es et \u00e0 la transparence de tous les processus num\u00e9riques.<\/p>\n","protected":false},"excerpt":{"rendered":"<p>Nous cr\u00e9ons et mettons en \u0153uvre des logiciels, des syst\u00e8mes d&#8217;information et des plateformes num\u00e9riques qui rendent le travail des m\u00e9decins plus efficace et simplifient, s\u00e9curisent et rendent transparentes les interactions entre les patients au sein du syst\u00e8me de sant\u00e9. Nos solutions offrent une infrastructure compl\u00e8te con\u00e7ue pour s&#8217;int\u00e9grer aux syst\u00e8mes d&#8217;information m\u00e9dicaux et d&#8217;entreprise [&hellip;]<\/p>\n","protected":false},"author":2,"featured_media":910,"parent":850,"menu_order":13,"comment_status":"closed","ping_status":"closed","template":"templates\/template-page-directions-single.php","meta":{"_acf_changed":false,"inline_featured_image":false,"footnotes":""},"class_list":["post-889","page","type-page","status-publish","has-post-thumbnail","hentry"],"yoast_head":"<!-- This site is optimized with the Yoast SEO plugin v27.2 - https:\/\/yoast.com\/product\/yoast-seo-wordpress\/ -->\n<title>D\u00e9veloppement logiciel<\/title>\n<meta name=\"robots\" content=\"index, follow, max-snippet:-1, max-image-preview:large, max-video-preview:-1\" \/>\n<link rel=\"canonical\" href=\"https:\/\/medbank.net\/fr\/directions\/\u0440\u0430\u0437\u0440\u0430\u0431\u043e\u0442\u043a\u0430-\u043f\u043e\/\" \/>\n<meta property=\"og:locale\" content=\"fr_FR\" \/>\n<meta property=\"og:locale:alternate\" content=\"ru_RU\" \/>\n<meta property=\"og:locale:alternate\" content=\"en_US\" \/>\n<meta property=\"og:type\" content=\"article\" \/>\n<meta property=\"og:title\" content=\"D\u00e9veloppement logiciel\" \/>\n<meta property=\"og:description\" content=\"Nous cr\u00e9ons et mettons en \u0153uvre des logiciels, des syst\u00e8mes d&#8217;information et des plateformes num\u00e9riques qui rendent le travail des m\u00e9decins plus efficace et simplifient, s\u00e9curisent et rendent transparentes les interactions entre les patients au sein du syst\u00e8me de sant\u00e9. Nos solutions offrent une infrastructure compl\u00e8te con\u00e7ue pour s&#8217;int\u00e9grer aux syst\u00e8mes d&#8217;information m\u00e9dicaux et d&#8217;entreprise [&hellip;]\" \/>\n<meta property=\"og:url\" content=\"https:\/\/medbank.net\/fr\/directions\/\u0440\u0430\u0437\u0440\u0430\u0431\u043e\u0442\u043a\u0430-\u043f\u043e\/\" \/>\n<meta property=\"og:site_name\" content=\"MEDBANK\" \/>\n<meta property=\"article:modified_time\" content=\"2026-04-14T07:59:32+00:00\" \/>\n<meta property=\"og:image\" content=\"https:\/\/medbank.net\/wp-content\/uploads\/2026\/03\/directions-4.webp\" \/>\n\t<meta property=\"og:image:width\" content=\"1024\" \/>\n\t<meta property=\"og:image:height\" content=\"1024\" \/>\n\t<meta property=\"og:image:type\" content=\"image\/webp\" \/>\n<meta name=\"twitter:card\" content=\"summary_large_image\" \/>\n<meta name=\"twitter:label1\" content=\"Dur\u00e9e de lecture estim\u00e9e\" \/>\n\t<meta name=\"twitter:data1\" content=\"3 minutes\" \/>\n<script type=\"application\/ld+json\" class=\"yoast-schema-graph\">{\"@context\":\"https:\/\/schema.org\",\"@graph\":[{\"@type\":\"WebPage\",\"@id\":\"https:\/\/medbank.net\/fr\/directions\/%d1%80%d0%b0%d0%b7%d1%80%d0%b0%d0%b1%d0%be%d1%82%d0%ba%d0%b0-%d0%bf%d0%be\/\",\"url\":\"https:\/\/medbank.net\/fr\/directions\/%d1%80%d0%b0%d0%b7%d1%80%d0%b0%d0%b1%d0%be%d1%82%d0%ba%d0%b0-%d0%bf%d0%be\/\",\"name\":\"D\u00e9veloppement logiciel\",\"isPartOf\":{\"@id\":\"https:\/\/medbank.net\/#website\"},\"primaryImageOfPage\":{\"@id\":\"https:\/\/medbank.net\/fr\/directions\/%d1%80%d0%b0%d0%b7%d1%80%d0%b0%d0%b1%d0%be%d1%82%d0%ba%d0%b0-%d0%bf%d0%be\/#primaryimage\"},\"image\":{\"@id\":\"https:\/\/medbank.net\/fr\/directions\/%d1%80%d0%b0%d0%b7%d1%80%d0%b0%d0%b1%d0%be%d1%82%d0%ba%d0%b0-%d0%bf%d0%be\/#primaryimage\"},\"thumbnailUrl\":\"https:\/\/medbank.net\/wp-content\/uploads\/2026\/03\/directions-4.webp\",\"datePublished\":\"2026-03-20T10:25:49+00:00\",\"dateModified\":\"2026-04-14T07:59:32+00:00\",\"breadcrumb\":{\"@id\":\"https:\/\/medbank.net\/fr\/directions\/%d1%80%d0%b0%d0%b7%d1%80%d0%b0%d0%b1%d0%be%d1%82%d0%ba%d0%b0-%d0%bf%d0%be\/#breadcrumb\"},\"inLanguage\":\"fr-FR\",\"potentialAction\":[{\"@type\":\"ReadAction\",\"target\":[\"https:\/\/medbank.net\/fr\/directions\/%d1%80%d0%b0%d0%b7%d1%80%d0%b0%d0%b1%d0%be%d1%82%d0%ba%d0%b0-%d0%bf%d0%be\/\"]}]},{\"@type\":\"ImageObject\",\"inLanguage\":\"fr-FR\",\"@id\":\"https:\/\/medbank.net\/fr\/directions\/%d1%80%d0%b0%d0%b7%d1%80%d0%b0%d0%b1%d0%be%d1%82%d0%ba%d0%b0-%d0%bf%d0%be\/#primaryimage\",\"url\":\"https:\/\/medbank.net\/wp-content\/uploads\/2026\/03\/directions-4.webp\",\"contentUrl\":\"https:\/\/medbank.net\/wp-content\/uploads\/2026\/03\/directions-4.webp\",\"width\":1024,\"height\":1024},{\"@type\":\"BreadcrumbList\",\"@id\":\"https:\/\/medbank.net\/fr\/directions\/%d1%80%d0%b0%d0%b7%d1%80%d0%b0%d0%b1%d0%be%d1%82%d0%ba%d0%b0-%d0%bf%d0%be\/#breadcrumb\",\"itemListElement\":[{\"@type\":\"ListItem\",\"position\":1,\"name\":\"\u041d\u0430\u043f\u0440\u0430\u0432\u043b\u0435\u043d\u0438\u044f\",\"item\":\"https:\/\/medbank.net\/directions\/\"},{\"@type\":\"ListItem\",\"position\":2,\"name\":\"D\u00e9veloppement logiciel\"}]},{\"@type\":\"WebSite\",\"@id\":\"https:\/\/medbank.net\/#website\",\"url\":\"https:\/\/medbank.net\/\",\"name\":\"MEDBANK\",\"description\":\"\",\"publisher\":{\"@id\":\"https:\/\/medbank.net\/#organization\"},\"potentialAction\":[{\"@type\":\"SearchAction\",\"target\":{\"@type\":\"EntryPoint\",\"urlTemplate\":\"https:\/\/medbank.net\/?s={search_term_string}\"},\"query-input\":{\"@type\":\"PropertyValueSpecification\",\"valueRequired\":true,\"valueName\":\"search_term_string\"}}],\"inLanguage\":\"fr-FR\"},{\"@type\":\"Organization\",\"@id\":\"https:\/\/medbank.net\/#organization\",\"name\":\"MEDBANK\",\"url\":\"https:\/\/medbank.net\/\",\"logo\":{\"@type\":\"ImageObject\",\"inLanguage\":\"fr-FR\",\"@id\":\"https:\/\/medbank.net\/#\/schema\/logo\/image\/\",\"url\":\"https:\/\/medbank.net\/wp-content\/uploads\/2024\/11\/logo.svg\",\"contentUrl\":\"https:\/\/medbank.net\/wp-content\/uploads\/2024\/11\/logo.svg\",\"width\":230,\"height\":42,\"caption\":\"MEDBANK\"},\"image\":{\"@id\":\"https:\/\/medbank.net\/#\/schema\/logo\/image\/\"}}]}<\/script>\n<!-- \/ Yoast SEO plugin. -->","yoast_head_json":{"title":"D\u00e9veloppement logiciel","robots":{"index":"index","follow":"follow","max-snippet":"max-snippet:-1","max-image-preview":"max-image-preview:large","max-video-preview":"max-video-preview:-1"},"canonical":"https:\/\/medbank.net\/fr\/directions\/\u0440\u0430\u0437\u0440\u0430\u0431\u043e\u0442\u043a\u0430-\u043f\u043e\/","og_locale":"fr_FR","og_type":"article","og_title":"[:ru]\u0420\u0430\u0437\u0440\u0430\u0431\u043e\u0442\u043a\u0430 \u041f\u041e[:en]Software development[:fr]D\u00e9veloppement logiciel[:] - MEDBANK","og_description":"Nous cr\u00e9ons et mettons en \u0153uvre des logiciels, des syst\u00e8mes d&#8217;information et des plateformes num\u00e9riques qui rendent le travail des m\u00e9decins plus efficace et simplifient, s\u00e9curisent et rendent transparentes les interactions entre les patients au sein du syst\u00e8me de sant\u00e9. Nos solutions offrent une infrastructure compl\u00e8te con\u00e7ue pour s&#8217;int\u00e9grer aux syst\u00e8mes d&#8217;information m\u00e9dicaux et d&#8217;entreprise [&hellip;]","og_url":"https:\/\/medbank.net\/fr\/directions\/\u0440\u0430\u0437\u0440\u0430\u0431\u043e\u0442\u043a\u0430-\u043f\u043e\/","og_site_name":"MEDBANK","article_modified_time":"2026-04-14T07:59:32+00:00","og_image":[{"width":1024,"height":1024,"url":"https:\/\/medbank.net\/wp-content\/uploads\/2026\/03\/directions-4.webp","type":"image\/webp"}],"twitter_card":"summary_large_image","twitter_misc":{"Dur\u00e9e de lecture estim\u00e9e":"3 minutes"},"schema":{"@context":"https:\/\/schema.org","@graph":[{"@type":"WebPage","@id":"https:\/\/medbank.net\/fr\/directions\/%d1%80%d0%b0%d0%b7%d1%80%d0%b0%d0%b1%d0%be%d1%82%d0%ba%d0%b0-%d0%bf%d0%be\/","url":"https:\/\/medbank.net\/fr\/directions\/%d1%80%d0%b0%d0%b7%d1%80%d0%b0%d0%b1%d0%be%d1%82%d0%ba%d0%b0-%d0%bf%d0%be\/","name":"D\u00e9veloppement logiciel","isPartOf":{"@id":"https:\/\/medbank.net\/#website"},"primaryImageOfPage":{"@id":"https:\/\/medbank.net\/fr\/directions\/%d1%80%d0%b0%d0%b7%d1%80%d0%b0%d0%b1%d0%be%d1%82%d0%ba%d0%b0-%d0%bf%d0%be\/#primaryimage"},"image":{"@id":"https:\/\/medbank.net\/fr\/directions\/%d1%80%d0%b0%d0%b7%d1%80%d0%b0%d0%b1%d0%be%d1%82%d0%ba%d0%b0-%d0%bf%d0%be\/#primaryimage"},"thumbnailUrl":"https:\/\/medbank.net\/wp-content\/uploads\/2026\/03\/directions-4.webp","datePublished":"2026-03-20T10:25:49+00:00","dateModified":"2026-04-14T07:59:32+00:00","breadcrumb":{"@id":"https:\/\/medbank.net\/fr\/directions\/%d1%80%d0%b0%d0%b7%d1%80%d0%b0%d0%b1%d0%be%d1%82%d0%ba%d0%b0-%d0%bf%d0%be\/#breadcrumb"},"inLanguage":"fr-FR","potentialAction":[{"@type":"ReadAction","target":["https:\/\/medbank.net\/fr\/directions\/%d1%80%d0%b0%d0%b7%d1%80%d0%b0%d0%b1%d0%be%d1%82%d0%ba%d0%b0-%d0%bf%d0%be\/"]}]},{"@type":"ImageObject","inLanguage":"fr-FR","@id":"https:\/\/medbank.net\/fr\/directions\/%d1%80%d0%b0%d0%b7%d1%80%d0%b0%d0%b1%d0%be%d1%82%d0%ba%d0%b0-%d0%bf%d0%be\/#primaryimage","url":"https:\/\/medbank.net\/wp-content\/uploads\/2026\/03\/directions-4.webp","contentUrl":"https:\/\/medbank.net\/wp-content\/uploads\/2026\/03\/directions-4.webp","width":1024,"height":1024},{"@type":"BreadcrumbList","@id":"https:\/\/medbank.net\/fr\/directions\/%d1%80%d0%b0%d0%b7%d1%80%d0%b0%d0%b1%d0%be%d1%82%d0%ba%d0%b0-%d0%bf%d0%be\/#breadcrumb","itemListElement":[{"@type":"ListItem","position":1,"name":"\u041d\u0430\u043f\u0440\u0430\u0432\u043b\u0435\u043d\u0438\u044f","item":"https:\/\/medbank.net\/directions\/"},{"@type":"ListItem","position":2,"name":"D\u00e9veloppement logiciel"}]},{"@type":"WebSite","@id":"https:\/\/medbank.net\/#website","url":"https:\/\/medbank.net\/","name":"MEDBANK","description":"","publisher":{"@id":"https:\/\/medbank.net\/#organization"},"potentialAction":[{"@type":"SearchAction","target":{"@type":"EntryPoint","urlTemplate":"https:\/\/medbank.net\/?s={search_term_string}"},"query-input":{"@type":"PropertyValueSpecification","valueRequired":true,"valueName":"search_term_string"}}],"inLanguage":"fr-FR"},{"@type":"Organization","@id":"https:\/\/medbank.net\/#organization","name":"MEDBANK","url":"https:\/\/medbank.net\/","logo":{"@type":"ImageObject","inLanguage":"fr-FR","@id":"https:\/\/medbank.net\/#\/schema\/logo\/image\/","url":"https:\/\/medbank.net\/wp-content\/uploads\/2024\/11\/logo.svg","contentUrl":"https:\/\/medbank.net\/wp-content\/uploads\/2024\/11\/logo.svg","width":230,"height":42,"caption":"MEDBANK"},"image":{"@id":"https:\/\/medbank.net\/#\/schema\/logo\/image\/"}}]}},"acf":[],"_links":{"self":[{"href":"https:\/\/medbank.net\/fr\/wp-json\/wp\/v2\/pages\/889","targetHints":{"allow":["GET"]}}],"collection":[{"href":"https:\/\/medbank.net\/fr\/wp-json\/wp\/v2\/pages"}],"about":[{"href":"https:\/\/medbank.net\/fr\/wp-json\/wp\/v2\/types\/page"}],"author":[{"embeddable":true,"href":"https:\/\/medbank.net\/fr\/wp-json\/wp\/v2\/users\/2"}],"replies":[{"embeddable":true,"href":"https:\/\/medbank.net\/fr\/wp-json\/wp\/v2\/comments?post=889"}],"version-history":[{"count":13,"href":"https:\/\/medbank.net\/fr\/wp-json\/wp\/v2\/pages\/889\/revisions"}],"predecessor-version":[{"id":1402,"href":"https:\/\/medbank.net\/fr\/wp-json\/wp\/v2\/pages\/889\/revisions\/1402"}],"up":[{"embeddable":true,"href":"https:\/\/medbank.net\/fr\/wp-json\/wp\/v2\/pages\/850"}],"wp:featuredmedia":[{"embeddable":true,"href":"https:\/\/medbank.net\/fr\/wp-json\/wp\/v2\/media\/910"}],"wp:attachment":[{"href":"https:\/\/medbank.net\/fr\/wp-json\/wp\/v2\/media?parent=889"}],"curies":[{"name":"wp","href":"https:\/\/api.w.org\/{rel}","templated":true}]}}