{"id":886,"date":"2026-03-20T13:24:08","date_gmt":"2026-03-20T10:24:08","guid":{"rendered":"https:\/\/medbank.net\/?page_id=886"},"modified":"2026-04-14T10:57:27","modified_gmt":"2026-04-14T07:57:27","slug":"rd-%d1%80%d0%b0%d0%b7%d1%80%d0%b0%d0%b1%d0%be%d1%82%d0%ba%d0%b0-%d0%be%d0%b1%d0%be%d1%80%d1%83%d0%b4%d0%be%d0%b2%d0%b0%d0%bd%d0%b8%d1%8f","status":"publish","type":"page","link":"https:\/\/medbank.net\/fr\/directions\/rd-%d1%80%d0%b0%d0%b7%d1%80%d0%b0%d0%b1%d0%be%d1%82%d0%ba%d0%b0-%d0%be%d0%b1%d0%be%d1%80%d1%83%d0%b4%d0%be%d0%b2%d0%b0%d0%bd%d0%b8%d1%8f\/","title":{"rendered":"R&#038;D D\u00e9veloppement d&#8217;\u00e9quipements"},"content":{"rendered":"\n<div class=\"wp-block-columns is-layout-flex wp-container-core-columns-is-layout-9d6595d7 wp-block-columns-is-layout-flex\">\n<div class=\"wp-block-column card dark is-layout-flow wp-block-column-is-layout-flow\">\n<p>Notre objectif principal est d&#8217;am\u00e9liorer la qualit\u00e9 des services m\u00e9dicaux et d&#8217;optimiser les flux de travail gr\u00e2ce \u00e0 des technologies de pointe. Nous ne nous contentons pas de copier des solutions existantes, mais cr\u00e9ons des produits enti\u00e8rement nouveaux, en d\u00e9veloppant notre propre infrastructure technologique.<\/p>\n<\/div>\n<\/div>\n\n\n\n<h2 class=\"wp-block-heading mb-4\">Cette approche permet<\/h2>\n\n\n\n<div class=\"wp-block-columns cards mb-5 is-layout-flex wp-container-core-columns-is-layout-9d6595d7 wp-block-columns-is-layout-flex\">\n<div class=\"wp-block-column card gray is-layout-flow wp-block-column-is-layout-flow\">\n<figure class=\"wp-block-image size-large\"><img loading=\"lazy\" decoding=\"async\" width=\"32\" height=\"32\" src=\"https:\/\/medbank.net\/wp-content\/uploads\/2026\/03\/icon-directions-1-5.svg\" alt=\"\" class=\"wp-image-988\"\/><\/figure>\n\n\n\n<h5 class=\"wp-block-heading mb-3\">De breveter une invention<\/h5>\n\n\n\n<p>Les solutions uniques sont prot\u00e9g\u00e9es par la propri\u00e9t\u00e9 intellectuelle, ce qui renforce les positions concurrentielles.<\/p>\n<\/div>\n\n\n\n<div class=\"wp-block-column card gray is-layout-flow wp-block-column-is-layout-flow\">\n<figure class=\"wp-block-image size-large\"><img loading=\"lazy\" decoding=\"async\" width=\"32\" height=\"32\" src=\"https:\/\/medbank.net\/wp-content\/uploads\/2026\/03\/icon-directions-1-6.svg\" alt=\"\" class=\"wp-image-989\"\/><\/figure>\n\n\n\n<h5 class=\"wp-block-heading mb-3\">D&#8217;adapter les technologies \u00e0 diff\u00e9rentes t\u00e2ches<\/h5>\n\n\n\n<p>Cette technologie s&#8217;adapte facilement aux besoins sp\u00e9cifiques des \u00e9tablissements m\u00e9dicaux de diff\u00e9rents niveaux et aux t\u00e2ches de surveillance de la sant\u00e9 \u00e0 domicile.<\/p>\n<\/div>\n\n\n\n<div class=\"wp-block-column card gray is-layout-flow wp-block-column-is-layout-flow\">\n<figure class=\"wp-block-image size-large\"><img loading=\"lazy\" decoding=\"async\" width=\"32\" height=\"32\" src=\"https:\/\/medbank.net\/wp-content\/uploads\/2026\/03\/icon-directions-1-3.svg\" alt=\"\" class=\"wp-image-967\"\/><\/figure>\n\n\n\n<h5 class=\"wp-block-heading mb-3\">D&#8217;assurer l&#8217;int\u00e9gration des syst\u00e8mes<\/h5>\n\n\n\n<p>Tous les composants et syst\u00e8mes sont compatibles entre eux, ce qui simplifie la mise en \u0153uvre et l&#8217;exploitation.<\/p>\n<\/div>\n<\/div>\n\n\n\n<div class=\"wp-block-columns is-layout-flex wp-container-core-columns-is-layout-9d6595d7 wp-block-columns-is-layout-flex\">\n<div class=\"wp-block-column is-layout-flow wp-block-column-is-layout-flow\">\n<p>Notre centre m\u00e8ne des recherches scientifiques dans les domaines de l&#8217;IA, de l&#8217;apprentissage automatique et de la robotique m\u00e9dicale, con\u00e7oit et prototype de nouveaux dispositifs, puis teste les solutions finales dans des conditions aussi proches que possible de la r\u00e9alit\u00e9.<\/p>\n<\/div>\n<\/div>\n\n\n\n<figure class=\"wp-block-gallery has-nested-images columns-default is-cropped wp-block-gallery-1 is-layout-flex wp-block-gallery-is-layout-flex\">\n<figure class=\"wp-block-image size-full\"><img loading=\"lazy\" decoding=\"async\" width=\"1536\" height=\"1024\" data-id=\"1006\" src=\"https:\/\/medbank.net\/wp-content\/uploads\/2026\/03\/photo-directions-3-1.webp\" alt=\"\" class=\"wp-image-1006\" srcset=\"https:\/\/medbank.net\/wp-content\/uploads\/2026\/03\/photo-directions-3-1.webp 1536w, https:\/\/medbank.net\/wp-content\/uploads\/2026\/03\/photo-directions-3-1-300x200.webp 300w, https:\/\/medbank.net\/wp-content\/uploads\/2026\/03\/photo-directions-3-1-1024x683.webp 1024w, https:\/\/medbank.net\/wp-content\/uploads\/2026\/03\/photo-directions-3-1-768x512.webp 768w\" sizes=\"auto, (max-width: 1536px) 100vw, 1536px\" \/><\/figure>\n\n\n\n<figure class=\"wp-block-image size-full\"><img loading=\"lazy\" decoding=\"async\" width=\"1536\" height=\"1024\" data-id=\"1236\" src=\"https:\/\/medbank.net\/wp-content\/uploads\/2026\/03\/direction-3new.png\" alt=\"\" class=\"wp-image-1236\" srcset=\"https:\/\/medbank.net\/wp-content\/uploads\/2026\/03\/direction-3new.png 1536w, https:\/\/medbank.net\/wp-content\/uploads\/2026\/03\/direction-3new-300x200.png 300w, https:\/\/medbank.net\/wp-content\/uploads\/2026\/03\/direction-3new-1024x683.png 1024w, https:\/\/medbank.net\/wp-content\/uploads\/2026\/03\/direction-3new-768x512.png 768w\" sizes=\"auto, (max-width: 1536px) 100vw, 1536px\" \/><\/figure>\n\n\n\n<figure class=\"wp-block-image size-full\"><img loading=\"lazy\" decoding=\"async\" width=\"1536\" height=\"1024\" data-id=\"1005\" src=\"https:\/\/medbank.net\/wp-content\/uploads\/2026\/03\/photo-directions-3-3.webp\" alt=\"\" class=\"wp-image-1005\" srcset=\"https:\/\/medbank.net\/wp-content\/uploads\/2026\/03\/photo-directions-3-3.webp 1536w, https:\/\/medbank.net\/wp-content\/uploads\/2026\/03\/photo-directions-3-3-300x200.webp 300w, https:\/\/medbank.net\/wp-content\/uploads\/2026\/03\/photo-directions-3-3-1024x683.webp 1024w, https:\/\/medbank.net\/wp-content\/uploads\/2026\/03\/photo-directions-3-3-768x512.webp 768w\" sizes=\"auto, (max-width: 1536px) 100vw, 1536px\" \/><\/figure>\n<\/figure>\n\n\n\n<h2 class=\"wp-block-heading\">Principaux axes de d\u00e9veloppement<\/h2>\n\n\n\n<div class=\"wp-block-columns cards mb-5 is-layout-flex wp-container-core-columns-is-layout-9d6595d7 wp-block-columns-is-layout-flex\">\n<div class=\"wp-block-column card gray is-layout-flow wp-block-column-is-layout-flow\">\n<h5 class=\"wp-block-heading mb-3\">Syst\u00e8me de surveillance de la sant\u00e9 \u00e0 distance<\/h5>\n\n\n\n<p>Solutions pour la surveillance continue des patients avec stockage et transmission des donn\u00e9es aux \u00e9tablissements m\u00e9dicaux.<\/p>\n<\/div>\n\n\n\n<div class=\"wp-block-column card gray is-layout-flow wp-block-column-is-layout-flow\">\n<h5 class=\"wp-block-heading mb-3\">Syst\u00e8mes de contr\u00f4le d&#8217;acc\u00e8s automatis\u00e9s<\/h5>\n\n\n\n<p>Int\u00e9gration des capteurs m\u00e9dicaux (thermom\u00e8tres, tonom\u00e8tre, \u00e9thylom\u00e8tres) dans les syst\u00e8mes de s\u00e9curit\u00e9 d&#8217;entreprise afin d&#8217;identifier rapidement toute anomalie dans la sant\u00e9 des employ\u00e9s.<\/p>\n<\/div>\n\n\n\n<div class=\"wp-block-column card gray is-layout-flow wp-block-column-is-layout-flow\">\n<h5 class=\"wp-block-heading mb-3\">Assistants robotis\u00e9s pour la m\u00e9decine<\/h5>\n\n\n\n<p>D\u00e9veloppement de dispositifs qui facilitent le travail du personnel: de la logistique hospitali\u00e8re \u00e0 l&#8217;aide \u00e0 la r\u00e9adaptation.<\/p>\n<\/div>\n<\/div>\n\n\n\n<div class=\"wp-block-columns is-layout-flex wp-container-core-columns-is-layout-9d6595d7 wp-block-columns-is-layout-flex\">\n<div class=\"wp-block-column card dark is-layout-flow wp-block-column-is-layout-flow\">\n<p>Notre principal atout r\u00e9side dans notre \u00e9quipe d&#8217;experts, compos\u00e9e d&#8217;ing\u00e9nieurs, de programmeurs, de m\u00e9decins et de chercheurs, unis par un objectif commun: rendre la sant\u00e9 publique moderne, accessible et efficace.<\/p>\n<\/div>\n<\/div>\n","protected":false},"excerpt":{"rendered":"<p>Notre objectif principal est d&#8217;am\u00e9liorer la qualit\u00e9 des services m\u00e9dicaux et d&#8217;optimiser les flux de travail gr\u00e2ce \u00e0 des technologies de pointe. Nous ne nous contentons pas de copier des solutions existantes, mais cr\u00e9ons des produits enti\u00e8rement nouveaux, en d\u00e9veloppant notre propre infrastructure technologique. Cette approche permet De breveter une invention Les solutions uniques sont [&hellip;]<\/p>\n","protected":false},"author":2,"featured_media":1007,"parent":850,"menu_order":12,"comment_status":"closed","ping_status":"closed","template":"templates\/template-page-directions-single.php","meta":{"_acf_changed":false,"inline_featured_image":false,"footnotes":""},"class_list":["post-886","page","type-page","status-publish","has-post-thumbnail","hentry"],"yoast_head":"<!-- This site is optimized with the Yoast SEO plugin v27.2 - https:\/\/yoast.com\/product\/yoast-seo-wordpress\/ -->\n<title>R&amp;D D\u00e9veloppement d&#039;\u00e9quipements<\/title>\n<meta name=\"robots\" content=\"index, follow, max-snippet:-1, max-image-preview:large, max-video-preview:-1\" \/>\n<link rel=\"canonical\" href=\"https:\/\/medbank.net\/fr\/directions\/rd-\u0440\u0430\u0437\u0440\u0430\u0431\u043e\u0442\u043a\u0430-\u043e\u0431\u043e\u0440\u0443\u0434\u043e\u0432\u0430\u043d\u0438\u044f\/\" \/>\n<meta property=\"og:locale\" content=\"fr_FR\" \/>\n<meta property=\"og:locale:alternate\" content=\"ru_RU\" \/>\n<meta property=\"og:locale:alternate\" content=\"en_US\" \/>\n<meta property=\"og:type\" content=\"article\" \/>\n<meta property=\"og:title\" content=\"R&amp;D D\u00e9veloppement d&#039;\u00e9quipements\" \/>\n<meta property=\"og:description\" content=\"Notre objectif principal est d&#8217;am\u00e9liorer la qualit\u00e9 des services m\u00e9dicaux et d&#8217;optimiser les flux de travail gr\u00e2ce \u00e0 des technologies de pointe. Nous ne nous contentons pas de copier des solutions existantes, mais cr\u00e9ons des produits enti\u00e8rement nouveaux, en d\u00e9veloppant notre propre infrastructure technologique. Cette approche permet De breveter une invention Les solutions uniques sont [&hellip;]\" \/>\n<meta property=\"og:url\" content=\"https:\/\/medbank.net\/fr\/directions\/rd-\u0440\u0430\u0437\u0440\u0430\u0431\u043e\u0442\u043a\u0430-\u043e\u0431\u043e\u0440\u0443\u0434\u043e\u0432\u0430\u043d\u0438\u044f\/\" \/>\n<meta property=\"og:site_name\" content=\"MEDBANK\" \/>\n<meta property=\"article:modified_time\" content=\"2026-04-14T07:57:27+00:00\" \/>\n<meta property=\"og:image\" content=\"https:\/\/medbank.net\/wp-content\/uploads\/2026\/03\/photo-directions-3-2.webp\" \/>\n\t<meta property=\"og:image:width\" content=\"1536\" \/>\n\t<meta property=\"og:image:height\" content=\"1024\" \/>\n\t<meta property=\"og:image:type\" content=\"image\/webp\" \/>\n<meta name=\"twitter:card\" content=\"summary_large_image\" \/>\n<meta name=\"twitter:label1\" content=\"Dur\u00e9e de lecture estim\u00e9e\" \/>\n\t<meta name=\"twitter:data1\" content=\"3 minutes\" \/>\n<script type=\"application\/ld+json\" class=\"yoast-schema-graph\">{\"@context\":\"https:\/\/schema.org\",\"@graph\":[{\"@type\":\"WebPage\",\"@id\":\"https:\/\/medbank.net\/fr\/directions\/rd-%d1%80%d0%b0%d0%b7%d1%80%d0%b0%d0%b1%d0%be%d1%82%d0%ba%d0%b0-%d0%be%d0%b1%d0%be%d1%80%d1%83%d0%b4%d0%be%d0%b2%d0%b0%d0%bd%d0%b8%d1%8f\/\",\"url\":\"https:\/\/medbank.net\/fr\/directions\/rd-%d1%80%d0%b0%d0%b7%d1%80%d0%b0%d0%b1%d0%be%d1%82%d0%ba%d0%b0-%d0%be%d0%b1%d0%be%d1%80%d1%83%d0%b4%d0%be%d0%b2%d0%b0%d0%bd%d0%b8%d1%8f\/\",\"name\":\"R&D D\u00e9veloppement d'\u00e9quipements\",\"isPartOf\":{\"@id\":\"https:\/\/medbank.net\/#website\"},\"primaryImageOfPage\":{\"@id\":\"https:\/\/medbank.net\/fr\/directions\/rd-%d1%80%d0%b0%d0%b7%d1%80%d0%b0%d0%b1%d0%be%d1%82%d0%ba%d0%b0-%d0%be%d0%b1%d0%be%d1%80%d1%83%d0%b4%d0%be%d0%b2%d0%b0%d0%bd%d0%b8%d1%8f\/#primaryimage\"},\"image\":{\"@id\":\"https:\/\/medbank.net\/fr\/directions\/rd-%d1%80%d0%b0%d0%b7%d1%80%d0%b0%d0%b1%d0%be%d1%82%d0%ba%d0%b0-%d0%be%d0%b1%d0%be%d1%80%d1%83%d0%b4%d0%be%d0%b2%d0%b0%d0%bd%d0%b8%d1%8f\/#primaryimage\"},\"thumbnailUrl\":\"https:\/\/medbank.net\/wp-content\/uploads\/2026\/03\/photo-directions-3-2.webp\",\"datePublished\":\"2026-03-20T10:24:08+00:00\",\"dateModified\":\"2026-04-14T07:57:27+00:00\",\"breadcrumb\":{\"@id\":\"https:\/\/medbank.net\/fr\/directions\/rd-%d1%80%d0%b0%d0%b7%d1%80%d0%b0%d0%b1%d0%be%d1%82%d0%ba%d0%b0-%d0%be%d0%b1%d0%be%d1%80%d1%83%d0%b4%d0%be%d0%b2%d0%b0%d0%bd%d0%b8%d1%8f\/#breadcrumb\"},\"inLanguage\":\"fr-FR\",\"potentialAction\":[{\"@type\":\"ReadAction\",\"target\":[\"https:\/\/medbank.net\/fr\/directions\/rd-%d1%80%d0%b0%d0%b7%d1%80%d0%b0%d0%b1%d0%be%d1%82%d0%ba%d0%b0-%d0%be%d0%b1%d0%be%d1%80%d1%83%d0%b4%d0%be%d0%b2%d0%b0%d0%bd%d0%b8%d1%8f\/\"]}]},{\"@type\":\"ImageObject\",\"inLanguage\":\"fr-FR\",\"@id\":\"https:\/\/medbank.net\/fr\/directions\/rd-%d1%80%d0%b0%d0%b7%d1%80%d0%b0%d0%b1%d0%be%d1%82%d0%ba%d0%b0-%d0%be%d0%b1%d0%be%d1%80%d1%83%d0%b4%d0%be%d0%b2%d0%b0%d0%bd%d0%b8%d1%8f\/#primaryimage\",\"url\":\"https:\/\/medbank.net\/wp-content\/uploads\/2026\/03\/photo-directions-3-2.webp\",\"contentUrl\":\"https:\/\/medbank.net\/wp-content\/uploads\/2026\/03\/photo-directions-3-2.webp\",\"width\":1536,\"height\":1024},{\"@type\":\"BreadcrumbList\",\"@id\":\"https:\/\/medbank.net\/fr\/directions\/rd-%d1%80%d0%b0%d0%b7%d1%80%d0%b0%d0%b1%d0%be%d1%82%d0%ba%d0%b0-%d0%be%d0%b1%d0%be%d1%80%d1%83%d0%b4%d0%be%d0%b2%d0%b0%d0%bd%d0%b8%d1%8f\/#breadcrumb\",\"itemListElement\":[{\"@type\":\"ListItem\",\"position\":1,\"name\":\"\u041d\u0430\u043f\u0440\u0430\u0432\u043b\u0435\u043d\u0438\u044f\",\"item\":\"https:\/\/medbank.net\/directions\/\"},{\"@type\":\"ListItem\",\"position\":2,\"name\":\"R&#038;D D\u00e9veloppement d&#8217;\u00e9quipements\"}]},{\"@type\":\"WebSite\",\"@id\":\"https:\/\/medbank.net\/#website\",\"url\":\"https:\/\/medbank.net\/\",\"name\":\"MEDBANK\",\"description\":\"\",\"publisher\":{\"@id\":\"https:\/\/medbank.net\/#organization\"},\"potentialAction\":[{\"@type\":\"SearchAction\",\"target\":{\"@type\":\"EntryPoint\",\"urlTemplate\":\"https:\/\/medbank.net\/?s={search_term_string}\"},\"query-input\":{\"@type\":\"PropertyValueSpecification\",\"valueRequired\":true,\"valueName\":\"search_term_string\"}}],\"inLanguage\":\"fr-FR\"},{\"@type\":\"Organization\",\"@id\":\"https:\/\/medbank.net\/#organization\",\"name\":\"MEDBANK\",\"url\":\"https:\/\/medbank.net\/\",\"logo\":{\"@type\":\"ImageObject\",\"inLanguage\":\"fr-FR\",\"@id\":\"https:\/\/medbank.net\/#\/schema\/logo\/image\/\",\"url\":\"https:\/\/medbank.net\/wp-content\/uploads\/2024\/11\/logo.svg\",\"contentUrl\":\"https:\/\/medbank.net\/wp-content\/uploads\/2024\/11\/logo.svg\",\"width\":230,\"height\":42,\"caption\":\"MEDBANK\"},\"image\":{\"@id\":\"https:\/\/medbank.net\/#\/schema\/logo\/image\/\"}}]}<\/script>\n<!-- \/ Yoast SEO plugin. -->","yoast_head_json":{"title":"R&D D\u00e9veloppement d'\u00e9quipements","robots":{"index":"index","follow":"follow","max-snippet":"max-snippet:-1","max-image-preview":"max-image-preview:large","max-video-preview":"max-video-preview:-1"},"canonical":"https:\/\/medbank.net\/fr\/directions\/rd-\u0440\u0430\u0437\u0440\u0430\u0431\u043e\u0442\u043a\u0430-\u043e\u0431\u043e\u0440\u0443\u0434\u043e\u0432\u0430\u043d\u0438\u044f\/","og_locale":"fr_FR","og_type":"article","og_title":"[:ru]R&D \u0420\u0430\u0437\u0440\u0430\u0431\u043e\u0442\u043a\u0430 \u043e\u0431\u043e\u0440\u0443\u0434\u043e\u0432\u0430\u043d\u0438\u044f[:en]R&D Equipment Development[:fr]R&amp;D D\u00e9veloppement d'\u00e9quipements[:] - MEDBANK","og_description":"Notre objectif principal est d&#8217;am\u00e9liorer la qualit\u00e9 des services m\u00e9dicaux et d&#8217;optimiser les flux de travail gr\u00e2ce \u00e0 des technologies de pointe. Nous ne nous contentons pas de copier des solutions existantes, mais cr\u00e9ons des produits enti\u00e8rement nouveaux, en d\u00e9veloppant notre propre infrastructure technologique. Cette approche permet De breveter une invention Les solutions uniques sont [&hellip;]","og_url":"https:\/\/medbank.net\/fr\/directions\/rd-\u0440\u0430\u0437\u0440\u0430\u0431\u043e\u0442\u043a\u0430-\u043e\u0431\u043e\u0440\u0443\u0434\u043e\u0432\u0430\u043d\u0438\u044f\/","og_site_name":"MEDBANK","article_modified_time":"2026-04-14T07:57:27+00:00","og_image":[{"width":1536,"height":1024,"url":"https:\/\/medbank.net\/wp-content\/uploads\/2026\/03\/photo-directions-3-2.webp","type":"image\/webp"}],"twitter_card":"summary_large_image","twitter_misc":{"Dur\u00e9e de lecture estim\u00e9e":"3 minutes"},"schema":{"@context":"https:\/\/schema.org","@graph":[{"@type":"WebPage","@id":"https:\/\/medbank.net\/fr\/directions\/rd-%d1%80%d0%b0%d0%b7%d1%80%d0%b0%d0%b1%d0%be%d1%82%d0%ba%d0%b0-%d0%be%d0%b1%d0%be%d1%80%d1%83%d0%b4%d0%be%d0%b2%d0%b0%d0%bd%d0%b8%d1%8f\/","url":"https:\/\/medbank.net\/fr\/directions\/rd-%d1%80%d0%b0%d0%b7%d1%80%d0%b0%d0%b1%d0%be%d1%82%d0%ba%d0%b0-%d0%be%d0%b1%d0%be%d1%80%d1%83%d0%b4%d0%be%d0%b2%d0%b0%d0%bd%d0%b8%d1%8f\/","name":"R&D D\u00e9veloppement d'\u00e9quipements","isPartOf":{"@id":"https:\/\/medbank.net\/#website"},"primaryImageOfPage":{"@id":"https:\/\/medbank.net\/fr\/directions\/rd-%d1%80%d0%b0%d0%b7%d1%80%d0%b0%d0%b1%d0%be%d1%82%d0%ba%d0%b0-%d0%be%d0%b1%d0%be%d1%80%d1%83%d0%b4%d0%be%d0%b2%d0%b0%d0%bd%d0%b8%d1%8f\/#primaryimage"},"image":{"@id":"https:\/\/medbank.net\/fr\/directions\/rd-%d1%80%d0%b0%d0%b7%d1%80%d0%b0%d0%b1%d0%be%d1%82%d0%ba%d0%b0-%d0%be%d0%b1%d0%be%d1%80%d1%83%d0%b4%d0%be%d0%b2%d0%b0%d0%bd%d0%b8%d1%8f\/#primaryimage"},"thumbnailUrl":"https:\/\/medbank.net\/wp-content\/uploads\/2026\/03\/photo-directions-3-2.webp","datePublished":"2026-03-20T10:24:08+00:00","dateModified":"2026-04-14T07:57:27+00:00","breadcrumb":{"@id":"https:\/\/medbank.net\/fr\/directions\/rd-%d1%80%d0%b0%d0%b7%d1%80%d0%b0%d0%b1%d0%be%d1%82%d0%ba%d0%b0-%d0%be%d0%b1%d0%be%d1%80%d1%83%d0%b4%d0%be%d0%b2%d0%b0%d0%bd%d0%b8%d1%8f\/#breadcrumb"},"inLanguage":"fr-FR","potentialAction":[{"@type":"ReadAction","target":["https:\/\/medbank.net\/fr\/directions\/rd-%d1%80%d0%b0%d0%b7%d1%80%d0%b0%d0%b1%d0%be%d1%82%d0%ba%d0%b0-%d0%be%d0%b1%d0%be%d1%80%d1%83%d0%b4%d0%be%d0%b2%d0%b0%d0%bd%d0%b8%d1%8f\/"]}]},{"@type":"ImageObject","inLanguage":"fr-FR","@id":"https:\/\/medbank.net\/fr\/directions\/rd-%d1%80%d0%b0%d0%b7%d1%80%d0%b0%d0%b1%d0%be%d1%82%d0%ba%d0%b0-%d0%be%d0%b1%d0%be%d1%80%d1%83%d0%b4%d0%be%d0%b2%d0%b0%d0%bd%d0%b8%d1%8f\/#primaryimage","url":"https:\/\/medbank.net\/wp-content\/uploads\/2026\/03\/photo-directions-3-2.webp","contentUrl":"https:\/\/medbank.net\/wp-content\/uploads\/2026\/03\/photo-directions-3-2.webp","width":1536,"height":1024},{"@type":"BreadcrumbList","@id":"https:\/\/medbank.net\/fr\/directions\/rd-%d1%80%d0%b0%d0%b7%d1%80%d0%b0%d0%b1%d0%be%d1%82%d0%ba%d0%b0-%d0%be%d0%b1%d0%be%d1%80%d1%83%d0%b4%d0%be%d0%b2%d0%b0%d0%bd%d0%b8%d1%8f\/#breadcrumb","itemListElement":[{"@type":"ListItem","position":1,"name":"\u041d\u0430\u043f\u0440\u0430\u0432\u043b\u0435\u043d\u0438\u044f","item":"https:\/\/medbank.net\/directions\/"},{"@type":"ListItem","position":2,"name":"R&#038;D D\u00e9veloppement d&#8217;\u00e9quipements"}]},{"@type":"WebSite","@id":"https:\/\/medbank.net\/#website","url":"https:\/\/medbank.net\/","name":"MEDBANK","description":"","publisher":{"@id":"https:\/\/medbank.net\/#organization"},"potentialAction":[{"@type":"SearchAction","target":{"@type":"EntryPoint","urlTemplate":"https:\/\/medbank.net\/?s={search_term_string}"},"query-input":{"@type":"PropertyValueSpecification","valueRequired":true,"valueName":"search_term_string"}}],"inLanguage":"fr-FR"},{"@type":"Organization","@id":"https:\/\/medbank.net\/#organization","name":"MEDBANK","url":"https:\/\/medbank.net\/","logo":{"@type":"ImageObject","inLanguage":"fr-FR","@id":"https:\/\/medbank.net\/#\/schema\/logo\/image\/","url":"https:\/\/medbank.net\/wp-content\/uploads\/2024\/11\/logo.svg","contentUrl":"https:\/\/medbank.net\/wp-content\/uploads\/2024\/11\/logo.svg","width":230,"height":42,"caption":"MEDBANK"},"image":{"@id":"https:\/\/medbank.net\/#\/schema\/logo\/image\/"}}]}},"acf":[],"_links":{"self":[{"href":"https:\/\/medbank.net\/fr\/wp-json\/wp\/v2\/pages\/886","targetHints":{"allow":["GET"]}}],"collection":[{"href":"https:\/\/medbank.net\/fr\/wp-json\/wp\/v2\/pages"}],"about":[{"href":"https:\/\/medbank.net\/fr\/wp-json\/wp\/v2\/types\/page"}],"author":[{"embeddable":true,"href":"https:\/\/medbank.net\/fr\/wp-json\/wp\/v2\/users\/2"}],"replies":[{"embeddable":true,"href":"https:\/\/medbank.net\/fr\/wp-json\/wp\/v2\/comments?post=886"}],"version-history":[{"count":21,"href":"https:\/\/medbank.net\/fr\/wp-json\/wp\/v2\/pages\/886\/revisions"}],"predecessor-version":[{"id":1400,"href":"https:\/\/medbank.net\/fr\/wp-json\/wp\/v2\/pages\/886\/revisions\/1400"}],"up":[{"embeddable":true,"href":"https:\/\/medbank.net\/fr\/wp-json\/wp\/v2\/pages\/850"}],"wp:featuredmedia":[{"embeddable":true,"href":"https:\/\/medbank.net\/fr\/wp-json\/wp\/v2\/media\/1007"}],"wp:attachment":[{"href":"https:\/\/medbank.net\/fr\/wp-json\/wp\/v2\/media?parent=886"}],"curies":[{"name":"wp","href":"https:\/\/api.w.org\/{rel}","templated":true}]}}