{"id":884,"date":"2026-03-20T13:22:35","date_gmt":"2026-03-20T10:22:35","guid":{"rendered":"https:\/\/medbank.net\/home\/directions\/ru-ai\/"},"modified":"2026-04-14T11:09:24","modified_gmt":"2026-04-14T08:09:24","slug":"%d0%bd%d0%b0%d1%83%d1%87%d0%bd%d1%8b%d0%b5-%d0%b8%d1%81%d1%81%d0%bb%d0%b5%d0%b4%d0%be%d0%b2%d0%b0%d0%bd%d0%b8%d1%8f-ai-%d0%b2-%d0%b7%d0%b4%d1%80%d0%b0%d0%b2%d0%be%d0%be%d1%85%d1%80%d0%b0%d0%bd","status":"publish","type":"page","link":"https:\/\/medbank.net\/fr\/directions\/%d0%bd%d0%b0%d1%83%d1%87%d0%bd%d1%8b%d0%b5-%d0%b8%d1%81%d1%81%d0%bb%d0%b5%d0%b4%d0%be%d0%b2%d0%b0%d0%bd%d0%b8%d1%8f-ai-%d0%b2-%d0%b7%d0%b4%d1%80%d0%b0%d0%b2%d0%be%d0%be%d1%85%d1%80%d0%b0%d0%bd\/","title":{"rendered":"Recherche en intelligence artificielle dans le domaine de la sant\u00e9 publique"},"content":{"rendered":"\n<div class=\"wp-block-columns is-layout-flex wp-container-core-columns-is-layout-9d6595d7 wp-block-columns-is-layout-flex\">\n<div class=\"wp-block-column is-layout-flow wp-block-column-is-layout-flow\">\n<p>\u201cMedbank\u201d participe activement \u00e0 la recherche scientifique visant \u00e0 int\u00e9grer les technologies d&#8217;intelligence artificielle avanc\u00e9es \u00e0 la pratique m\u00e9dicale. Nos chercheurs cr\u00e9ent des mod\u00e8les pr\u00e9dictifs qui, \u00e0 partir de donn\u00e9es g\u00e9n\u00e9tiques, d&#8217;ant\u00e9c\u00e9dents m\u00e9dicaux et de donn\u00e9es issues d&#8217;appareils connect\u00e9s, permettent d&#8217;anticiper les risques et d&#8217;adapter les strat\u00e9gies de traitement et de pr\u00e9vention.<\/p>\n<\/div>\n<\/div>\n\n\n\n<div class=\"wp-block-columns is-layout-flex wp-container-core-columns-is-layout-9d6595d7 wp-block-columns-is-layout-flex\">\n<div class=\"wp-block-column is-layout-flow wp-block-column-is-layout-flow\">\n<h2 class=\"wp-block-heading\">Plateforme \u201cMedbank\u201d<\/h2>\n\n\n\n<div style=\"height:24px\" aria-hidden=\"true\" class=\"wp-block-spacer\"><\/div>\n\n\n\n<div class=\"wp-block-columns cards is-layout-flex wp-container-core-columns-is-layout-9d6595d7 wp-block-columns-is-layout-flex\">\n<div class=\"wp-block-column card gray is-layout-flow wp-block-column-is-layout-flow\" style=\"flex-basis:25%\">\n<figure class=\"wp-block-image size-large\"><img loading=\"lazy\" decoding=\"async\" width=\"32\" height=\"32\" src=\"https:\/\/medbank.net\/wp-content\/uploads\/2026\/03\/icon-directions-1-1.svg\" alt=\"\" class=\"wp-image-969\"\/><\/figure>\n\n\n\n<p>Automatise les examens m\u00e9dicaux, y compris les consultations obligatoires (avant le voyage, p\u00e9riodiques) et \u00e0 distance.<\/p>\n<\/div>\n\n\n\n<div class=\"wp-block-column card gray is-layout-flow wp-block-column-is-layout-flow\" style=\"flex-basis:25%\">\n<figure class=\"wp-block-image size-large\"><img loading=\"lazy\" decoding=\"async\" width=\"32\" height=\"32\" src=\"https:\/\/medbank.net\/wp-content\/uploads\/2026\/03\/icon-directions-1-2.svg\" alt=\"\" class=\"wp-image-968\"\/><\/figure>\n\n\n\n<p>Fournit une gestion \u00e9lectronique s\u00e9curis\u00e9e des documents (GED), le stockage et le traitement des donn\u00e9es m\u00e9dicales.<\/p>\n<\/div>\n\n\n\n<div class=\"wp-block-column card gray is-layout-flow wp-block-column-is-layout-flow\" style=\"flex-basis:25%\">\n<figure class=\"wp-block-image size-large\"><img loading=\"lazy\" decoding=\"async\" width=\"32\" height=\"32\" src=\"https:\/\/medbank.net\/wp-content\/uploads\/2026\/03\/icon-directions-1-3.svg\" alt=\"\" class=\"wp-image-967\"\/><\/figure>\n\n\n\n<p>S&#8217;int\u00e8gre aux \u00e9quipements de diagnostic pour une collecte de donn\u00e9es rapide<\/p>\n<\/div>\n\n\n\n<div class=\"wp-block-column card gray is-layout-flow wp-block-column-is-layout-flow\" style=\"flex-basis:25%\">\n<figure class=\"wp-block-image size-large\"><img loading=\"lazy\" decoding=\"async\" width=\"32\" height=\"32\" src=\"https:\/\/medbank.net\/wp-content\/uploads\/2026\/03\/icon-directions-1-4.svg\" alt=\"\" class=\"wp-image-966\"\/><\/figure>\n\n\n\n<p>Utilise l&#8217;intelligence artificielle pour analyser les donn\u00e9es et faciliter les d\u00e9cisions m\u00e9dicales.<\/p>\n<\/div>\n<\/div>\n<\/div>\n<\/div>\n\n\n\n<div class=\"wp-block-columns is-layout-flex wp-container-core-columns-is-layout-9d6595d7 wp-block-columns-is-layout-flex\">\n<div class=\"wp-block-column is-layout-flow wp-block-column-is-layout-flow\">\n<p>Gr\u00e2ce \u00e0 l&#8217;analyse de donn\u00e9es massives, nous \u00e9laborons des mod\u00e8les pour pr\u00e9dire les \u00e9pid\u00e9mies, optimiser le fonctionnement des h\u00f4pitaux et cr\u00e9er des syst\u00e8mes de contr\u00f4le des infections dans les entreprises.<\/p>\n\n\n\n<p>Nous mettons en \u0153uvre des technologies de traitement automatique du langage naturel (TALN) pour la reconnaissance et la structuration automatiques des dossiers m\u00e9dicaux, la cr\u00e9ation de dossiers m\u00e9dicaux \u00e9lectroniques et la pr\u00e9paration de rapports.<\/p>\n\n\n\n<p>Tout ceci est int\u00e9gr\u00e9 \u00e0 notre plateforme num\u00e9rique internationale, Medbank, qui sert d&#8217;\u00e9cosyst\u00e8me unifi\u00e9 pour les examens automatis\u00e9s, le stockage et le traitement s\u00e9curis\u00e9s des donn\u00e9es, et l&#8217;int\u00e9gration transparente avec les \u00e9quipements m\u00e9dicaux.<\/p>\n<\/div>\n<\/div>\n\n\n\n<figure class=\"wp-block-gallery has-nested-images columns-default is-cropped wp-block-gallery-1 is-layout-flex wp-block-gallery-is-layout-flex\">\n<figure class=\"wp-block-image size-full\"><img loading=\"lazy\" decoding=\"async\" width=\"1536\" height=\"1024\" data-id=\"974\" src=\"https:\/\/medbank.net\/wp-content\/uploads\/2026\/03\/photo-direction-2-3.webp\" alt=\"\" class=\"wp-image-974\" srcset=\"https:\/\/medbank.net\/wp-content\/uploads\/2026\/03\/photo-direction-2-3.webp 1536w, https:\/\/medbank.net\/wp-content\/uploads\/2026\/03\/photo-direction-2-3-300x200.webp 300w, https:\/\/medbank.net\/wp-content\/uploads\/2026\/03\/photo-direction-2-3-1024x683.webp 1024w, https:\/\/medbank.net\/wp-content\/uploads\/2026\/03\/photo-direction-2-3-768x512.webp 768w\" sizes=\"auto, (max-width: 1536px) 100vw, 1536px\" \/><\/figure>\n\n\n\n<figure class=\"wp-block-image size-full\"><img loading=\"lazy\" decoding=\"async\" width=\"1536\" height=\"1024\" data-id=\"975\" src=\"https:\/\/medbank.net\/wp-content\/uploads\/2026\/03\/photo-direction-2-2.webp\" alt=\"\" class=\"wp-image-975\" srcset=\"https:\/\/medbank.net\/wp-content\/uploads\/2026\/03\/photo-direction-2-2.webp 1536w, https:\/\/medbank.net\/wp-content\/uploads\/2026\/03\/photo-direction-2-2-300x200.webp 300w, https:\/\/medbank.net\/wp-content\/uploads\/2026\/03\/photo-direction-2-2-1024x683.webp 1024w, https:\/\/medbank.net\/wp-content\/uploads\/2026\/03\/photo-direction-2-2-768x512.webp 768w\" sizes=\"auto, (max-width: 1536px) 100vw, 1536px\" \/><\/figure>\n\n\n\n<figure class=\"wp-block-image size-full\"><img loading=\"lazy\" decoding=\"async\" width=\"1536\" height=\"864\" data-id=\"973\" src=\"https:\/\/medbank.net\/wp-content\/uploads\/2026\/03\/photo-direction-2-1.webp\" alt=\"\" class=\"wp-image-973\" srcset=\"https:\/\/medbank.net\/wp-content\/uploads\/2026\/03\/photo-direction-2-1.webp 1536w, https:\/\/medbank.net\/wp-content\/uploads\/2026\/03\/photo-direction-2-1-300x169.webp 300w, https:\/\/medbank.net\/wp-content\/uploads\/2026\/03\/photo-direction-2-1-1024x576.webp 1024w, https:\/\/medbank.net\/wp-content\/uploads\/2026\/03\/photo-direction-2-1-768x432.webp 768w\" sizes=\"auto, (max-width: 1536px) 100vw, 1536px\" \/><\/figure>\n<\/figure>\n\n\n\n<div class=\"wp-block-columns is-layout-flex wp-container-core-columns-is-layout-9d6595d7 wp-block-columns-is-layout-flex\">\n<div class=\"wp-block-column card gray is-layout-flow wp-block-column-is-layout-flow\">\n<h2 class=\"wp-block-heading\">Nous nous effor\u00e7ons:<\/h2>\n\n\n\n<div style=\"height:14px\" aria-hidden=\"true\" class=\"wp-block-spacer\"><\/div>\n\n\n\n<ul class=\"wp-block-list\">\n<li>d&#8217;am\u00e9liorer la qualit\u00e9 et l&#8217;accessibilit\u00e9 des soins m\u00e9dicaux gr\u00e2ce aux technologies num\u00e9riques;<\/li>\n\n\n\n<li>de r\u00e9duire la charge de travail du personnel m\u00e9dical en automatisant les t\u00e2ches de routine;<\/li>\n\n\n\n<li>d&#8217;offrir une approche personnalis\u00e9e en mati\u00e8re de sant\u00e9 \u00e0 chaque patient;<\/li>\n\n\n\n<li>de promouvoir le d\u00e9veloppement de la m\u00e9decine fond\u00e9e sur les preuves gr\u00e2ce \u00e0 l&#8217;analyse des donn\u00e9es massives.<\/li>\n<\/ul>\n<\/div>\n<\/div>\n\n\n\n<div style=\"height:25px\" aria-hidden=\"true\" class=\"wp-block-spacer\"><\/div>\n\n\n\n<p>Nous d\u00e9veloppons et mettons en \u0153uvre activement des normes de soins m\u00e9dicaux de nouvelle g\u00e9n\u00e9ration visant \u00e0 am\u00e9liorer la qualit\u00e9, l&#8217;accessibilit\u00e9 et l&#8217;efficacit\u00e9 des services de sant\u00e9. Nous suivons les tendances m\u00e9dicales mondiales et adaptons les meilleures pratiques au syst\u00e8me de sant\u00e9 russe, en maintenant un \u00e9quilibre entre innovation et m\u00e9decine fond\u00e9e sur les preuves. L&#8217;entreprise collabore avec des centres m\u00e9dicaux, des instituts de recherche et des entreprises technologiques de premier plan, en introduisant des solutions de pointe dans la pratique de la sant\u00e9 publique.<\/p>\n","protected":false},"excerpt":{"rendered":"<p>\u201cMedbank\u201d participe activement \u00e0 la recherche scientifique visant \u00e0 int\u00e9grer les technologies d&#8217;intelligence artificielle avanc\u00e9es \u00e0 la pratique m\u00e9dicale. Nos chercheurs cr\u00e9ent des mod\u00e8les pr\u00e9dictifs qui, \u00e0 partir de donn\u00e9es g\u00e9n\u00e9tiques, d&#8217;ant\u00e9c\u00e9dents m\u00e9dicaux et de donn\u00e9es issues d&#8217;appareils connect\u00e9s, permettent d&#8217;anticiper les risques et d&#8217;adapter les strat\u00e9gies de traitement et de pr\u00e9vention. Plateforme \u201cMedbank\u201d Automatise [&hellip;]<\/p>\n","protected":false},"author":2,"featured_media":908,"parent":850,"menu_order":11,"comment_status":"closed","ping_status":"closed","template":"templates\/template-page-directions-single.php","meta":{"_acf_changed":false,"inline_featured_image":false,"footnotes":""},"class_list":["post-884","page","type-page","status-publish","has-post-thumbnail","hentry"],"yoast_head":"<!-- This site is optimized with the Yoast SEO plugin v27.2 - https:\/\/yoast.com\/product\/yoast-seo-wordpress\/ -->\n<title>Recherche en intelligence artificielle dans le domaine de la sant\u00e9 publique<\/title>\n<meta name=\"robots\" content=\"index, follow, max-snippet:-1, max-image-preview:large, max-video-preview:-1\" \/>\n<link rel=\"canonical\" href=\"https:\/\/medbank.net\/fr\/directions\/\u043d\u0430\u0443\u0447\u043d\u044b\u0435-\u0438\u0441\u0441\u043b\u0435\u0434\u043e\u0432\u0430\u043d\u0438\u044f-ai-\u0432-\u0437\u0434\u0440\u0430\u0432\u043e\u043e\u0445\u0440\u0430\u043d\/\" \/>\n<meta property=\"og:locale\" content=\"fr_FR\" \/>\n<meta property=\"og:locale:alternate\" content=\"ru_RU\" \/>\n<meta property=\"og:locale:alternate\" content=\"en_US\" \/>\n<meta property=\"og:type\" content=\"article\" \/>\n<meta property=\"og:title\" content=\"Recherche en intelligence artificielle dans le domaine de la sant\u00e9 publique\" \/>\n<meta property=\"og:description\" content=\"\u201cMedbank\u201d participe activement \u00e0 la recherche scientifique visant \u00e0 int\u00e9grer les technologies d&#8217;intelligence artificielle avanc\u00e9es \u00e0 la pratique m\u00e9dicale. Nos chercheurs cr\u00e9ent des mod\u00e8les pr\u00e9dictifs qui, \u00e0 partir de donn\u00e9es g\u00e9n\u00e9tiques, d&#8217;ant\u00e9c\u00e9dents m\u00e9dicaux et de donn\u00e9es issues d&#8217;appareils connect\u00e9s, permettent d&#8217;anticiper les risques et d&#8217;adapter les strat\u00e9gies de traitement et de pr\u00e9vention. Plateforme \u201cMedbank\u201d Automatise [&hellip;]\" \/>\n<meta property=\"og:url\" content=\"https:\/\/medbank.net\/fr\/directions\/\u043d\u0430\u0443\u0447\u043d\u044b\u0435-\u0438\u0441\u0441\u043b\u0435\u0434\u043e\u0432\u0430\u043d\u0438\u044f-ai-\u0432-\u0437\u0434\u0440\u0430\u0432\u043e\u043e\u0445\u0440\u0430\u043d\/\" \/>\n<meta property=\"og:site_name\" content=\"MEDBANK\" \/>\n<meta property=\"article:modified_time\" content=\"2026-04-14T08:09:24+00:00\" \/>\n<meta property=\"og:image\" content=\"https:\/\/medbank.net\/wp-content\/uploads\/2026\/03\/directions-2.webp\" \/>\n\t<meta property=\"og:image:width\" content=\"1024\" \/>\n\t<meta property=\"og:image:height\" content=\"1024\" \/>\n\t<meta property=\"og:image:type\" content=\"image\/webp\" \/>\n<meta name=\"twitter:card\" content=\"summary_large_image\" \/>\n<meta name=\"twitter:label1\" content=\"Dur\u00e9e de lecture estim\u00e9e\" \/>\n\t<meta name=\"twitter:data1\" content=\"4 minutes\" \/>\n<script type=\"application\/ld+json\" class=\"yoast-schema-graph\">{\"@context\":\"https:\/\/schema.org\",\"@graph\":[{\"@type\":\"WebPage\",\"@id\":\"https:\/\/medbank.net\/fr\/directions\/%d0%bd%d0%b0%d1%83%d1%87%d0%bd%d1%8b%d0%b5-%d0%b8%d1%81%d1%81%d0%bb%d0%b5%d0%b4%d0%be%d0%b2%d0%b0%d0%bd%d0%b8%d1%8f-ai-%d0%b2-%d0%b7%d0%b4%d1%80%d0%b0%d0%b2%d0%be%d0%be%d1%85%d1%80%d0%b0%d0%bd\/\",\"url\":\"https:\/\/medbank.net\/fr\/directions\/%d0%bd%d0%b0%d1%83%d1%87%d0%bd%d1%8b%d0%b5-%d0%b8%d1%81%d1%81%d0%bb%d0%b5%d0%b4%d0%be%d0%b2%d0%b0%d0%bd%d0%b8%d1%8f-ai-%d0%b2-%d0%b7%d0%b4%d1%80%d0%b0%d0%b2%d0%be%d0%be%d1%85%d1%80%d0%b0%d0%bd\/\",\"name\":\"Recherche en intelligence artificielle dans le domaine de la sant\u00e9 publique\",\"isPartOf\":{\"@id\":\"https:\/\/medbank.net\/#website\"},\"primaryImageOfPage\":{\"@id\":\"https:\/\/medbank.net\/fr\/directions\/%d0%bd%d0%b0%d1%83%d1%87%d0%bd%d1%8b%d0%b5-%d0%b8%d1%81%d1%81%d0%bb%d0%b5%d0%b4%d0%be%d0%b2%d0%b0%d0%bd%d0%b8%d1%8f-ai-%d0%b2-%d0%b7%d0%b4%d1%80%d0%b0%d0%b2%d0%be%d0%be%d1%85%d1%80%d0%b0%d0%bd\/#primaryimage\"},\"image\":{\"@id\":\"https:\/\/medbank.net\/fr\/directions\/%d0%bd%d0%b0%d1%83%d1%87%d0%bd%d1%8b%d0%b5-%d0%b8%d1%81%d1%81%d0%bb%d0%b5%d0%b4%d0%be%d0%b2%d0%b0%d0%bd%d0%b8%d1%8f-ai-%d0%b2-%d0%b7%d0%b4%d1%80%d0%b0%d0%b2%d0%be%d0%be%d1%85%d1%80%d0%b0%d0%bd\/#primaryimage\"},\"thumbnailUrl\":\"https:\/\/medbank.net\/wp-content\/uploads\/2026\/03\/directions-2.webp\",\"datePublished\":\"2026-03-20T10:22:35+00:00\",\"dateModified\":\"2026-04-14T08:09:24+00:00\",\"breadcrumb\":{\"@id\":\"https:\/\/medbank.net\/fr\/directions\/%d0%bd%d0%b0%d1%83%d1%87%d0%bd%d1%8b%d0%b5-%d0%b8%d1%81%d1%81%d0%bb%d0%b5%d0%b4%d0%be%d0%b2%d0%b0%d0%bd%d0%b8%d1%8f-ai-%d0%b2-%d0%b7%d0%b4%d1%80%d0%b0%d0%b2%d0%be%d0%be%d1%85%d1%80%d0%b0%d0%bd\/#breadcrumb\"},\"inLanguage\":\"fr-FR\",\"potentialAction\":[{\"@type\":\"ReadAction\",\"target\":[\"https:\/\/medbank.net\/fr\/directions\/%d0%bd%d0%b0%d1%83%d1%87%d0%bd%d1%8b%d0%b5-%d0%b8%d1%81%d1%81%d0%bb%d0%b5%d0%b4%d0%be%d0%b2%d0%b0%d0%bd%d0%b8%d1%8f-ai-%d0%b2-%d0%b7%d0%b4%d1%80%d0%b0%d0%b2%d0%be%d0%be%d1%85%d1%80%d0%b0%d0%bd\/\"]}]},{\"@type\":\"ImageObject\",\"inLanguage\":\"fr-FR\",\"@id\":\"https:\/\/medbank.net\/fr\/directions\/%d0%bd%d0%b0%d1%83%d1%87%d0%bd%d1%8b%d0%b5-%d0%b8%d1%81%d1%81%d0%bb%d0%b5%d0%b4%d0%be%d0%b2%d0%b0%d0%bd%d0%b8%d1%8f-ai-%d0%b2-%d0%b7%d0%b4%d1%80%d0%b0%d0%b2%d0%be%d0%be%d1%85%d1%80%d0%b0%d0%bd\/#primaryimage\",\"url\":\"https:\/\/medbank.net\/wp-content\/uploads\/2026\/03\/directions-2.webp\",\"contentUrl\":\"https:\/\/medbank.net\/wp-content\/uploads\/2026\/03\/directions-2.webp\",\"width\":1024,\"height\":1024},{\"@type\":\"BreadcrumbList\",\"@id\":\"https:\/\/medbank.net\/fr\/directions\/%d0%bd%d0%b0%d1%83%d1%87%d0%bd%d1%8b%d0%b5-%d0%b8%d1%81%d1%81%d0%bb%d0%b5%d0%b4%d0%be%d0%b2%d0%b0%d0%bd%d0%b8%d1%8f-ai-%d0%b2-%d0%b7%d0%b4%d1%80%d0%b0%d0%b2%d0%be%d0%be%d1%85%d1%80%d0%b0%d0%bd\/#breadcrumb\",\"itemListElement\":[{\"@type\":\"ListItem\",\"position\":1,\"name\":\"\u041d\u0430\u043f\u0440\u0430\u0432\u043b\u0435\u043d\u0438\u044f\",\"item\":\"https:\/\/medbank.net\/directions\/\"},{\"@type\":\"ListItem\",\"position\":2,\"name\":\"Recherche en intelligence artificielle dans le domaine de la sant\u00e9 publique\"}]},{\"@type\":\"WebSite\",\"@id\":\"https:\/\/medbank.net\/#website\",\"url\":\"https:\/\/medbank.net\/\",\"name\":\"MEDBANK\",\"description\":\"\",\"publisher\":{\"@id\":\"https:\/\/medbank.net\/#organization\"},\"potentialAction\":[{\"@type\":\"SearchAction\",\"target\":{\"@type\":\"EntryPoint\",\"urlTemplate\":\"https:\/\/medbank.net\/?s={search_term_string}\"},\"query-input\":{\"@type\":\"PropertyValueSpecification\",\"valueRequired\":true,\"valueName\":\"search_term_string\"}}],\"inLanguage\":\"fr-FR\"},{\"@type\":\"Organization\",\"@id\":\"https:\/\/medbank.net\/#organization\",\"name\":\"MEDBANK\",\"url\":\"https:\/\/medbank.net\/\",\"logo\":{\"@type\":\"ImageObject\",\"inLanguage\":\"fr-FR\",\"@id\":\"https:\/\/medbank.net\/#\/schema\/logo\/image\/\",\"url\":\"https:\/\/medbank.net\/wp-content\/uploads\/2024\/11\/logo.svg\",\"contentUrl\":\"https:\/\/medbank.net\/wp-content\/uploads\/2024\/11\/logo.svg\",\"width\":230,\"height\":42,\"caption\":\"MEDBANK\"},\"image\":{\"@id\":\"https:\/\/medbank.net\/#\/schema\/logo\/image\/\"}}]}<\/script>\n<!-- \/ Yoast SEO plugin. -->","yoast_head_json":{"title":"Recherche en intelligence artificielle dans le domaine de la sant\u00e9 publique","robots":{"index":"index","follow":"follow","max-snippet":"max-snippet:-1","max-image-preview":"max-image-preview:large","max-video-preview":"max-video-preview:-1"},"canonical":"https:\/\/medbank.net\/fr\/directions\/\u043d\u0430\u0443\u0447\u043d\u044b\u0435-\u0438\u0441\u0441\u043b\u0435\u0434\u043e\u0432\u0430\u043d\u0438\u044f-ai-\u0432-\u0437\u0434\u0440\u0430\u0432\u043e\u043e\u0445\u0440\u0430\u043d\/","og_locale":"fr_FR","og_type":"article","og_title":"[:ru]\u041d\u0430\u0443\u0447\u043d\u044b\u0435 \u0438\u0441\u0441\u043b\u0435\u0434\u043e\u0432\u0430\u043d\u0438\u044f AI \u0432\u00a0\u0437\u0434\u0440\u0430\u0432\u043e\u043e\u0445\u0440\u0430\u043d\u0435\u043d\u0438\u0438[:en]AI research in healthcare[:fr]Recherche en intelligence artificielle dans le domaine de la sant\u00e9 publique[:] - MEDBANK","og_description":"\u201cMedbank\u201d participe activement \u00e0 la recherche scientifique visant \u00e0 int\u00e9grer les technologies d&#8217;intelligence artificielle avanc\u00e9es \u00e0 la pratique m\u00e9dicale. Nos chercheurs cr\u00e9ent des mod\u00e8les pr\u00e9dictifs qui, \u00e0 partir de donn\u00e9es g\u00e9n\u00e9tiques, d&#8217;ant\u00e9c\u00e9dents m\u00e9dicaux et de donn\u00e9es issues d&#8217;appareils connect\u00e9s, permettent d&#8217;anticiper les risques et d&#8217;adapter les strat\u00e9gies de traitement et de pr\u00e9vention. Plateforme \u201cMedbank\u201d Automatise [&hellip;]","og_url":"https:\/\/medbank.net\/fr\/directions\/\u043d\u0430\u0443\u0447\u043d\u044b\u0435-\u0438\u0441\u0441\u043b\u0435\u0434\u043e\u0432\u0430\u043d\u0438\u044f-ai-\u0432-\u0437\u0434\u0440\u0430\u0432\u043e\u043e\u0445\u0440\u0430\u043d\/","og_site_name":"MEDBANK","article_modified_time":"2026-04-14T08:09:24+00:00","og_image":[{"width":1024,"height":1024,"url":"https:\/\/medbank.net\/wp-content\/uploads\/2026\/03\/directions-2.webp","type":"image\/webp"}],"twitter_card":"summary_large_image","twitter_misc":{"Dur\u00e9e de lecture estim\u00e9e":"4 minutes"},"schema":{"@context":"https:\/\/schema.org","@graph":[{"@type":"WebPage","@id":"https:\/\/medbank.net\/fr\/directions\/%d0%bd%d0%b0%d1%83%d1%87%d0%bd%d1%8b%d0%b5-%d0%b8%d1%81%d1%81%d0%bb%d0%b5%d0%b4%d0%be%d0%b2%d0%b0%d0%bd%d0%b8%d1%8f-ai-%d0%b2-%d0%b7%d0%b4%d1%80%d0%b0%d0%b2%d0%be%d0%be%d1%85%d1%80%d0%b0%d0%bd\/","url":"https:\/\/medbank.net\/fr\/directions\/%d0%bd%d0%b0%d1%83%d1%87%d0%bd%d1%8b%d0%b5-%d0%b8%d1%81%d1%81%d0%bb%d0%b5%d0%b4%d0%be%d0%b2%d0%b0%d0%bd%d0%b8%d1%8f-ai-%d0%b2-%d0%b7%d0%b4%d1%80%d0%b0%d0%b2%d0%be%d0%be%d1%85%d1%80%d0%b0%d0%bd\/","name":"Recherche en intelligence artificielle dans le domaine de la sant\u00e9 publique","isPartOf":{"@id":"https:\/\/medbank.net\/#website"},"primaryImageOfPage":{"@id":"https:\/\/medbank.net\/fr\/directions\/%d0%bd%d0%b0%d1%83%d1%87%d0%bd%d1%8b%d0%b5-%d0%b8%d1%81%d1%81%d0%bb%d0%b5%d0%b4%d0%be%d0%b2%d0%b0%d0%bd%d0%b8%d1%8f-ai-%d0%b2-%d0%b7%d0%b4%d1%80%d0%b0%d0%b2%d0%be%d0%be%d1%85%d1%80%d0%b0%d0%bd\/#primaryimage"},"image":{"@id":"https:\/\/medbank.net\/fr\/directions\/%d0%bd%d0%b0%d1%83%d1%87%d0%bd%d1%8b%d0%b5-%d0%b8%d1%81%d1%81%d0%bb%d0%b5%d0%b4%d0%be%d0%b2%d0%b0%d0%bd%d0%b8%d1%8f-ai-%d0%b2-%d0%b7%d0%b4%d1%80%d0%b0%d0%b2%d0%be%d0%be%d1%85%d1%80%d0%b0%d0%bd\/#primaryimage"},"thumbnailUrl":"https:\/\/medbank.net\/wp-content\/uploads\/2026\/03\/directions-2.webp","datePublished":"2026-03-20T10:22:35+00:00","dateModified":"2026-04-14T08:09:24+00:00","breadcrumb":{"@id":"https:\/\/medbank.net\/fr\/directions\/%d0%bd%d0%b0%d1%83%d1%87%d0%bd%d1%8b%d0%b5-%d0%b8%d1%81%d1%81%d0%bb%d0%b5%d0%b4%d0%be%d0%b2%d0%b0%d0%bd%d0%b8%d1%8f-ai-%d0%b2-%d0%b7%d0%b4%d1%80%d0%b0%d0%b2%d0%be%d0%be%d1%85%d1%80%d0%b0%d0%bd\/#breadcrumb"},"inLanguage":"fr-FR","potentialAction":[{"@type":"ReadAction","target":["https:\/\/medbank.net\/fr\/directions\/%d0%bd%d0%b0%d1%83%d1%87%d0%bd%d1%8b%d0%b5-%d0%b8%d1%81%d1%81%d0%bb%d0%b5%d0%b4%d0%be%d0%b2%d0%b0%d0%bd%d0%b8%d1%8f-ai-%d0%b2-%d0%b7%d0%b4%d1%80%d0%b0%d0%b2%d0%be%d0%be%d1%85%d1%80%d0%b0%d0%bd\/"]}]},{"@type":"ImageObject","inLanguage":"fr-FR","@id":"https:\/\/medbank.net\/fr\/directions\/%d0%bd%d0%b0%d1%83%d1%87%d0%bd%d1%8b%d0%b5-%d0%b8%d1%81%d1%81%d0%bb%d0%b5%d0%b4%d0%be%d0%b2%d0%b0%d0%bd%d0%b8%d1%8f-ai-%d0%b2-%d0%b7%d0%b4%d1%80%d0%b0%d0%b2%d0%be%d0%be%d1%85%d1%80%d0%b0%d0%bd\/#primaryimage","url":"https:\/\/medbank.net\/wp-content\/uploads\/2026\/03\/directions-2.webp","contentUrl":"https:\/\/medbank.net\/wp-content\/uploads\/2026\/03\/directions-2.webp","width":1024,"height":1024},{"@type":"BreadcrumbList","@id":"https:\/\/medbank.net\/fr\/directions\/%d0%bd%d0%b0%d1%83%d1%87%d0%bd%d1%8b%d0%b5-%d0%b8%d1%81%d1%81%d0%bb%d0%b5%d0%b4%d0%be%d0%b2%d0%b0%d0%bd%d0%b8%d1%8f-ai-%d0%b2-%d0%b7%d0%b4%d1%80%d0%b0%d0%b2%d0%be%d0%be%d1%85%d1%80%d0%b0%d0%bd\/#breadcrumb","itemListElement":[{"@type":"ListItem","position":1,"name":"\u041d\u0430\u043f\u0440\u0430\u0432\u043b\u0435\u043d\u0438\u044f","item":"https:\/\/medbank.net\/directions\/"},{"@type":"ListItem","position":2,"name":"Recherche en intelligence artificielle dans le domaine de la sant\u00e9 publique"}]},{"@type":"WebSite","@id":"https:\/\/medbank.net\/#website","url":"https:\/\/medbank.net\/","name":"MEDBANK","description":"","publisher":{"@id":"https:\/\/medbank.net\/#organization"},"potentialAction":[{"@type":"SearchAction","target":{"@type":"EntryPoint","urlTemplate":"https:\/\/medbank.net\/?s={search_term_string}"},"query-input":{"@type":"PropertyValueSpecification","valueRequired":true,"valueName":"search_term_string"}}],"inLanguage":"fr-FR"},{"@type":"Organization","@id":"https:\/\/medbank.net\/#organization","name":"MEDBANK","url":"https:\/\/medbank.net\/","logo":{"@type":"ImageObject","inLanguage":"fr-FR","@id":"https:\/\/medbank.net\/#\/schema\/logo\/image\/","url":"https:\/\/medbank.net\/wp-content\/uploads\/2024\/11\/logo.svg","contentUrl":"https:\/\/medbank.net\/wp-content\/uploads\/2024\/11\/logo.svg","width":230,"height":42,"caption":"MEDBANK"},"image":{"@id":"https:\/\/medbank.net\/#\/schema\/logo\/image\/"}}]}},"acf":[],"_links":{"self":[{"href":"https:\/\/medbank.net\/fr\/wp-json\/wp\/v2\/pages\/884","targetHints":{"allow":["GET"]}}],"collection":[{"href":"https:\/\/medbank.net\/fr\/wp-json\/wp\/v2\/pages"}],"about":[{"href":"https:\/\/medbank.net\/fr\/wp-json\/wp\/v2\/types\/page"}],"author":[{"embeddable":true,"href":"https:\/\/medbank.net\/fr\/wp-json\/wp\/v2\/users\/2"}],"replies":[{"embeddable":true,"href":"https:\/\/medbank.net\/fr\/wp-json\/wp\/v2\/comments?post=884"}],"version-history":[{"count":19,"href":"https:\/\/medbank.net\/fr\/wp-json\/wp\/v2\/pages\/884\/revisions"}],"predecessor-version":[{"id":1407,"href":"https:\/\/medbank.net\/fr\/wp-json\/wp\/v2\/pages\/884\/revisions\/1407"}],"up":[{"embeddable":true,"href":"https:\/\/medbank.net\/fr\/wp-json\/wp\/v2\/pages\/850"}],"wp:featuredmedia":[{"embeddable":true,"href":"https:\/\/medbank.net\/fr\/wp-json\/wp\/v2\/media\/908"}],"wp:attachment":[{"href":"https:\/\/medbank.net\/fr\/wp-json\/wp\/v2\/media?parent=884"}],"curies":[{"name":"wp","href":"https:\/\/api.w.org\/{rel}","templated":true}]}}