{"id":882,"date":"2026-03-20T13:20:49","date_gmt":"2026-03-20T10:20:49","guid":{"rendered":"https:\/\/medbank.net\/?page_id=882"},"modified":"2026-04-14T10:53:09","modified_gmt":"2026-04-14T07:53:09","slug":"%d0%bf%d1%80%d0%be%d0%b8%d0%b7%d0%b2%d0%be%d0%b4%d1%81%d1%82%d0%b2%d0%be-%d0%bc%d0%b5%d0%b4%d0%b8%d1%86%d0%b8%d0%bd%d1%81%d0%ba%d0%be%d0%b3%d0%be-%d0%be%d0%b1%d0%be%d1%80%d1%83%d0%b4%d0%be%d0%b2%d0%b0","status":"publish","type":"page","link":"https:\/\/medbank.net\/fr\/directions\/%d0%bf%d1%80%d0%be%d0%b8%d0%b7%d0%b2%d0%be%d0%b4%d1%81%d1%82%d0%b2%d0%be-%d0%bc%d0%b5%d0%b4%d0%b8%d1%86%d0%b8%d0%bd%d1%81%d0%ba%d0%be%d0%b3%d0%be-%d0%be%d0%b1%d0%be%d1%80%d1%83%d0%b4%d0%be%d0%b2%d0%b0\/","title":{"rendered":"Production d&#8217;\u00e9quipements m\u00e9dicaux"},"content":{"rendered":"\n<div class=\"wp-block-columns is-layout-flex wp-container-core-columns-is-layout-9d6595d7 wp-block-columns-is-layout-flex\">\n<div class=\"wp-block-column is-layout-flow wp-block-column-is-layout-flow\">\n<p>L&#8217;entreprise est sp\u00e9cialis\u00e9e dans la production de syst\u00e8mes mat\u00e9riels et logiciels pour la t\u00e9l\u00e9surveillance et le diagnostic \u00e0 distance. Sa capacit\u00e9 de production atteint 5\u00a0000 unit\u00e9s par mois.<\/p>\n\n\n\n<p>La gamme principale est repr\u00e9sent\u00e9e par des mod\u00e8les con\u00e7us pour les examens m\u00e9dicaux, la surveillance des patients et l&#8217;int\u00e9gration aux syst\u00e8mes de sant\u00e9 publique d&#8217;entreprise\u00a0: DIME\u0421O T1, DIME\u0421O T11, DIME\u0421O T11A.<\/p>\n<\/div>\n<\/div>\n\n\n\n<div class=\"wp-block-columns is-layout-flex wp-container-core-columns-is-layout-9d6595d7 wp-block-columns-is-layout-flex\">\n<div class=\"wp-block-column is-layout-flow wp-block-column-is-layout-flow\">\n<h3 class=\"wp-block-heading\">Disponibilit\u00e9 d&#8217;un laboratoire de v\u00e9rification<\/h3>\n\n\n\n<p>Ce laboratoire garantit la fiabilit\u00e9 des produits, la pr\u00e9cision des mesures et la conformit\u00e9 aux normes GOST et internationales. Un syst\u00e8me de contr\u00f4le \u00e0 plusieurs \u00e9tapes est mis en \u0153uvre tout au long de la production, depuis l&#8217;inspection des mati\u00e8res premi\u00e8res et des composants jusqu&#8217;aux tests finaux des produits finis.<\/p>\n<\/div>\n\n\n\n<div class=\"wp-block-column is-layout-flow wp-block-column-is-layout-flow\">\n<h3 class=\"wp-block-heading\">Centre d&#8217;ing\u00e9nierie propre<\/h3>\n\n\n\n<p>L&#8217;atout majeur de cette usine permet au bureau d&#8217;\u00e9tudes de d\u00e9velopper et de mettre en \u0153uvre des solutions innovantes qui r\u00e9pondent aux besoins actuels de la pratique m\u00e9dicale.<\/p>\n<\/div>\n<\/div>\n\n\n\n<figure class=\"wp-block-gallery has-nested-images columns-default is-cropped wp-block-gallery-1 is-layout-flex wp-block-gallery-is-layout-flex\">\n<figure class=\"wp-block-image size-full\"><img loading=\"lazy\" decoding=\"async\" width=\"1534\" height=\"1024\" data-id=\"925\" src=\"https:\/\/medbank.net\/wp-content\/uploads\/2026\/03\/dev-4.webp\" alt=\"\" class=\"wp-image-925\" srcset=\"https:\/\/medbank.net\/wp-content\/uploads\/2026\/03\/dev-4.webp 1534w, https:\/\/medbank.net\/wp-content\/uploads\/2026\/03\/dev-4-300x200.webp 300w, https:\/\/medbank.net\/wp-content\/uploads\/2026\/03\/dev-4-1024x684.webp 1024w, https:\/\/medbank.net\/wp-content\/uploads\/2026\/03\/dev-4-768x513.webp 768w\" sizes=\"auto, (max-width: 1534px) 100vw, 1534px\" \/><\/figure>\n\n\n\n<figure class=\"wp-block-image size-full\"><img loading=\"lazy\" decoding=\"async\" width=\"1534\" height=\"1024\" data-id=\"926\" src=\"https:\/\/medbank.net\/wp-content\/uploads\/2026\/03\/dev-3.webp\" alt=\"\" class=\"wp-image-926\" srcset=\"https:\/\/medbank.net\/wp-content\/uploads\/2026\/03\/dev-3.webp 1534w, https:\/\/medbank.net\/wp-content\/uploads\/2026\/03\/dev-3-300x200.webp 300w, https:\/\/medbank.net\/wp-content\/uploads\/2026\/03\/dev-3-1024x684.webp 1024w, https:\/\/medbank.net\/wp-content\/uploads\/2026\/03\/dev-3-768x513.webp 768w\" sizes=\"auto, (max-width: 1534px) 100vw, 1534px\" \/><\/figure>\n\n\n\n<figure class=\"wp-block-image size-full\"><img loading=\"lazy\" decoding=\"async\" width=\"1534\" height=\"1024\" data-id=\"928\" src=\"https:\/\/medbank.net\/wp-content\/uploads\/2026\/03\/dev-1.webp\" alt=\"\" class=\"wp-image-928\" srcset=\"https:\/\/medbank.net\/wp-content\/uploads\/2026\/03\/dev-1.webp 1534w, https:\/\/medbank.net\/wp-content\/uploads\/2026\/03\/dev-1-300x200.webp 300w, https:\/\/medbank.net\/wp-content\/uploads\/2026\/03\/dev-1-1024x684.webp 1024w, https:\/\/medbank.net\/wp-content\/uploads\/2026\/03\/dev-1-768x513.webp 768w\" sizes=\"auto, (max-width: 1534px) 100vw, 1534px\" \/><\/figure>\n<\/figure>\n\n\n\n<div class=\"wp-block-columns is-layout-flex wp-container-core-columns-is-layout-9d6595d7 wp-block-columns-is-layout-flex\">\n<div class=\"wp-block-column is-layout-flow wp-block-column-is-layout-flow\">\n<p>Tous les produits sont garantis, et un service apr\u00e8s-vente ainsi qu&#8217;une assistance technique sont disponibles \u00e0 toutes les \u00e9tapes de la collaboration.<\/p>\n\n\n\n<p>Gr\u00e2ce \u00e0 un mod\u00e8le de production flexible, les commandes de toutes tailles sont honor\u00e9es, y compris l&#8217;adaptation individuelle des \u00e9quipements aux exigences du client.<\/p>\n<\/div>\n<\/div>\n","protected":false},"excerpt":{"rendered":"<p>L&#8217;entreprise est sp\u00e9cialis\u00e9e dans la production de syst\u00e8mes mat\u00e9riels et logiciels pour la t\u00e9l\u00e9surveillance et le diagnostic \u00e0 distance. Sa capacit\u00e9 de production atteint 5\u00a0000 unit\u00e9s par mois. La gamme principale est repr\u00e9sent\u00e9e par des mod\u00e8les con\u00e7us pour les examens m\u00e9dicaux, la surveillance des patients et l&#8217;int\u00e9gration aux syst\u00e8mes de sant\u00e9 publique d&#8217;entreprise\u00a0: DIME\u0421O T1, [&hellip;]<\/p>\n","protected":false},"author":2,"featured_media":1234,"parent":850,"menu_order":10,"comment_status":"closed","ping_status":"closed","template":"templates\/template-page-directions-single.php","meta":{"_acf_changed":false,"inline_featured_image":false,"footnotes":""},"class_list":["post-882","page","type-page","status-publish","has-post-thumbnail","hentry"],"yoast_head":"<!-- This site is optimized with the Yoast SEO plugin v27.2 - https:\/\/yoast.com\/product\/yoast-seo-wordpress\/ -->\n<title>Production d&#039;\u00e9quipements m\u00e9dicaux<\/title>\n<meta name=\"robots\" content=\"index, follow, max-snippet:-1, max-image-preview:large, max-video-preview:-1\" \/>\n<link rel=\"canonical\" href=\"https:\/\/medbank.net\/fr\/directions\/\u043f\u0440\u043e\u0438\u0437\u0432\u043e\u0434\u0441\u0442\u0432\u043e-\u043c\u0435\u0434\u0438\u0446\u0438\u043d\u0441\u043a\u043e\u0433\u043e-\u043e\u0431\u043e\u0440\u0443\u0434\u043e\u0432\u0430\/\" \/>\n<meta property=\"og:locale\" content=\"fr_FR\" \/>\n<meta property=\"og:locale:alternate\" content=\"ru_RU\" \/>\n<meta property=\"og:locale:alternate\" content=\"en_US\" \/>\n<meta property=\"og:type\" content=\"article\" \/>\n<meta property=\"og:title\" content=\"Production d&#039;\u00e9quipements m\u00e9dicaux\" \/>\n<meta property=\"og:description\" content=\"L&#8217;entreprise est sp\u00e9cialis\u00e9e dans la production de syst\u00e8mes mat\u00e9riels et logiciels pour la t\u00e9l\u00e9surveillance et le diagnostic \u00e0 distance. Sa capacit\u00e9 de production atteint 5\u00a0000 unit\u00e9s par mois. La gamme principale est repr\u00e9sent\u00e9e par des mod\u00e8les con\u00e7us pour les examens m\u00e9dicaux, la surveillance des patients et l&#8217;int\u00e9gration aux syst\u00e8mes de sant\u00e9 publique d&#8217;entreprise\u00a0: DIME\u0421O T1, [&hellip;]\" \/>\n<meta property=\"og:url\" content=\"https:\/\/medbank.net\/fr\/directions\/\u043f\u0440\u043e\u0438\u0437\u0432\u043e\u0434\u0441\u0442\u0432\u043e-\u043c\u0435\u0434\u0438\u0446\u0438\u043d\u0441\u043a\u043e\u0433\u043e-\u043e\u0431\u043e\u0440\u0443\u0434\u043e\u0432\u0430\/\" \/>\n<meta property=\"og:site_name\" content=\"MEDBANK\" \/>\n<meta property=\"article:modified_time\" content=\"2026-04-14T07:53:09+00:00\" \/>\n<meta property=\"og:image\" content=\"https:\/\/medbank.net\/wp-content\/uploads\/2026\/03\/direction-1-main.png\" \/>\n\t<meta property=\"og:image:width\" content=\"1536\" \/>\n\t<meta property=\"og:image:height\" content=\"1024\" \/>\n\t<meta property=\"og:image:type\" content=\"image\/png\" \/>\n<meta name=\"twitter:card\" content=\"summary_large_image\" \/>\n<meta name=\"twitter:label1\" content=\"Dur\u00e9e de lecture estim\u00e9e\" \/>\n\t<meta name=\"twitter:data1\" content=\"2 minutes\" \/>\n<script type=\"application\/ld+json\" class=\"yoast-schema-graph\">{\"@context\":\"https:\/\/schema.org\",\"@graph\":[{\"@type\":\"WebPage\",\"@id\":\"https:\/\/medbank.net\/fr\/directions\/%d0%bf%d1%80%d0%be%d0%b8%d0%b7%d0%b2%d0%be%d0%b4%d1%81%d1%82%d0%b2%d0%be-%d0%bc%d0%b5%d0%b4%d0%b8%d1%86%d0%b8%d0%bd%d1%81%d0%ba%d0%be%d0%b3%d0%be-%d0%be%d0%b1%d0%be%d1%80%d1%83%d0%b4%d0%be%d0%b2%d0%b0\/\",\"url\":\"https:\/\/medbank.net\/fr\/directions\/%d0%bf%d1%80%d0%be%d0%b8%d0%b7%d0%b2%d0%be%d0%b4%d1%81%d1%82%d0%b2%d0%be-%d0%bc%d0%b5%d0%b4%d0%b8%d1%86%d0%b8%d0%bd%d1%81%d0%ba%d0%be%d0%b3%d0%be-%d0%be%d0%b1%d0%be%d1%80%d1%83%d0%b4%d0%be%d0%b2%d0%b0\/\",\"name\":\"Production d'\u00e9quipements m\u00e9dicaux\",\"isPartOf\":{\"@id\":\"https:\/\/medbank.net\/#website\"},\"primaryImageOfPage\":{\"@id\":\"https:\/\/medbank.net\/fr\/directions\/%d0%bf%d1%80%d0%be%d0%b8%d0%b7%d0%b2%d0%be%d0%b4%d1%81%d1%82%d0%b2%d0%be-%d0%bc%d0%b5%d0%b4%d0%b8%d1%86%d0%b8%d0%bd%d1%81%d0%ba%d0%be%d0%b3%d0%be-%d0%be%d0%b1%d0%be%d1%80%d1%83%d0%b4%d0%be%d0%b2%d0%b0\/#primaryimage\"},\"image\":{\"@id\":\"https:\/\/medbank.net\/fr\/directions\/%d0%bf%d1%80%d0%be%d0%b8%d0%b7%d0%b2%d0%be%d0%b4%d1%81%d1%82%d0%b2%d0%be-%d0%bc%d0%b5%d0%b4%d0%b8%d1%86%d0%b8%d0%bd%d1%81%d0%ba%d0%be%d0%b3%d0%be-%d0%be%d0%b1%d0%be%d1%80%d1%83%d0%b4%d0%be%d0%b2%d0%b0\/#primaryimage\"},\"thumbnailUrl\":\"https:\/\/medbank.net\/wp-content\/uploads\/2026\/03\/direction-1-main.png\",\"datePublished\":\"2026-03-20T10:20:49+00:00\",\"dateModified\":\"2026-04-14T07:53:09+00:00\",\"breadcrumb\":{\"@id\":\"https:\/\/medbank.net\/fr\/directions\/%d0%bf%d1%80%d0%be%d0%b8%d0%b7%d0%b2%d0%be%d0%b4%d1%81%d1%82%d0%b2%d0%be-%d0%bc%d0%b5%d0%b4%d0%b8%d1%86%d0%b8%d0%bd%d1%81%d0%ba%d0%be%d0%b3%d0%be-%d0%be%d0%b1%d0%be%d1%80%d1%83%d0%b4%d0%be%d0%b2%d0%b0\/#breadcrumb\"},\"inLanguage\":\"fr-FR\",\"potentialAction\":[{\"@type\":\"ReadAction\",\"target\":[\"https:\/\/medbank.net\/fr\/directions\/%d0%bf%d1%80%d0%be%d0%b8%d0%b7%d0%b2%d0%be%d0%b4%d1%81%d1%82%d0%b2%d0%be-%d0%bc%d0%b5%d0%b4%d0%b8%d1%86%d0%b8%d0%bd%d1%81%d0%ba%d0%be%d0%b3%d0%be-%d0%be%d0%b1%d0%be%d1%80%d1%83%d0%b4%d0%be%d0%b2%d0%b0\/\"]}]},{\"@type\":\"ImageObject\",\"inLanguage\":\"fr-FR\",\"@id\":\"https:\/\/medbank.net\/fr\/directions\/%d0%bf%d1%80%d0%be%d0%b8%d0%b7%d0%b2%d0%be%d0%b4%d1%81%d1%82%d0%b2%d0%be-%d0%bc%d0%b5%d0%b4%d0%b8%d1%86%d0%b8%d0%bd%d1%81%d0%ba%d0%be%d0%b3%d0%be-%d0%be%d0%b1%d0%be%d1%80%d1%83%d0%b4%d0%be%d0%b2%d0%b0\/#primaryimage\",\"url\":\"https:\/\/medbank.net\/wp-content\/uploads\/2026\/03\/direction-1-main.png\",\"contentUrl\":\"https:\/\/medbank.net\/wp-content\/uploads\/2026\/03\/direction-1-main.png\",\"width\":1536,\"height\":1024},{\"@type\":\"BreadcrumbList\",\"@id\":\"https:\/\/medbank.net\/fr\/directions\/%d0%bf%d1%80%d0%be%d0%b8%d0%b7%d0%b2%d0%be%d0%b4%d1%81%d1%82%d0%b2%d0%be-%d0%bc%d0%b5%d0%b4%d0%b8%d1%86%d0%b8%d0%bd%d1%81%d0%ba%d0%be%d0%b3%d0%be-%d0%be%d0%b1%d0%be%d1%80%d1%83%d0%b4%d0%be%d0%b2%d0%b0\/#breadcrumb\",\"itemListElement\":[{\"@type\":\"ListItem\",\"position\":1,\"name\":\"\u041d\u0430\u043f\u0440\u0430\u0432\u043b\u0435\u043d\u0438\u044f\",\"item\":\"https:\/\/medbank.net\/directions\/\"},{\"@type\":\"ListItem\",\"position\":2,\"name\":\"Production d&#8217;\u00e9quipements m\u00e9dicaux\"}]},{\"@type\":\"WebSite\",\"@id\":\"https:\/\/medbank.net\/#website\",\"url\":\"https:\/\/medbank.net\/\",\"name\":\"MEDBANK\",\"description\":\"\",\"publisher\":{\"@id\":\"https:\/\/medbank.net\/#organization\"},\"potentialAction\":[{\"@type\":\"SearchAction\",\"target\":{\"@type\":\"EntryPoint\",\"urlTemplate\":\"https:\/\/medbank.net\/?s={search_term_string}\"},\"query-input\":{\"@type\":\"PropertyValueSpecification\",\"valueRequired\":true,\"valueName\":\"search_term_string\"}}],\"inLanguage\":\"fr-FR\"},{\"@type\":\"Organization\",\"@id\":\"https:\/\/medbank.net\/#organization\",\"name\":\"MEDBANK\",\"url\":\"https:\/\/medbank.net\/\",\"logo\":{\"@type\":\"ImageObject\",\"inLanguage\":\"fr-FR\",\"@id\":\"https:\/\/medbank.net\/#\/schema\/logo\/image\/\",\"url\":\"https:\/\/medbank.net\/wp-content\/uploads\/2024\/11\/logo.svg\",\"contentUrl\":\"https:\/\/medbank.net\/wp-content\/uploads\/2024\/11\/logo.svg\",\"width\":230,\"height\":42,\"caption\":\"MEDBANK\"},\"image\":{\"@id\":\"https:\/\/medbank.net\/#\/schema\/logo\/image\/\"}}]}<\/script>\n<!-- \/ Yoast SEO plugin. -->","yoast_head_json":{"title":"Production d'\u00e9quipements m\u00e9dicaux","robots":{"index":"index","follow":"follow","max-snippet":"max-snippet:-1","max-image-preview":"max-image-preview:large","max-video-preview":"max-video-preview:-1"},"canonical":"https:\/\/medbank.net\/fr\/directions\/\u043f\u0440\u043e\u0438\u0437\u0432\u043e\u0434\u0441\u0442\u0432\u043e-\u043c\u0435\u0434\u0438\u0446\u0438\u043d\u0441\u043a\u043e\u0433\u043e-\u043e\u0431\u043e\u0440\u0443\u0434\u043e\u0432\u0430\/","og_locale":"fr_FR","og_type":"article","og_title":"[:ru]\u041f\u0440\u043e\u0438\u0437\u0432\u043e\u0434\u0441\u0442\u0432\u043e \u043c\u0435\u0434\u0438\u0446\u0438\u043d\u0441\u043a\u043e\u0433\u043e \u043e\u0431\u043e\u0440\u0443\u0434\u043e\u0432\u0430\u043d\u0438\u044f[:en]Medical equipment production[:fr]Production d'\u00e9quipements m\u00e9dicaux[:] - MEDBANK","og_description":"L&#8217;entreprise est sp\u00e9cialis\u00e9e dans la production de syst\u00e8mes mat\u00e9riels et logiciels pour la t\u00e9l\u00e9surveillance et le diagnostic \u00e0 distance. Sa capacit\u00e9 de production atteint 5\u00a0000 unit\u00e9s par mois. La gamme principale est repr\u00e9sent\u00e9e par des mod\u00e8les con\u00e7us pour les examens m\u00e9dicaux, la surveillance des patients et l&#8217;int\u00e9gration aux syst\u00e8mes de sant\u00e9 publique d&#8217;entreprise\u00a0: DIME\u0421O T1, [&hellip;]","og_url":"https:\/\/medbank.net\/fr\/directions\/\u043f\u0440\u043e\u0438\u0437\u0432\u043e\u0434\u0441\u0442\u0432\u043e-\u043c\u0435\u0434\u0438\u0446\u0438\u043d\u0441\u043a\u043e\u0433\u043e-\u043e\u0431\u043e\u0440\u0443\u0434\u043e\u0432\u0430\/","og_site_name":"MEDBANK","article_modified_time":"2026-04-14T07:53:09+00:00","og_image":[{"width":1536,"height":1024,"url":"https:\/\/medbank.net\/wp-content\/uploads\/2026\/03\/direction-1-main.png","type":"image\/png"}],"twitter_card":"summary_large_image","twitter_misc":{"Dur\u00e9e de lecture estim\u00e9e":"2 minutes"},"schema":{"@context":"https:\/\/schema.org","@graph":[{"@type":"WebPage","@id":"https:\/\/medbank.net\/fr\/directions\/%d0%bf%d1%80%d0%be%d0%b8%d0%b7%d0%b2%d0%be%d0%b4%d1%81%d1%82%d0%b2%d0%be-%d0%bc%d0%b5%d0%b4%d0%b8%d1%86%d0%b8%d0%bd%d1%81%d0%ba%d0%be%d0%b3%d0%be-%d0%be%d0%b1%d0%be%d1%80%d1%83%d0%b4%d0%be%d0%b2%d0%b0\/","url":"https:\/\/medbank.net\/fr\/directions\/%d0%bf%d1%80%d0%be%d0%b8%d0%b7%d0%b2%d0%be%d0%b4%d1%81%d1%82%d0%b2%d0%be-%d0%bc%d0%b5%d0%b4%d0%b8%d1%86%d0%b8%d0%bd%d1%81%d0%ba%d0%be%d0%b3%d0%be-%d0%be%d0%b1%d0%be%d1%80%d1%83%d0%b4%d0%be%d0%b2%d0%b0\/","name":"Production d'\u00e9quipements m\u00e9dicaux","isPartOf":{"@id":"https:\/\/medbank.net\/#website"},"primaryImageOfPage":{"@id":"https:\/\/medbank.net\/fr\/directions\/%d0%bf%d1%80%d0%be%d0%b8%d0%b7%d0%b2%d0%be%d0%b4%d1%81%d1%82%d0%b2%d0%be-%d0%bc%d0%b5%d0%b4%d0%b8%d1%86%d0%b8%d0%bd%d1%81%d0%ba%d0%be%d0%b3%d0%be-%d0%be%d0%b1%d0%be%d1%80%d1%83%d0%b4%d0%be%d0%b2%d0%b0\/#primaryimage"},"image":{"@id":"https:\/\/medbank.net\/fr\/directions\/%d0%bf%d1%80%d0%be%d0%b8%d0%b7%d0%b2%d0%be%d0%b4%d1%81%d1%82%d0%b2%d0%be-%d0%bc%d0%b5%d0%b4%d0%b8%d1%86%d0%b8%d0%bd%d1%81%d0%ba%d0%be%d0%b3%d0%be-%d0%be%d0%b1%d0%be%d1%80%d1%83%d0%b4%d0%be%d0%b2%d0%b0\/#primaryimage"},"thumbnailUrl":"https:\/\/medbank.net\/wp-content\/uploads\/2026\/03\/direction-1-main.png","datePublished":"2026-03-20T10:20:49+00:00","dateModified":"2026-04-14T07:53:09+00:00","breadcrumb":{"@id":"https:\/\/medbank.net\/fr\/directions\/%d0%bf%d1%80%d0%be%d0%b8%d0%b7%d0%b2%d0%be%d0%b4%d1%81%d1%82%d0%b2%d0%be-%d0%bc%d0%b5%d0%b4%d0%b8%d1%86%d0%b8%d0%bd%d1%81%d0%ba%d0%be%d0%b3%d0%be-%d0%be%d0%b1%d0%be%d1%80%d1%83%d0%b4%d0%be%d0%b2%d0%b0\/#breadcrumb"},"inLanguage":"fr-FR","potentialAction":[{"@type":"ReadAction","target":["https:\/\/medbank.net\/fr\/directions\/%d0%bf%d1%80%d0%be%d0%b8%d0%b7%d0%b2%d0%be%d0%b4%d1%81%d1%82%d0%b2%d0%be-%d0%bc%d0%b5%d0%b4%d0%b8%d1%86%d0%b8%d0%bd%d1%81%d0%ba%d0%be%d0%b3%d0%be-%d0%be%d0%b1%d0%be%d1%80%d1%83%d0%b4%d0%be%d0%b2%d0%b0\/"]}]},{"@type":"ImageObject","inLanguage":"fr-FR","@id":"https:\/\/medbank.net\/fr\/directions\/%d0%bf%d1%80%d0%be%d0%b8%d0%b7%d0%b2%d0%be%d0%b4%d1%81%d1%82%d0%b2%d0%be-%d0%bc%d0%b5%d0%b4%d0%b8%d1%86%d0%b8%d0%bd%d1%81%d0%ba%d0%be%d0%b3%d0%be-%d0%be%d0%b1%d0%be%d1%80%d1%83%d0%b4%d0%be%d0%b2%d0%b0\/#primaryimage","url":"https:\/\/medbank.net\/wp-content\/uploads\/2026\/03\/direction-1-main.png","contentUrl":"https:\/\/medbank.net\/wp-content\/uploads\/2026\/03\/direction-1-main.png","width":1536,"height":1024},{"@type":"BreadcrumbList","@id":"https:\/\/medbank.net\/fr\/directions\/%d0%bf%d1%80%d0%be%d0%b8%d0%b7%d0%b2%d0%be%d0%b4%d1%81%d1%82%d0%b2%d0%be-%d0%bc%d0%b5%d0%b4%d0%b8%d1%86%d0%b8%d0%bd%d1%81%d0%ba%d0%be%d0%b3%d0%be-%d0%be%d0%b1%d0%be%d1%80%d1%83%d0%b4%d0%be%d0%b2%d0%b0\/#breadcrumb","itemListElement":[{"@type":"ListItem","position":1,"name":"\u041d\u0430\u043f\u0440\u0430\u0432\u043b\u0435\u043d\u0438\u044f","item":"https:\/\/medbank.net\/directions\/"},{"@type":"ListItem","position":2,"name":"Production d&#8217;\u00e9quipements m\u00e9dicaux"}]},{"@type":"WebSite","@id":"https:\/\/medbank.net\/#website","url":"https:\/\/medbank.net\/","name":"MEDBANK","description":"","publisher":{"@id":"https:\/\/medbank.net\/#organization"},"potentialAction":[{"@type":"SearchAction","target":{"@type":"EntryPoint","urlTemplate":"https:\/\/medbank.net\/?s={search_term_string}"},"query-input":{"@type":"PropertyValueSpecification","valueRequired":true,"valueName":"search_term_string"}}],"inLanguage":"fr-FR"},{"@type":"Organization","@id":"https:\/\/medbank.net\/#organization","name":"MEDBANK","url":"https:\/\/medbank.net\/","logo":{"@type":"ImageObject","inLanguage":"fr-FR","@id":"https:\/\/medbank.net\/#\/schema\/logo\/image\/","url":"https:\/\/medbank.net\/wp-content\/uploads\/2024\/11\/logo.svg","contentUrl":"https:\/\/medbank.net\/wp-content\/uploads\/2024\/11\/logo.svg","width":230,"height":42,"caption":"MEDBANK"},"image":{"@id":"https:\/\/medbank.net\/#\/schema\/logo\/image\/"}}]}},"acf":[],"_links":{"self":[{"href":"https:\/\/medbank.net\/fr\/wp-json\/wp\/v2\/pages\/882","targetHints":{"allow":["GET"]}}],"collection":[{"href":"https:\/\/medbank.net\/fr\/wp-json\/wp\/v2\/pages"}],"about":[{"href":"https:\/\/medbank.net\/fr\/wp-json\/wp\/v2\/types\/page"}],"author":[{"embeddable":true,"href":"https:\/\/medbank.net\/fr\/wp-json\/wp\/v2\/users\/2"}],"replies":[{"embeddable":true,"href":"https:\/\/medbank.net\/fr\/wp-json\/wp\/v2\/comments?post=882"}],"version-history":[{"count":10,"href":"https:\/\/medbank.net\/fr\/wp-json\/wp\/v2\/pages\/882\/revisions"}],"predecessor-version":[{"id":1396,"href":"https:\/\/medbank.net\/fr\/wp-json\/wp\/v2\/pages\/882\/revisions\/1396"}],"up":[{"embeddable":true,"href":"https:\/\/medbank.net\/fr\/wp-json\/wp\/v2\/pages\/850"}],"wp:featuredmedia":[{"embeddable":true,"href":"https:\/\/medbank.net\/fr\/wp-json\/wp\/v2\/media\/1234"}],"wp:attachment":[{"href":"https:\/\/medbank.net\/fr\/wp-json\/wp\/v2\/media?parent=882"}],"curies":[{"name":"wp","href":"https:\/\/api.w.org\/{rel}","templated":true}]}}