{"id":1280,"date":"2026-04-07T15:12:13","date_gmt":"2026-04-07T12:12:13","guid":{"rendered":"https:\/\/medbank.net\/?page_id=1280"},"modified":"2026-04-15T09:37:38","modified_gmt":"2026-04-15T06:37:38","slug":"project-10","status":"publish","type":"page","link":"https:\/\/medbank.net\/fr\/projects\/project-10\/","title":{"rendered":"Programmes de bien-\u00eatre"},"content":{"rendered":"\n<p>Ces programmes ne se limitent pas \u00e0 des bilans de sant\u00e9 ponctuels, mais visent un suivi de sant\u00e9 syst\u00e9matique et la pr\u00e9vention des maladies \u00e0 long terme. Ils reposent notamment sur l&#8217;alliance des technologies num\u00e9riques et d&#8217;une approche personnalis\u00e9e.<\/p>\n\n\n\n<p>Les entreprises modernes reconnaissent de plus en plus une formule simple: un employ\u00e9 en bonne sant\u00e9 est plus performant. Selon nos donn\u00e9es, la mise en place de programmes de bien-\u00eatre permet aux entreprises d&#8217;atteindre deux objectifs cl\u00e9s: r\u00e9duire les co\u00fbts li\u00e9s aux arr\u00eats maladie et am\u00e9liorer leurs indicateurs de performance.<\/p>\n\n\n\n<p>L&#8217;un des r\u00e9sultats les plus significatifs obtenus gr\u00e2ce \u00e0 nos programmes internes est une augmentation de 25\u00a0% de la fid\u00e9lit\u00e9 des employ\u00e9s! Lorsqu&#8217;ils se sentent valoris\u00e9s et soutenus, les employ\u00e9s sont plus enclins \u00e0 rester dans l&#8217;\u00e9quipe et \u00e0 contribuer \u00e0 la r\u00e9ussite collective. Cette approche refl\u00e8te la tendance mondiale qui consiste \u00e0 d\u00e9laisser les mesures formelles de s\u00e9curit\u00e9 et de sant\u00e9 au travail au profit d&#8217;une v\u00e9ritable culture du bien-\u00eatre.<\/p>\n\n\n\n<p>Cependant, les initiatives isol\u00e9es en mati\u00e8re de bien-\u00eatre au travail, sans strat\u00e9gie globale, sont inefficaces. Une approche syst\u00e9matique, int\u00e9gr\u00e9e \u00e0 la strat\u00e9gie globale de l&#8217;entreprise, avec des indicateurs clairs et des r\u00e9sultats interm\u00e9diaires, est essentielle.<\/p>\n\n\n\n<h2 class=\"wp-block-heading mb-5 mt-5\"><strong>Que comprennent nos programmes de bien-\u00eatre?<\/strong><\/h2>\n\n\n\n<p>La mise en place d&#8217;un syst\u00e8me de r\u00e9partition des flux de patients a permis une augmentation significative de l&#8217;efficacit\u00e9 op\u00e9rationnelle:<\/p>\n\n\n\n<div class=\"wp-block-columns mt-4 is-layout-flex wp-container-core-columns-is-layout-9d6595d7 wp-block-columns-is-layout-flex\">\n<div class=\"wp-block-column card gray is-layout-flow wp-block-column-is-layout-flow\">\n<h5 class=\"wp-block-heading has-text-align-left\"><strong>Consultations m\u00e9dicales \u00e0 distance<\/strong><\/h5>\n\n\n\n<p>Les employ\u00e9s peuvent effectuer des bilans de sant\u00e9 r\u00e9guliers sans interrompre leur travail ni se d\u00e9placer en clinique.<\/p>\n<\/div>\n\n\n\n<div class=\"wp-block-column card gray is-layout-flow wp-block-column-is-layout-flow\">\n<h5 class=\"wp-block-heading has-text-align-left\"><strong>Suivi des indicateurs cl\u00e9s<\/strong><\/h5>\n\n\n\n<p>Le syst\u00e8me surveille les param\u00e8tres de sant\u00e9 importants, identifie les facteurs de risque (par exemple, la s\u00e9dentarit\u00e9, le tabagisme, le surpoids) et alerte les employ\u00e9s en cas de probl\u00e8me potentiel \u00e0 un stade pr\u00e9coce.<\/p>\n<\/div>\n<\/div>\n\n\n\n<div class=\"wp-block-columns mb-4 is-layout-flex wp-container-core-columns-is-layout-9d6595d7 wp-block-columns-is-layout-flex\">\n<div class=\"wp-block-column card gray is-layout-flow wp-block-column-is-layout-flow\">\n<h5 class=\"wp-block-heading has-text-align-left\"><strong>Recommandations personnalis\u00e9es<\/strong><\/h5>\n\n\n\n<p>\u00c0 partir des donn\u00e9es collect\u00e9es, les employ\u00e9s re\u00e7oivent des conseils de bien-\u00eatre personnalis\u00e9s et des plans de pr\u00e9vention des maladies.<\/p>\n<\/div>\n\n\n\n<div class=\"wp-block-column card gray is-layout-flow wp-block-column-is-layout-flow\">\n<h5 class=\"wp-block-heading has-text-align-left\"><strong>Profil de sant\u00e9 num\u00e9rique<\/strong><\/h5>\n\n\n\n<p>Un profil num\u00e9rique personnel est cr\u00e9\u00e9 pour chaque employ\u00e9. Cela permet de suivre sa sant\u00e9 et d&#8217;adapter les mesures pr\u00e9ventives.<\/p>\n<\/div>\n<\/div>\n\n\n\n<p>Prendre soin de la sant\u00e9 des employ\u00e9s n&#8217;est pas une option, mais un \u00e9l\u00e9ment essentiel d&#8217;une strat\u00e9gie d&#8217;entreprise performante. R\u00e9duire l&#8217;absent\u00e9isme, augmenter la productivit\u00e9 et fid\u00e9liser les employ\u00e9s conf\u00e8rent aux entreprises un avantage concurrentiel tangible.<\/p>\n\n\n\n<figure class=\"wp-block-gallery has-nested-images columns-default is-cropped mt-5 wp-block-gallery-1 is-layout-flex wp-block-gallery-is-layout-flex\">\n<figure class=\"wp-block-image size-large\"><img loading=\"lazy\" decoding=\"async\" width=\"1024\" height=\"683\" data-id=\"1311\" src=\"https:\/\/medbank.net\/wp-content\/uploads\/2026\/04\/project-img-9-3-1024x683.jpg\" alt=\"\" class=\"wp-image-1311\" srcset=\"https:\/\/medbank.net\/wp-content\/uploads\/2026\/04\/project-img-9-3-1024x683.jpg 1024w, https:\/\/medbank.net\/wp-content\/uploads\/2026\/04\/project-img-9-3-300x200.jpg 300w, https:\/\/medbank.net\/wp-content\/uploads\/2026\/04\/project-img-9-3-768x512.jpg 768w, https:\/\/medbank.net\/wp-content\/uploads\/2026\/04\/project-img-9-3-1536x1024.jpg 1536w, https:\/\/medbank.net\/wp-content\/uploads\/2026\/04\/project-img-9-3-2048x1365.jpg 2048w\" sizes=\"auto, (max-width: 1024px) 100vw, 1024px\" \/><\/figure>\n\n\n\n<figure class=\"wp-block-image size-large\"><img loading=\"lazy\" decoding=\"async\" width=\"1024\" height=\"683\" data-id=\"1312\" src=\"https:\/\/medbank.net\/wp-content\/uploads\/2026\/04\/project-img-9-1-1024x683.jpg\" alt=\"\" class=\"wp-image-1312\" srcset=\"https:\/\/medbank.net\/wp-content\/uploads\/2026\/04\/project-img-9-1-1024x683.jpg 1024w, https:\/\/medbank.net\/wp-content\/uploads\/2026\/04\/project-img-9-1-300x200.jpg 300w, https:\/\/medbank.net\/wp-content\/uploads\/2026\/04\/project-img-9-1-768x512.jpg 768w, https:\/\/medbank.net\/wp-content\/uploads\/2026\/04\/project-img-9-1-1536x1024.jpg 1536w, https:\/\/medbank.net\/wp-content\/uploads\/2026\/04\/project-img-9-1-2048x1365.jpg 2048w\" sizes=\"auto, (max-width: 1024px) 100vw, 1024px\" \/><\/figure>\n\n\n\n<figure class=\"wp-block-image size-large\"><img loading=\"lazy\" decoding=\"async\" width=\"1024\" height=\"683\" data-id=\"1313\" src=\"https:\/\/medbank.net\/wp-content\/uploads\/2026\/04\/project-img-9-2-1024x683.jpg\" alt=\"\" class=\"wp-image-1313\" srcset=\"https:\/\/medbank.net\/wp-content\/uploads\/2026\/04\/project-img-9-2-1024x683.jpg 1024w, https:\/\/medbank.net\/wp-content\/uploads\/2026\/04\/project-img-9-2-300x200.jpg 300w, https:\/\/medbank.net\/wp-content\/uploads\/2026\/04\/project-img-9-2-768x512.jpg 768w, https:\/\/medbank.net\/wp-content\/uploads\/2026\/04\/project-img-9-2-1536x1024.jpg 1536w, https:\/\/medbank.net\/wp-content\/uploads\/2026\/04\/project-img-9-2-2048x1365.jpg 2048w\" sizes=\"auto, (max-width: 1024px) 100vw, 1024px\" \/><\/figure>\n<\/figure>\n","protected":false},"excerpt":{"rendered":"<p>Ces programmes ne se limitent pas \u00e0 des bilans de sant\u00e9 ponctuels, mais visent un suivi de sant\u00e9 syst\u00e9matique et la pr\u00e9vention des maladies \u00e0 long terme. Ils reposent notamment sur l&#8217;alliance des technologies num\u00e9riques et d&#8217;une approche personnalis\u00e9e. Les entreprises modernes reconnaissent de plus en plus une formule simple: un employ\u00e9 en bonne sant\u00e9 [&hellip;]<\/p>\n","protected":false},"author":20,"featured_media":1313,"parent":852,"menu_order":29,"comment_status":"closed","ping_status":"closed","template":"templates\/template-page-project-single.php","meta":{"_acf_changed":false,"inline_featured_image":false,"footnotes":""},"class_list":["post-1280","page","type-page","status-publish","has-post-thumbnail","hentry"],"yoast_head":"<!-- This site is optimized with the Yoast SEO plugin v27.2 - https:\/\/yoast.com\/product\/yoast-seo-wordpress\/ -->\n<title>Programmes de bien-\u00eatre<\/title>\n<meta name=\"robots\" content=\"index, follow, max-snippet:-1, max-image-preview:large, max-video-preview:-1\" \/>\n<link rel=\"canonical\" href=\"https:\/\/medbank.net\/fr\/projects\/project-10\/\" \/>\n<meta property=\"og:locale\" content=\"fr_FR\" \/>\n<meta property=\"og:locale:alternate\" content=\"ru_RU\" \/>\n<meta property=\"og:locale:alternate\" content=\"en_US\" \/>\n<meta property=\"og:type\" content=\"article\" \/>\n<meta property=\"og:title\" content=\"Programmes de bien-\u00eatre\" \/>\n<meta property=\"og:description\" content=\"Ces programmes ne se limitent pas \u00e0 des bilans de sant\u00e9 ponctuels, mais visent un suivi de sant\u00e9 syst\u00e9matique et la pr\u00e9vention des maladies \u00e0 long terme. Ils reposent notamment sur l&#8217;alliance des technologies num\u00e9riques et d&#8217;une approche personnalis\u00e9e. Les entreprises modernes reconnaissent de plus en plus une formule simple: un employ\u00e9 en bonne sant\u00e9 [&hellip;]\" \/>\n<meta property=\"og:url\" content=\"https:\/\/medbank.net\/fr\/projects\/project-10\/\" \/>\n<meta property=\"og:site_name\" content=\"MEDBANK\" \/>\n<meta property=\"article:modified_time\" content=\"2026-04-15T06:37:38+00:00\" \/>\n<meta property=\"og:image\" content=\"https:\/\/medbank.net\/wp-content\/uploads\/2026\/04\/project-img-9-2-scaled.jpg\" \/>\n\t<meta property=\"og:image:width\" content=\"2560\" \/>\n\t<meta property=\"og:image:height\" content=\"1707\" \/>\n\t<meta property=\"og:image:type\" content=\"image\/jpeg\" \/>\n<meta name=\"twitter:card\" content=\"summary_large_image\" \/>\n<meta name=\"twitter:label1\" content=\"Dur\u00e9e de lecture estim\u00e9e\" \/>\n\t<meta name=\"twitter:data1\" content=\"3 minutes\" \/>\n<script type=\"application\/ld+json\" class=\"yoast-schema-graph\">{\"@context\":\"https:\/\/schema.org\",\"@graph\":[{\"@type\":\"WebPage\",\"@id\":\"https:\/\/medbank.net\/fr\/projects\/project-10\/\",\"url\":\"https:\/\/medbank.net\/fr\/projects\/project-10\/\",\"name\":\"Programmes de bien-\u00eatre\",\"isPartOf\":{\"@id\":\"https:\/\/medbank.net\/#website\"},\"primaryImageOfPage\":{\"@id\":\"https:\/\/medbank.net\/fr\/projects\/project-10\/#primaryimage\"},\"image\":{\"@id\":\"https:\/\/medbank.net\/fr\/projects\/project-10\/#primaryimage\"},\"thumbnailUrl\":\"https:\/\/medbank.net\/wp-content\/uploads\/2026\/04\/project-img-9-2-scaled.jpg\",\"datePublished\":\"2026-04-07T12:12:13+00:00\",\"dateModified\":\"2026-04-15T06:37:38+00:00\",\"breadcrumb\":{\"@id\":\"https:\/\/medbank.net\/fr\/projects\/project-10\/#breadcrumb\"},\"inLanguage\":\"fr-FR\",\"potentialAction\":[{\"@type\":\"ReadAction\",\"target\":[\"https:\/\/medbank.net\/fr\/projects\/project-10\/\"]}]},{\"@type\":\"ImageObject\",\"inLanguage\":\"fr-FR\",\"@id\":\"https:\/\/medbank.net\/fr\/projects\/project-10\/#primaryimage\",\"url\":\"https:\/\/medbank.net\/wp-content\/uploads\/2026\/04\/project-img-9-2-scaled.jpg\",\"contentUrl\":\"https:\/\/medbank.net\/wp-content\/uploads\/2026\/04\/project-img-9-2-scaled.jpg\",\"width\":2560,\"height\":1707},{\"@type\":\"BreadcrumbList\",\"@id\":\"https:\/\/medbank.net\/fr\/projects\/project-10\/#breadcrumb\",\"itemListElement\":[{\"@type\":\"ListItem\",\"position\":1,\"name\":\"\u041f\u0440\u043e\u0435\u043a\u0442\u044b\",\"item\":\"https:\/\/medbank.net\/projects\/\"},{\"@type\":\"ListItem\",\"position\":2,\"name\":\"Programmes de bien-\u00eatre\"}]},{\"@type\":\"WebSite\",\"@id\":\"https:\/\/medbank.net\/#website\",\"url\":\"https:\/\/medbank.net\/\",\"name\":\"MEDBANK\",\"description\":\"\",\"publisher\":{\"@id\":\"https:\/\/medbank.net\/#organization\"},\"potentialAction\":[{\"@type\":\"SearchAction\",\"target\":{\"@type\":\"EntryPoint\",\"urlTemplate\":\"https:\/\/medbank.net\/?s={search_term_string}\"},\"query-input\":{\"@type\":\"PropertyValueSpecification\",\"valueRequired\":true,\"valueName\":\"search_term_string\"}}],\"inLanguage\":\"fr-FR\"},{\"@type\":\"Organization\",\"@id\":\"https:\/\/medbank.net\/#organization\",\"name\":\"MEDBANK\",\"url\":\"https:\/\/medbank.net\/\",\"logo\":{\"@type\":\"ImageObject\",\"inLanguage\":\"fr-FR\",\"@id\":\"https:\/\/medbank.net\/#\/schema\/logo\/image\/\",\"url\":\"https:\/\/medbank.net\/wp-content\/uploads\/2024\/11\/logo.svg\",\"contentUrl\":\"https:\/\/medbank.net\/wp-content\/uploads\/2024\/11\/logo.svg\",\"width\":230,\"height\":42,\"caption\":\"MEDBANK\"},\"image\":{\"@id\":\"https:\/\/medbank.net\/#\/schema\/logo\/image\/\"}}]}<\/script>\n<!-- \/ Yoast SEO plugin. -->","yoast_head_json":{"title":"Programmes de bien-\u00eatre","robots":{"index":"index","follow":"follow","max-snippet":"max-snippet:-1","max-image-preview":"max-image-preview:large","max-video-preview":"max-video-preview:-1"},"canonical":"https:\/\/medbank.net\/fr\/projects\/project-10\/","og_locale":"fr_FR","og_type":"article","og_title":"[:ru]Well\u2011being \u043f\u0440\u043e\u0433\u0440\u0430\u043c\u043c\u044b[:en]Well\u2011being programs[:fr]Programmes de bien-\u00eatre[:] - MEDBANK","og_description":"Ces programmes ne se limitent pas \u00e0 des bilans de sant\u00e9 ponctuels, mais visent un suivi de sant\u00e9 syst\u00e9matique et la pr\u00e9vention des maladies \u00e0 long terme. Ils reposent notamment sur l&#8217;alliance des technologies num\u00e9riques et d&#8217;une approche personnalis\u00e9e. Les entreprises modernes reconnaissent de plus en plus une formule simple: un employ\u00e9 en bonne sant\u00e9 [&hellip;]","og_url":"https:\/\/medbank.net\/fr\/projects\/project-10\/","og_site_name":"MEDBANK","article_modified_time":"2026-04-15T06:37:38+00:00","og_image":[{"width":2560,"height":1707,"url":"https:\/\/medbank.net\/wp-content\/uploads\/2026\/04\/project-img-9-2-scaled.jpg","type":"image\/jpeg"}],"twitter_card":"summary_large_image","twitter_misc":{"Dur\u00e9e de lecture estim\u00e9e":"3 minutes"},"schema":{"@context":"https:\/\/schema.org","@graph":[{"@type":"WebPage","@id":"https:\/\/medbank.net\/fr\/projects\/project-10\/","url":"https:\/\/medbank.net\/fr\/projects\/project-10\/","name":"Programmes de bien-\u00eatre","isPartOf":{"@id":"https:\/\/medbank.net\/#website"},"primaryImageOfPage":{"@id":"https:\/\/medbank.net\/fr\/projects\/project-10\/#primaryimage"},"image":{"@id":"https:\/\/medbank.net\/fr\/projects\/project-10\/#primaryimage"},"thumbnailUrl":"https:\/\/medbank.net\/wp-content\/uploads\/2026\/04\/project-img-9-2-scaled.jpg","datePublished":"2026-04-07T12:12:13+00:00","dateModified":"2026-04-15T06:37:38+00:00","breadcrumb":{"@id":"https:\/\/medbank.net\/fr\/projects\/project-10\/#breadcrumb"},"inLanguage":"fr-FR","potentialAction":[{"@type":"ReadAction","target":["https:\/\/medbank.net\/fr\/projects\/project-10\/"]}]},{"@type":"ImageObject","inLanguage":"fr-FR","@id":"https:\/\/medbank.net\/fr\/projects\/project-10\/#primaryimage","url":"https:\/\/medbank.net\/wp-content\/uploads\/2026\/04\/project-img-9-2-scaled.jpg","contentUrl":"https:\/\/medbank.net\/wp-content\/uploads\/2026\/04\/project-img-9-2-scaled.jpg","width":2560,"height":1707},{"@type":"BreadcrumbList","@id":"https:\/\/medbank.net\/fr\/projects\/project-10\/#breadcrumb","itemListElement":[{"@type":"ListItem","position":1,"name":"\u041f\u0440\u043e\u0435\u043a\u0442\u044b","item":"https:\/\/medbank.net\/projects\/"},{"@type":"ListItem","position":2,"name":"Programmes de bien-\u00eatre"}]},{"@type":"WebSite","@id":"https:\/\/medbank.net\/#website","url":"https:\/\/medbank.net\/","name":"MEDBANK","description":"","publisher":{"@id":"https:\/\/medbank.net\/#organization"},"potentialAction":[{"@type":"SearchAction","target":{"@type":"EntryPoint","urlTemplate":"https:\/\/medbank.net\/?s={search_term_string}"},"query-input":{"@type":"PropertyValueSpecification","valueRequired":true,"valueName":"search_term_string"}}],"inLanguage":"fr-FR"},{"@type":"Organization","@id":"https:\/\/medbank.net\/#organization","name":"MEDBANK","url":"https:\/\/medbank.net\/","logo":{"@type":"ImageObject","inLanguage":"fr-FR","@id":"https:\/\/medbank.net\/#\/schema\/logo\/image\/","url":"https:\/\/medbank.net\/wp-content\/uploads\/2024\/11\/logo.svg","contentUrl":"https:\/\/medbank.net\/wp-content\/uploads\/2024\/11\/logo.svg","width":230,"height":42,"caption":"MEDBANK"},"image":{"@id":"https:\/\/medbank.net\/#\/schema\/logo\/image\/"}}]}},"acf":[],"_links":{"self":[{"href":"https:\/\/medbank.net\/fr\/wp-json\/wp\/v2\/pages\/1280","targetHints":{"allow":["GET"]}}],"collection":[{"href":"https:\/\/medbank.net\/fr\/wp-json\/wp\/v2\/pages"}],"about":[{"href":"https:\/\/medbank.net\/fr\/wp-json\/wp\/v2\/types\/page"}],"author":[{"embeddable":true,"href":"https:\/\/medbank.net\/fr\/wp-json\/wp\/v2\/users\/20"}],"replies":[{"embeddable":true,"href":"https:\/\/medbank.net\/fr\/wp-json\/wp\/v2\/comments?post=1280"}],"version-history":[{"count":6,"href":"https:\/\/medbank.net\/fr\/wp-json\/wp\/v2\/pages\/1280\/revisions"}],"predecessor-version":[{"id":1449,"href":"https:\/\/medbank.net\/fr\/wp-json\/wp\/v2\/pages\/1280\/revisions\/1449"}],"up":[{"embeddable":true,"href":"https:\/\/medbank.net\/fr\/wp-json\/wp\/v2\/pages\/852"}],"wp:featuredmedia":[{"embeddable":true,"href":"https:\/\/medbank.net\/fr\/wp-json\/wp\/v2\/media\/1313"}],"wp:attachment":[{"href":"https:\/\/medbank.net\/fr\/wp-json\/wp\/v2\/media?parent=1280"}],"curies":[{"name":"wp","href":"https:\/\/api.w.org\/{rel}","templated":true}]}}