{"id":1091,"date":"2026-03-24T16:37:04","date_gmt":"2026-03-24T13:37:04","guid":{"rendered":"https:\/\/medbank.net\/?page_id=1091"},"modified":"2026-04-14T11:40:09","modified_gmt":"2026-04-14T08:40:09","slug":"project-3","status":"publish","type":"page","link":"https:\/\/medbank.net\/fr\/projects\/project-3\/","title":{"rendered":"Syst\u00e8me de r\u00e9partition des flux de patients pour les examens avant d\u00e9part \u00e0 distance"},"content":{"rendered":"\n<p>Gr\u00e2ce \u00e0 la plateforme num\u00e9rique \u201cDimeco\u201d et \u00e0 son syst\u00e8me mat\u00e9riel et logiciel, un seul professionnel de sant\u00e9 peut d\u00e9sormais prendre en charge jusqu&#8217;\u00e0 3\u00a0000 patients par poste, soit 50 fois plus que les normes du secteur.<\/p>\n\n\n\n<p>Face \u00e0 la popularit\u00e9 croissante des examens m\u00e9dicaux \u00e0 distance, les conducteurs se sont retrouv\u00e9s dans de longues files d&#8217;attente et le personnel m\u00e9dical \u00e9tait d\u00e9bord\u00e9. Le probl\u00e8me \u00e9tait particuli\u00e8rement aigu le matin, lorsque des milliers de conducteurs demandaient simultan\u00e9ment leur autorisation.<\/p>\n\n\n\n<p>Un nouveau syst\u00e8me de r\u00e9partition des flux de patients pour les examens avant d\u00e9part \u00e0 distance a permis de r\u00e9duire la dur\u00e9e de l&#8217;examen \u00e0 10 secondes et de r\u00e9soudre le probl\u00e8me de p\u00e9nurie de personnel aux heures de pointe. Ce syst\u00e8me repose sur l&#8217;intelligence artificielle (IA), un syst\u00e8me d&#8217;aide \u00e0 la d\u00e9cision m\u00e9dicale (SADM) et un principe \u201c\u00e0 un seul bouton\u201d.<\/p>\n\n\n\n<figure class=\"wp-block-gallery has-nested-images columns-default is-cropped mb-5 mt-5 wp-block-gallery-1 is-layout-flex wp-block-gallery-is-layout-flex\">\n<figure class=\"wp-block-image size-large\"><img loading=\"lazy\" decoding=\"async\" width=\"1024\" height=\"576\" data-id=\"1243\" src=\"https:\/\/medbank.net\/wp-content\/uploads\/2026\/03\/project-6-3-new-1024x576.webp\" alt=\"\" class=\"wp-image-1243\" srcset=\"https:\/\/medbank.net\/wp-content\/uploads\/2026\/03\/project-6-3-new-1024x576.webp 1024w, https:\/\/medbank.net\/wp-content\/uploads\/2026\/03\/project-6-3-new-300x169.webp 300w, https:\/\/medbank.net\/wp-content\/uploads\/2026\/03\/project-6-3-new-768x432.webp 768w, https:\/\/medbank.net\/wp-content\/uploads\/2026\/03\/project-6-3-new-1536x864.webp 1536w, https:\/\/medbank.net\/wp-content\/uploads\/2026\/03\/project-6-3-new-2048x1152.webp 2048w\" sizes=\"auto, (max-width: 1024px) 100vw, 1024px\" \/><\/figure>\n\n\n\n<figure class=\"wp-block-image size-full\"><img loading=\"lazy\" decoding=\"async\" width=\"2560\" height=\"1440\" data-id=\"1135\" src=\"https:\/\/medbank.net\/wp-content\/uploads\/2026\/03\/project-6-2-scaled.webp\" alt=\"\" class=\"wp-image-1135\" srcset=\"https:\/\/medbank.net\/wp-content\/uploads\/2026\/03\/project-6-2-scaled.webp 2560w, https:\/\/medbank.net\/wp-content\/uploads\/2026\/03\/project-6-2-300x169.webp 300w, https:\/\/medbank.net\/wp-content\/uploads\/2026\/03\/project-6-2-1024x576.webp 1024w, https:\/\/medbank.net\/wp-content\/uploads\/2026\/03\/project-6-2-768x432.webp 768w, https:\/\/medbank.net\/wp-content\/uploads\/2026\/03\/project-6-2-1536x864.webp 1536w, https:\/\/medbank.net\/wp-content\/uploads\/2026\/03\/project-6-2-2048x1152.webp 2048w\" sizes=\"auto, (max-width: 2560px) 100vw, 2560px\" \/><\/figure>\n\n\n\n<figure class=\"wp-block-image size-full\"><img loading=\"lazy\" decoding=\"async\" width=\"2560\" height=\"1440\" data-id=\"1137\" src=\"https:\/\/medbank.net\/wp-content\/uploads\/2026\/03\/project-6-3-scaled.webp\" alt=\"\" class=\"wp-image-1137\" srcset=\"https:\/\/medbank.net\/wp-content\/uploads\/2026\/03\/project-6-3-scaled.webp 2560w, https:\/\/medbank.net\/wp-content\/uploads\/2026\/03\/project-6-3-300x169.webp 300w, https:\/\/medbank.net\/wp-content\/uploads\/2026\/03\/project-6-3-1024x576.webp 1024w, https:\/\/medbank.net\/wp-content\/uploads\/2026\/03\/project-6-3-768x432.webp 768w, https:\/\/medbank.net\/wp-content\/uploads\/2026\/03\/project-6-3-1536x864.webp 1536w, https:\/\/medbank.net\/wp-content\/uploads\/2026\/03\/project-6-3-2048x1152.webp 2048w\" sizes=\"auto, (max-width: 2560px) 100vw, 2560px\" \/><\/figure>\n<\/figure>\n\n\n\n<h2 class=\"wp-block-heading mb-5 mt-5\">Comment fonctionne le syst\u00e8me<\/h2>\n\n\n\n<div class=\"wp-block-columns mt-5 is-layout-flex wp-container-core-columns-is-layout-9d6595d7 wp-block-columns-is-layout-flex\">\n<div class=\"wp-block-column card gray is-layout-flow wp-block-column-is-layout-flow\">\n<h5 class=\"wp-block-heading\">1. Collecte et transfert de donn\u00e9es<\/h5>\n\n\n\n<p>Le compte personnel du professionnel de sant\u00e9 re\u00e7oit les donn\u00e9es collect\u00e9es aupr\u00e8s des patients (tension art\u00e9rielle, pouls, temp\u00e9rature, r\u00e9sultats des tests d&#8217;alcool\u00e9mie et autres param\u00e8tres) obtenues \u00e0 partir de bornes libre-service ou via une application mobile.<\/p>\n<\/div>\n\n\n\n<div class=\"wp-block-column card gray is-layout-flow wp-block-column-is-layout-flow\">\n<h5 class=\"wp-block-heading\">2. Identification et contr\u00f4le<\/h5>\n\n\n\n<p>Le m\u00e9decin identifie le conducteur \u00e0 l&#8217;aide d&#8217;une photo ou d&#8217;un document et effectue une derni\u00e8re v\u00e9rification des donn\u00e9es re\u00e7ues.<\/p>\n<\/div>\n\n\n\n<div class=\"wp-block-column card gray is-layout-flow wp-block-column-is-layout-flow\">\n<h5 class=\"wp-block-heading\">3. Assistance intelligente<\/h5>\n\n\n\n<p>L&#8217;intelligence artificielle et un syst\u00e8me d&#8217;aide \u00e0 la d\u00e9cision m\u00e9dicale (SADM) analysent automatiquement les donn\u00e9es. En cas d&#8217;anomalie, le syst\u00e8me la signale par un indicateur de couleur, attirant ainsi l&#8217;attention du m\u00e9decin.<\/p>\n<\/div>\n<\/div>\n\n\n\n<div class=\"wp-block-columns mb-5 is-layout-flex wp-container-core-columns-is-layout-9d6595d7 wp-block-columns-is-layout-flex\">\n<div class=\"wp-block-column card gray is-layout-flow wp-block-column-is-layout-flow\">\n<h5 class=\"wp-block-heading\">4. Prise de d\u00e9cision<\/h5>\n\n\n\n<p>Admission ou non-admission au travail d&#8217;un conducteur se fait d&#8217;un simple clic. L&#8217;op\u00e9ration ne prend que quelques secondes<\/p>\n<\/div>\n\n\n\n<div class=\"wp-block-column card gray is-layout-flow wp-block-column-is-layout-flow\">\n<h5 class=\"wp-block-heading\">5. Importance juridique<\/h5>\n\n\n\n<p>Chaque acte accompli par le personnel m\u00e9dical est automatiquement certifi\u00e9 par une signature \u00e9lectronique qualifi\u00e9e renforc\u00e9e (SEQR). Le syst\u00e8me est enti\u00e8rement conforme aux exigences du minist\u00e8re russe de la Sant\u00e9 Publique.<\/p>\n<\/div>\n<\/div>\n\n\n\n<p>Pour garantir un fonctionnement continu 24h\/24 et 7j\/7, le syst\u00e8me tient compte des fuseaux horaires et anticipe les pics d&#8217;activit\u00e9, en connectant les m\u00e9decins des r\u00e9gions moins sollicit\u00e9es. Il analyse \u00e9galement quotidiennement la charge de travail de chaque professionnel de sant\u00e9 \u00e0 diff\u00e9rents moments de la journ\u00e9e.<\/p>\n\n\n\n<h2 class=\"wp-block-heading mb-5 mt-5\">R\u00e9sultats de la mise en \u0153uvre<\/h2>\n\n\n\n<p class=\"mb-5\">La mise en \u0153uvre d&#8217;un syst\u00e8me de r\u00e9partition des flux de patients a permis d&#8217;accro\u00eetre significativement l&#8217;efficacit\u00e9 de l&#8217;entreprise.<\/p>\n\n\n\n<div class=\"wp-block-columns mb-5 is-layout-flex wp-container-core-columns-is-layout-9d6595d7 wp-block-columns-is-layout-flex\">\n<div class=\"wp-block-column card gray is-layout-flow wp-block-column-is-layout-flow\">\n<p>Le m\u00e9decin examine jusqu&#8217;\u00e0 <strong>3 000<\/strong> patients par poste, soit <strong>50 fois<\/strong> plus qu&#8217;auparavant.<\/p>\n<\/div>\n\n\n\n<div class=\"wp-block-column card gray is-layout-flow wp-block-column-is-layout-flow\">\n<p>Le temps de traitement d&#8217;une commande a \u00e9t\u00e9 r\u00e9duit \u00e0 <strong>10 secondes<\/strong>.<\/p>\n<\/div>\n\n\n\n<div class=\"wp-block-column card gray is-layout-flow wp-block-column-is-layout-flow\">\n<p>Les clients acc\u00e8dent aux voyages en <strong>90 secondes<\/strong>, sans file d&#8217;attente, m\u00eame aux heures de pointe.<\/p>\n<\/div>\n<\/div>\n\n\n\n<p id=\"card-dark\">Cette technologie a prouv\u00e9 sa fiabilit\u00e9 et peut \u00eatre facilement adapt\u00e9e \u00e0 de nouvelles t\u00e2ches, tout en restant un outil efficace pour optimiser les processus m\u00e9tier.<\/p>\n","protected":false},"excerpt":{"rendered":"<p>Gr\u00e2ce \u00e0 la plateforme num\u00e9rique \u201cDimeco\u201d et \u00e0 son syst\u00e8me mat\u00e9riel et logiciel, un seul professionnel de sant\u00e9 peut d\u00e9sormais prendre en charge jusqu&#8217;\u00e0 3\u00a0000 patients par poste, soit 50 fois plus que les normes du secteur. Face \u00e0 la popularit\u00e9 croissante des examens m\u00e9dicaux \u00e0 distance, les conducteurs se sont retrouv\u00e9s dans de longues [&hellip;]<\/p>\n","protected":false},"author":20,"featured_media":1249,"parent":852,"menu_order":22,"comment_status":"closed","ping_status":"closed","template":"templates\/template-page-project-single.php","meta":{"_acf_changed":false,"inline_featured_image":false,"footnotes":""},"class_list":["post-1091","page","type-page","status-publish","has-post-thumbnail","hentry"],"yoast_head":"<!-- This site is optimized with the Yoast SEO plugin v27.2 - https:\/\/yoast.com\/product\/yoast-seo-wordpress\/ -->\n<title>Syst\u00e8me de r\u00e9partition des flux de patients pour les examens avant d\u00e9part \u00e0 distance<\/title>\n<meta name=\"robots\" content=\"index, follow, max-snippet:-1, max-image-preview:large, max-video-preview:-1\" \/>\n<link rel=\"canonical\" href=\"https:\/\/medbank.net\/fr\/projects\/project-3\/\" \/>\n<meta property=\"og:locale\" content=\"fr_FR\" \/>\n<meta property=\"og:locale:alternate\" content=\"ru_RU\" \/>\n<meta property=\"og:locale:alternate\" content=\"en_US\" \/>\n<meta property=\"og:type\" content=\"article\" \/>\n<meta property=\"og:title\" content=\"Syst\u00e8me de r\u00e9partition des flux de patients pour les examens avant d\u00e9part \u00e0 distance\" \/>\n<meta property=\"og:description\" content=\"Gr\u00e2ce \u00e0 la plateforme num\u00e9rique \u201cDimeco\u201d et \u00e0 son syst\u00e8me mat\u00e9riel et logiciel, un seul professionnel de sant\u00e9 peut d\u00e9sormais prendre en charge jusqu&#8217;\u00e0 3\u00a0000 patients par poste, soit 50 fois plus que les normes du secteur. Face \u00e0 la popularit\u00e9 croissante des examens m\u00e9dicaux \u00e0 distance, les conducteurs se sont retrouv\u00e9s dans de longues [&hellip;]\" \/>\n<meta property=\"og:url\" content=\"https:\/\/medbank.net\/fr\/projects\/project-3\/\" \/>\n<meta property=\"og:site_name\" content=\"MEDBANK\" \/>\n<meta property=\"article:modified_time\" content=\"2026-04-14T08:40:09+00:00\" \/>\n<meta property=\"og:image\" content=\"https:\/\/medbank.net\/wp-content\/uploads\/2026\/04\/direction-new.png\" \/>\n\t<meta property=\"og:image:width\" content=\"1536\" \/>\n\t<meta property=\"og:image:height\" content=\"1024\" \/>\n\t<meta property=\"og:image:type\" content=\"image\/png\" \/>\n<meta name=\"twitter:card\" content=\"summary_large_image\" \/>\n<meta name=\"twitter:label1\" content=\"Dur\u00e9e de lecture estim\u00e9e\" \/>\n\t<meta name=\"twitter:data1\" content=\"4 minutes\" \/>\n<script type=\"application\/ld+json\" class=\"yoast-schema-graph\">{\"@context\":\"https:\/\/schema.org\",\"@graph\":[{\"@type\":\"WebPage\",\"@id\":\"https:\/\/medbank.net\/fr\/projects\/project-3\/\",\"url\":\"https:\/\/medbank.net\/fr\/projects\/project-3\/\",\"name\":\"Syst\u00e8me de r\u00e9partition des flux de patients pour les examens avant d\u00e9part \u00e0 distance\",\"isPartOf\":{\"@id\":\"https:\/\/medbank.net\/#website\"},\"primaryImageOfPage\":{\"@id\":\"https:\/\/medbank.net\/fr\/projects\/project-3\/#primaryimage\"},\"image\":{\"@id\":\"https:\/\/medbank.net\/fr\/projects\/project-3\/#primaryimage\"},\"thumbnailUrl\":\"https:\/\/medbank.net\/wp-content\/uploads\/2026\/04\/direction-new.png\",\"datePublished\":\"2026-03-24T13:37:04+00:00\",\"dateModified\":\"2026-04-14T08:40:09+00:00\",\"breadcrumb\":{\"@id\":\"https:\/\/medbank.net\/fr\/projects\/project-3\/#breadcrumb\"},\"inLanguage\":\"fr-FR\",\"potentialAction\":[{\"@type\":\"ReadAction\",\"target\":[\"https:\/\/medbank.net\/fr\/projects\/project-3\/\"]}]},{\"@type\":\"ImageObject\",\"inLanguage\":\"fr-FR\",\"@id\":\"https:\/\/medbank.net\/fr\/projects\/project-3\/#primaryimage\",\"url\":\"https:\/\/medbank.net\/wp-content\/uploads\/2026\/04\/direction-new.png\",\"contentUrl\":\"https:\/\/medbank.net\/wp-content\/uploads\/2026\/04\/direction-new.png\",\"width\":1536,\"height\":1024},{\"@type\":\"BreadcrumbList\",\"@id\":\"https:\/\/medbank.net\/fr\/projects\/project-3\/#breadcrumb\",\"itemListElement\":[{\"@type\":\"ListItem\",\"position\":1,\"name\":\"\u041f\u0440\u043e\u0435\u043a\u0442\u044b\",\"item\":\"https:\/\/medbank.net\/projects\/\"},{\"@type\":\"ListItem\",\"position\":2,\"name\":\"Syst\u00e8me de r\u00e9partition des flux de patients pour les examens avant d\u00e9part \u00e0 distance\"}]},{\"@type\":\"WebSite\",\"@id\":\"https:\/\/medbank.net\/#website\",\"url\":\"https:\/\/medbank.net\/\",\"name\":\"MEDBANK\",\"description\":\"\",\"publisher\":{\"@id\":\"https:\/\/medbank.net\/#organization\"},\"potentialAction\":[{\"@type\":\"SearchAction\",\"target\":{\"@type\":\"EntryPoint\",\"urlTemplate\":\"https:\/\/medbank.net\/?s={search_term_string}\"},\"query-input\":{\"@type\":\"PropertyValueSpecification\",\"valueRequired\":true,\"valueName\":\"search_term_string\"}}],\"inLanguage\":\"fr-FR\"},{\"@type\":\"Organization\",\"@id\":\"https:\/\/medbank.net\/#organization\",\"name\":\"MEDBANK\",\"url\":\"https:\/\/medbank.net\/\",\"logo\":{\"@type\":\"ImageObject\",\"inLanguage\":\"fr-FR\",\"@id\":\"https:\/\/medbank.net\/#\/schema\/logo\/image\/\",\"url\":\"https:\/\/medbank.net\/wp-content\/uploads\/2024\/11\/logo.svg\",\"contentUrl\":\"https:\/\/medbank.net\/wp-content\/uploads\/2024\/11\/logo.svg\",\"width\":230,\"height\":42,\"caption\":\"MEDBANK\"},\"image\":{\"@id\":\"https:\/\/medbank.net\/#\/schema\/logo\/image\/\"}}]}<\/script>\n<!-- \/ Yoast SEO plugin. -->","yoast_head_json":{"title":"Syst\u00e8me de r\u00e9partition des flux de patients pour les examens avant d\u00e9part \u00e0 distance","robots":{"index":"index","follow":"follow","max-snippet":"max-snippet:-1","max-image-preview":"max-image-preview:large","max-video-preview":"max-video-preview:-1"},"canonical":"https:\/\/medbank.net\/fr\/projects\/project-3\/","og_locale":"fr_FR","og_type":"article","og_title":"[:ru]\u0421\u0438\u0441\u0442\u0435\u043c\u0430 \u0440\u0430\u0441\u043f\u0440\u0435\u0434\u0435\u043b\u0435\u043d\u0438\u044f \u043f\u0430\u0446\u0438\u0435\u043d\u0442\u043e\u043f\u043e\u0442\u043e\u043a\u0430 \u0434\u043b\u044f \u0434\u0438\u0441\u0442\u0430\u043d\u0446\u0438\u043e\u043d\u043d\u044b\u0445 \u043f\u0440\u0435\u0434\u0440\u0435\u0439\u0441\u043e\u0432\u044b\u0445 \u043e\u0441\u043c\u043e\u0442\u0440\u043e\u0432[:en]Patient flow distribution system for remote pre-trip examinations[:fr]Syst\u00e8me de r\u00e9partition des flux de patients pour les examens avant d\u00e9part \u00e0 distance[:] - MEDBANK","og_description":"Gr\u00e2ce \u00e0 la plateforme num\u00e9rique \u201cDimeco\u201d et \u00e0 son syst\u00e8me mat\u00e9riel et logiciel, un seul professionnel de sant\u00e9 peut d\u00e9sormais prendre en charge jusqu&#8217;\u00e0 3\u00a0000 patients par poste, soit 50 fois plus que les normes du secteur. Face \u00e0 la popularit\u00e9 croissante des examens m\u00e9dicaux \u00e0 distance, les conducteurs se sont retrouv\u00e9s dans de longues [&hellip;]","og_url":"https:\/\/medbank.net\/fr\/projects\/project-3\/","og_site_name":"MEDBANK","article_modified_time":"2026-04-14T08:40:09+00:00","og_image":[{"width":1536,"height":1024,"url":"https:\/\/medbank.net\/wp-content\/uploads\/2026\/04\/direction-new.png","type":"image\/png"}],"twitter_card":"summary_large_image","twitter_misc":{"Dur\u00e9e de lecture estim\u00e9e":"4 minutes"},"schema":{"@context":"https:\/\/schema.org","@graph":[{"@type":"WebPage","@id":"https:\/\/medbank.net\/fr\/projects\/project-3\/","url":"https:\/\/medbank.net\/fr\/projects\/project-3\/","name":"Syst\u00e8me de r\u00e9partition des flux de patients pour les examens avant d\u00e9part \u00e0 distance","isPartOf":{"@id":"https:\/\/medbank.net\/#website"},"primaryImageOfPage":{"@id":"https:\/\/medbank.net\/fr\/projects\/project-3\/#primaryimage"},"image":{"@id":"https:\/\/medbank.net\/fr\/projects\/project-3\/#primaryimage"},"thumbnailUrl":"https:\/\/medbank.net\/wp-content\/uploads\/2026\/04\/direction-new.png","datePublished":"2026-03-24T13:37:04+00:00","dateModified":"2026-04-14T08:40:09+00:00","breadcrumb":{"@id":"https:\/\/medbank.net\/fr\/projects\/project-3\/#breadcrumb"},"inLanguage":"fr-FR","potentialAction":[{"@type":"ReadAction","target":["https:\/\/medbank.net\/fr\/projects\/project-3\/"]}]},{"@type":"ImageObject","inLanguage":"fr-FR","@id":"https:\/\/medbank.net\/fr\/projects\/project-3\/#primaryimage","url":"https:\/\/medbank.net\/wp-content\/uploads\/2026\/04\/direction-new.png","contentUrl":"https:\/\/medbank.net\/wp-content\/uploads\/2026\/04\/direction-new.png","width":1536,"height":1024},{"@type":"BreadcrumbList","@id":"https:\/\/medbank.net\/fr\/projects\/project-3\/#breadcrumb","itemListElement":[{"@type":"ListItem","position":1,"name":"\u041f\u0440\u043e\u0435\u043a\u0442\u044b","item":"https:\/\/medbank.net\/projects\/"},{"@type":"ListItem","position":2,"name":"Syst\u00e8me de r\u00e9partition des flux de patients pour les examens avant d\u00e9part \u00e0 distance"}]},{"@type":"WebSite","@id":"https:\/\/medbank.net\/#website","url":"https:\/\/medbank.net\/","name":"MEDBANK","description":"","publisher":{"@id":"https:\/\/medbank.net\/#organization"},"potentialAction":[{"@type":"SearchAction","target":{"@type":"EntryPoint","urlTemplate":"https:\/\/medbank.net\/?s={search_term_string}"},"query-input":{"@type":"PropertyValueSpecification","valueRequired":true,"valueName":"search_term_string"}}],"inLanguage":"fr-FR"},{"@type":"Organization","@id":"https:\/\/medbank.net\/#organization","name":"MEDBANK","url":"https:\/\/medbank.net\/","logo":{"@type":"ImageObject","inLanguage":"fr-FR","@id":"https:\/\/medbank.net\/#\/schema\/logo\/image\/","url":"https:\/\/medbank.net\/wp-content\/uploads\/2024\/11\/logo.svg","contentUrl":"https:\/\/medbank.net\/wp-content\/uploads\/2024\/11\/logo.svg","width":230,"height":42,"caption":"MEDBANK"},"image":{"@id":"https:\/\/medbank.net\/#\/schema\/logo\/image\/"}}]}},"acf":[],"_links":{"self":[{"href":"https:\/\/medbank.net\/fr\/wp-json\/wp\/v2\/pages\/1091","targetHints":{"allow":["GET"]}}],"collection":[{"href":"https:\/\/medbank.net\/fr\/wp-json\/wp\/v2\/pages"}],"about":[{"href":"https:\/\/medbank.net\/fr\/wp-json\/wp\/v2\/types\/page"}],"author":[{"embeddable":true,"href":"https:\/\/medbank.net\/fr\/wp-json\/wp\/v2\/users\/20"}],"replies":[{"embeddable":true,"href":"https:\/\/medbank.net\/fr\/wp-json\/wp\/v2\/comments?post=1091"}],"version-history":[{"count":12,"href":"https:\/\/medbank.net\/fr\/wp-json\/wp\/v2\/pages\/1091\/revisions"}],"predecessor-version":[{"id":1420,"href":"https:\/\/medbank.net\/fr\/wp-json\/wp\/v2\/pages\/1091\/revisions\/1420"}],"up":[{"embeddable":true,"href":"https:\/\/medbank.net\/fr\/wp-json\/wp\/v2\/pages\/852"}],"wp:featuredmedia":[{"embeddable":true,"href":"https:\/\/medbank.net\/fr\/wp-json\/wp\/v2\/media\/1249"}],"wp:attachment":[{"href":"https:\/\/medbank.net\/fr\/wp-json\/wp\/v2\/media?parent=1091"}],"curies":[{"name":"wp","href":"https:\/\/api.w.org\/{rel}","templated":true}]}}