{"id":1087,"date":"2026-03-24T16:36:21","date_gmt":"2026-03-24T13:36:21","guid":{"rendered":"https:\/\/medbank.net\/?page_id=1087"},"modified":"2026-04-14T11:34:13","modified_gmt":"2026-04-14T08:34:13","slug":"project-8","status":"publish","type":"page","link":"https:\/\/medbank.net\/fr\/projects\/project-8\/","title":{"rendered":"Educational projects and development of young professionals"},"content":{"rendered":"\n<p>Participer \u00e0 la formation de jeunes sp\u00e9cialistes s&#8217;inscrit dans la strat\u00e9gie de d\u00e9veloppement industriel de Medbank. L&#8217;entreprise souhaite attirer des talents ma\u00eetrisant les technologies modernes et les enjeux de la transformation num\u00e9rique du secteur de la sant\u00e9.<\/p>\n\n\n\n<div class=\"wp-block-columns mb-5 mt-5 is-layout-flex wp-container-core-columns-is-layout-9d6595d7 wp-block-columns-is-layout-flex\" id=\"steps\">\n<div class=\"wp-block-column is-layout-flow wp-block-column-is-layout-flow\">\n<h2 class=\"wp-block-heading mb-3\">Partenariat et expertise scientifiques<\/h2>\n\n\n\n<p>L&#8217;entreprise participe activement \u00e0 la recherche et au d\u00e9veloppement. Par l&#8217;interm\u00e9diaire de l&#8217;Institut des probl\u00e8mes de gestion nomm\u00e9 d&#8217;apr\u00e8s V.A. Trapeznikov de l&#8217;Acad\u00e9mie des sciences de Russie (IPG ASR), les sp\u00e9cialistes de \u201cMedbank\u201d participent \u00e0 des conf\u00e9rences, des programmes de formation et des projets de recherche conjoints sur la num\u00e9risation de la sant\u00e9 publique et de la gestion des risques.<\/p>\n<\/div>\n\n\n\n<div class=\"wp-block-column is-layout-flow wp-block-column-is-layout-flow\">\n<h2 class=\"wp-block-heading mb-3\">Soutien aux concours \u00e9ducatifs et aux hackathons<\/h2>\n\n\n\n<p>En partenariat avec des concours \u00e9ducatifs et des hackathons, nous offrons aux \u00e9tudiants une plateforme pour r\u00e9soudre des probl\u00e8mes concrets en m\u00e9decine num\u00e9rique et en sant\u00e9 au travail. La participation \u00e0 ces \u00e9v\u00e9nements permet aux jeunes professionnels d&#8217;appliquer leurs connaissances th\u00e9oriques \u00e0 des cas r\u00e9els, de d\u00e9velopper leurs comp\u00e9tences en travail d&#8217;\u00e9quipe et en pr\u00e9sentation de solutions, et de recevoir de la r\u00e9action d&#8217;experts.<\/p>\n<\/div>\n<\/div>\n\n\n\n<figure class=\"wp-block-gallery has-nested-images columns-default is-cropped wp-block-gallery-1 is-layout-flex wp-block-gallery-is-layout-flex\">\n<figure class=\"wp-block-image size-full\"><img loading=\"lazy\" decoding=\"async\" width=\"2560\" height=\"1436\" data-id=\"1120\" src=\"https:\/\/medbank.net\/wp-content\/uploads\/2026\/03\/project-4-3-scaled.webp\" alt=\"\" class=\"wp-image-1120\" srcset=\"https:\/\/medbank.net\/wp-content\/uploads\/2026\/03\/project-4-3-scaled.webp 2560w, https:\/\/medbank.net\/wp-content\/uploads\/2026\/03\/project-4-3-300x168.webp 300w, https:\/\/medbank.net\/wp-content\/uploads\/2026\/03\/project-4-3-1024x574.webp 1024w, https:\/\/medbank.net\/wp-content\/uploads\/2026\/03\/project-4-3-768x431.webp 768w, https:\/\/medbank.net\/wp-content\/uploads\/2026\/03\/project-4-3-1536x862.webp 1536w, https:\/\/medbank.net\/wp-content\/uploads\/2026\/03\/project-4-3-2048x1149.webp 2048w\" sizes=\"auto, (max-width: 2560px) 100vw, 2560px\" \/><\/figure>\n\n\n\n<figure class=\"wp-block-image size-full\"><img loading=\"lazy\" decoding=\"async\" width=\"2560\" height=\"1436\" data-id=\"1119\" src=\"https:\/\/medbank.net\/wp-content\/uploads\/2026\/03\/project-4-4-scaled.webp\" alt=\"\" class=\"wp-image-1119\" srcset=\"https:\/\/medbank.net\/wp-content\/uploads\/2026\/03\/project-4-4-scaled.webp 2560w, https:\/\/medbank.net\/wp-content\/uploads\/2026\/03\/project-4-4-300x168.webp 300w, https:\/\/medbank.net\/wp-content\/uploads\/2026\/03\/project-4-4-1024x574.webp 1024w, https:\/\/medbank.net\/wp-content\/uploads\/2026\/03\/project-4-4-768x431.webp 768w, https:\/\/medbank.net\/wp-content\/uploads\/2026\/03\/project-4-4-1536x862.webp 1536w, https:\/\/medbank.net\/wp-content\/uploads\/2026\/03\/project-4-4-2048x1149.webp 2048w\" sizes=\"auto, (max-width: 2560px) 100vw, 2560px\" \/><\/figure>\n\n\n\n<figure class=\"wp-block-image size-full\"><img loading=\"lazy\" decoding=\"async\" width=\"2560\" height=\"1436\" data-id=\"1118\" src=\"https:\/\/medbank.net\/wp-content\/uploads\/2026\/03\/project-4-1-scaled.webp\" alt=\"\" class=\"wp-image-1118\" srcset=\"https:\/\/medbank.net\/wp-content\/uploads\/2026\/03\/project-4-1-scaled.webp 2560w, https:\/\/medbank.net\/wp-content\/uploads\/2026\/03\/project-4-1-300x168.webp 300w, https:\/\/medbank.net\/wp-content\/uploads\/2026\/03\/project-4-1-1024x574.webp 1024w, https:\/\/medbank.net\/wp-content\/uploads\/2026\/03\/project-4-1-768x431.webp 768w, https:\/\/medbank.net\/wp-content\/uploads\/2026\/03\/project-4-1-1536x862.webp 1536w, https:\/\/medbank.net\/wp-content\/uploads\/2026\/03\/project-4-1-2048x1149.webp 2048w\" sizes=\"auto, (max-width: 2560px) 100vw, 2560px\" \/><\/figure>\n\n\n\n<figure class=\"wp-block-image size-full\"><img loading=\"lazy\" decoding=\"async\" width=\"2560\" height=\"1436\" data-id=\"1117\" src=\"https:\/\/medbank.net\/wp-content\/uploads\/2026\/03\/project-4-2-scaled.webp\" alt=\"\" class=\"wp-image-1117\" srcset=\"https:\/\/medbank.net\/wp-content\/uploads\/2026\/03\/project-4-2-scaled.webp 2560w, https:\/\/medbank.net\/wp-content\/uploads\/2026\/03\/project-4-2-300x168.webp 300w, https:\/\/medbank.net\/wp-content\/uploads\/2026\/03\/project-4-2-1024x574.webp 1024w, https:\/\/medbank.net\/wp-content\/uploads\/2026\/03\/project-4-2-768x431.webp 768w, https:\/\/medbank.net\/wp-content\/uploads\/2026\/03\/project-4-2-1536x862.webp 1536w, https:\/\/medbank.net\/wp-content\/uploads\/2026\/03\/project-4-2-2048x1149.webp 2048w\" sizes=\"auto, (max-width: 2560px) 100vw, 2560px\" \/><\/figure>\n<\/figure>\n\n\n\n<h2 class=\"wp-block-heading mb-5 mt-5\">Coop\u00e9ration avec les universit\u00e9s<\/h2>\n\n\n\n<p class=\"mb-5\">\u201cMedbank\u201d d\u00e9veloppe des partenariats avec des \u00e9tablissements d&#8217;enseignement sp\u00e9cialis\u00e9s, offrant aux \u00e9tudiants un acc\u00e8s \u00e0 des connaissances pratiques et \u00e0 des cas concrets.<\/p>\n\n\n\n<div class=\"wp-block-columns is-layout-flex wp-container-core-columns-is-layout-9d6595d7 wp-block-columns-is-layout-flex\">\n<div class=\"wp-block-column card gray is-layout-flow wp-block-column-is-layout-flow\">\n<h5 class=\"wp-block-heading mb-3\">Universit\u00e9 sociale d&#8217;\u00c9tat russe (US\u00c9R)<\/h5>\n\n\n\n<p>Les sp\u00e9cialistes de l&#8217;entreprise donnent r\u00e9guli\u00e8rement des conf\u00e9rences aux \u00e9tudiants et organisent des projets de recherche conjoints. La participation \u00e0 ce processus de formation permet aux futurs sp\u00e9cialistes de se familiariser avec les approches modernes de la m\u00e9decine num\u00e9rique et des programmes de sant\u00e9 en entreprise.<\/p>\n<\/div>\n<\/div>\n\n\n\n<div class=\"wp-block-columns is-layout-flex wp-container-core-columns-is-layout-9d6595d7 wp-block-columns-is-layout-flex\">\n<div class=\"wp-block-column card gray is-layout-flow wp-block-column-is-layout-flow\">\n<h5 class=\"wp-block-heading mb-3\">Universit\u00e9 f\u00e9d\u00e9rale du Nord-Est nomm\u00e9 d&#8217;apr\u00e8s M.K. Ammosov (UFNE), Yakoutsk<\/h5>\n\n\n\n<p>L&#8217;entreprise joue le r\u00f4le de curateur de projets \u00e9ducatifs, aidant de jeunes chercheurs \u00e0 mettre en \u0153uvre des initiatives dans le domaine de la m\u00e9decine pr\u00e9ventive et des solutions de sant\u00e9 num\u00e9rique.<\/p>\n<\/div>\n<\/div>\n\n\n\n<div class=\"wp-block-columns is-layout-flex wp-container-core-columns-is-layout-9d6595d7 wp-block-columns-is-layout-flex\">\n<div class=\"wp-block-column card gray is-layout-flow wp-block-column-is-layout-flow\">\n<h5 class=\"wp-block-heading mb-3\">Institut des technologies informatiques et de la s\u00e9curit\u00e9 de l&#8217;information de l&#8217;Universit\u00e9 f\u00e9d\u00e9rale du Sud (SFedU)<\/h5>\n\n\n\n<p>Les \u00e9tudiants de l&#8217;institut assistent \u00e0 des s\u00e9minaires anim\u00e9s par des sp\u00e9cialistes en activit\u00e9. Les plus motiv\u00e9s ont la possibilit\u00e9 d&#8217;effectuer des stages et de d\u00e9couvrir des projets concrets dans les domaines de l&#8217;informatique et de la sant\u00e9 num\u00e9rique.<\/p>\n<\/div>\n<\/div>\n\n\n\n<p>Ces initiatives p\u00e9dagogiques permettent aux \u00e9tudiants de s&#8217;immerger dans un environnement professionnel pendant leurs \u00e9tudes, tandis que l&#8217;entreprise constitue un vivier de talents et partage son expertise.<\/p>\n","protected":false},"excerpt":{"rendered":"<p>Participer \u00e0 la formation de jeunes sp\u00e9cialistes s&#8217;inscrit dans la strat\u00e9gie de d\u00e9veloppement industriel de Medbank. L&#8217;entreprise souhaite attirer des talents ma\u00eetrisant les technologies modernes et les enjeux de la transformation num\u00e9rique du secteur de la sant\u00e9. Partenariat et expertise scientifiques L&#8217;entreprise participe activement \u00e0 la recherche et au d\u00e9veloppement. Par l&#8217;interm\u00e9diaire de l&#8217;Institut des [&hellip;]<\/p>\n","protected":false},"author":20,"featured_media":1117,"parent":852,"menu_order":27,"comment_status":"closed","ping_status":"closed","template":"templates\/template-page-project-single.php","meta":{"_acf_changed":false,"inline_featured_image":false,"footnotes":""},"class_list":["post-1087","page","type-page","status-publish","has-post-thumbnail","hentry"],"yoast_head":"<!-- This site is optimized with the Yoast SEO plugin v27.2 - https:\/\/yoast.com\/product\/yoast-seo-wordpress\/ -->\n<title>Educational projects and development of young professionals<\/title>\n<meta name=\"robots\" content=\"index, follow, max-snippet:-1, max-image-preview:large, max-video-preview:-1\" \/>\n<link rel=\"canonical\" href=\"https:\/\/medbank.net\/fr\/projects\/project-8\/\" \/>\n<meta property=\"og:locale\" content=\"fr_FR\" \/>\n<meta property=\"og:locale:alternate\" content=\"ru_RU\" \/>\n<meta property=\"og:locale:alternate\" content=\"en_US\" \/>\n<meta property=\"og:type\" content=\"article\" \/>\n<meta property=\"og:title\" content=\"Educational projects and development of young professionals\" \/>\n<meta property=\"og:description\" content=\"Participer \u00e0 la formation de jeunes sp\u00e9cialistes s&#8217;inscrit dans la strat\u00e9gie de d\u00e9veloppement industriel de Medbank. L&#8217;entreprise souhaite attirer des talents ma\u00eetrisant les technologies modernes et les enjeux de la transformation num\u00e9rique du secteur de la sant\u00e9. Partenariat et expertise scientifiques L&#8217;entreprise participe activement \u00e0 la recherche et au d\u00e9veloppement. Par l&#8217;interm\u00e9diaire de l&#8217;Institut des [&hellip;]\" \/>\n<meta property=\"og:url\" content=\"https:\/\/medbank.net\/fr\/projects\/project-8\/\" \/>\n<meta property=\"og:site_name\" content=\"MEDBANK\" \/>\n<meta property=\"article:modified_time\" content=\"2026-04-14T08:34:13+00:00\" \/>\n<meta property=\"og:image\" content=\"https:\/\/medbank.net\/wp-content\/uploads\/2026\/03\/project-4-2-scaled.webp\" \/>\n\t<meta property=\"og:image:width\" content=\"2560\" \/>\n\t<meta property=\"og:image:height\" content=\"1436\" \/>\n\t<meta property=\"og:image:type\" content=\"image\/webp\" \/>\n<meta name=\"twitter:card\" content=\"summary_large_image\" \/>\n<meta name=\"twitter:label1\" content=\"Dur\u00e9e de lecture estim\u00e9e\" \/>\n\t<meta name=\"twitter:data1\" content=\"4 minutes\" \/>\n<script type=\"application\/ld+json\" class=\"yoast-schema-graph\">{\"@context\":\"https:\/\/schema.org\",\"@graph\":[{\"@type\":\"WebPage\",\"@id\":\"https:\/\/medbank.net\/fr\/projects\/project-8\/\",\"url\":\"https:\/\/medbank.net\/fr\/projects\/project-8\/\",\"name\":\"Educational projects and development of young professionals\",\"isPartOf\":{\"@id\":\"https:\/\/medbank.net\/#website\"},\"primaryImageOfPage\":{\"@id\":\"https:\/\/medbank.net\/fr\/projects\/project-8\/#primaryimage\"},\"image\":{\"@id\":\"https:\/\/medbank.net\/fr\/projects\/project-8\/#primaryimage\"},\"thumbnailUrl\":\"https:\/\/medbank.net\/wp-content\/uploads\/2026\/03\/project-4-2-scaled.webp\",\"datePublished\":\"2026-03-24T13:36:21+00:00\",\"dateModified\":\"2026-04-14T08:34:13+00:00\",\"breadcrumb\":{\"@id\":\"https:\/\/medbank.net\/fr\/projects\/project-8\/#breadcrumb\"},\"inLanguage\":\"fr-FR\",\"potentialAction\":[{\"@type\":\"ReadAction\",\"target\":[\"https:\/\/medbank.net\/fr\/projects\/project-8\/\"]}]},{\"@type\":\"ImageObject\",\"inLanguage\":\"fr-FR\",\"@id\":\"https:\/\/medbank.net\/fr\/projects\/project-8\/#primaryimage\",\"url\":\"https:\/\/medbank.net\/wp-content\/uploads\/2026\/03\/project-4-2-scaled.webp\",\"contentUrl\":\"https:\/\/medbank.net\/wp-content\/uploads\/2026\/03\/project-4-2-scaled.webp\",\"width\":2560,\"height\":1436},{\"@type\":\"BreadcrumbList\",\"@id\":\"https:\/\/medbank.net\/fr\/projects\/project-8\/#breadcrumb\",\"itemListElement\":[{\"@type\":\"ListItem\",\"position\":1,\"name\":\"\u041f\u0440\u043e\u0435\u043a\u0442\u044b\",\"item\":\"https:\/\/medbank.net\/projects\/\"},{\"@type\":\"ListItem\",\"position\":2,\"name\":\"Educational projects and development of young professionals\"}]},{\"@type\":\"WebSite\",\"@id\":\"https:\/\/medbank.net\/#website\",\"url\":\"https:\/\/medbank.net\/\",\"name\":\"MEDBANK\",\"description\":\"\",\"publisher\":{\"@id\":\"https:\/\/medbank.net\/#organization\"},\"potentialAction\":[{\"@type\":\"SearchAction\",\"target\":{\"@type\":\"EntryPoint\",\"urlTemplate\":\"https:\/\/medbank.net\/?s={search_term_string}\"},\"query-input\":{\"@type\":\"PropertyValueSpecification\",\"valueRequired\":true,\"valueName\":\"search_term_string\"}}],\"inLanguage\":\"fr-FR\"},{\"@type\":\"Organization\",\"@id\":\"https:\/\/medbank.net\/#organization\",\"name\":\"MEDBANK\",\"url\":\"https:\/\/medbank.net\/\",\"logo\":{\"@type\":\"ImageObject\",\"inLanguage\":\"fr-FR\",\"@id\":\"https:\/\/medbank.net\/#\/schema\/logo\/image\/\",\"url\":\"https:\/\/medbank.net\/wp-content\/uploads\/2024\/11\/logo.svg\",\"contentUrl\":\"https:\/\/medbank.net\/wp-content\/uploads\/2024\/11\/logo.svg\",\"width\":230,\"height\":42,\"caption\":\"MEDBANK\"},\"image\":{\"@id\":\"https:\/\/medbank.net\/#\/schema\/logo\/image\/\"}}]}<\/script>\n<!-- \/ Yoast SEO plugin. -->","yoast_head_json":{"title":"Educational projects and development of young professionals","robots":{"index":"index","follow":"follow","max-snippet":"max-snippet:-1","max-image-preview":"max-image-preview:large","max-video-preview":"max-video-preview:-1"},"canonical":"https:\/\/medbank.net\/fr\/projects\/project-8\/","og_locale":"fr_FR","og_type":"article","og_title":"[:ru]\u041e\u0431\u0440\u0430\u0437\u043e\u0432\u0430\u0442\u0435\u043b\u044c\u043d\u044b\u0435 \u043f\u0440\u043e\u0435\u043a\u0442\u044b \u0438 \u0440\u0430\u0437\u0432\u0438\u0442\u0438\u0435 \u043c\u043e\u043b\u043e\u0434\u044b\u0445 \u0441\u043f\u0435\u0446\u0438\u0430\u043b\u0438\u0441\u0442\u043e\u0432[:en]Educational projects and development of young professionals[:fr]Educational projects and development of young professionals[:] - MEDBANK","og_description":"Participer \u00e0 la formation de jeunes sp\u00e9cialistes s&#8217;inscrit dans la strat\u00e9gie de d\u00e9veloppement industriel de Medbank. L&#8217;entreprise souhaite attirer des talents ma\u00eetrisant les technologies modernes et les enjeux de la transformation num\u00e9rique du secteur de la sant\u00e9. Partenariat et expertise scientifiques L&#8217;entreprise participe activement \u00e0 la recherche et au d\u00e9veloppement. Par l&#8217;interm\u00e9diaire de l&#8217;Institut des [&hellip;]","og_url":"https:\/\/medbank.net\/fr\/projects\/project-8\/","og_site_name":"MEDBANK","article_modified_time":"2026-04-14T08:34:13+00:00","og_image":[{"width":2560,"height":1436,"url":"https:\/\/medbank.net\/wp-content\/uploads\/2026\/03\/project-4-2-scaled.webp","type":"image\/webp"}],"twitter_card":"summary_large_image","twitter_misc":{"Dur\u00e9e de lecture estim\u00e9e":"4 minutes"},"schema":{"@context":"https:\/\/schema.org","@graph":[{"@type":"WebPage","@id":"https:\/\/medbank.net\/fr\/projects\/project-8\/","url":"https:\/\/medbank.net\/fr\/projects\/project-8\/","name":"Educational projects and development of young professionals","isPartOf":{"@id":"https:\/\/medbank.net\/#website"},"primaryImageOfPage":{"@id":"https:\/\/medbank.net\/fr\/projects\/project-8\/#primaryimage"},"image":{"@id":"https:\/\/medbank.net\/fr\/projects\/project-8\/#primaryimage"},"thumbnailUrl":"https:\/\/medbank.net\/wp-content\/uploads\/2026\/03\/project-4-2-scaled.webp","datePublished":"2026-03-24T13:36:21+00:00","dateModified":"2026-04-14T08:34:13+00:00","breadcrumb":{"@id":"https:\/\/medbank.net\/fr\/projects\/project-8\/#breadcrumb"},"inLanguage":"fr-FR","potentialAction":[{"@type":"ReadAction","target":["https:\/\/medbank.net\/fr\/projects\/project-8\/"]}]},{"@type":"ImageObject","inLanguage":"fr-FR","@id":"https:\/\/medbank.net\/fr\/projects\/project-8\/#primaryimage","url":"https:\/\/medbank.net\/wp-content\/uploads\/2026\/03\/project-4-2-scaled.webp","contentUrl":"https:\/\/medbank.net\/wp-content\/uploads\/2026\/03\/project-4-2-scaled.webp","width":2560,"height":1436},{"@type":"BreadcrumbList","@id":"https:\/\/medbank.net\/fr\/projects\/project-8\/#breadcrumb","itemListElement":[{"@type":"ListItem","position":1,"name":"\u041f\u0440\u043e\u0435\u043a\u0442\u044b","item":"https:\/\/medbank.net\/projects\/"},{"@type":"ListItem","position":2,"name":"Educational projects and development of young professionals"}]},{"@type":"WebSite","@id":"https:\/\/medbank.net\/#website","url":"https:\/\/medbank.net\/","name":"MEDBANK","description":"","publisher":{"@id":"https:\/\/medbank.net\/#organization"},"potentialAction":[{"@type":"SearchAction","target":{"@type":"EntryPoint","urlTemplate":"https:\/\/medbank.net\/?s={search_term_string}"},"query-input":{"@type":"PropertyValueSpecification","valueRequired":true,"valueName":"search_term_string"}}],"inLanguage":"fr-FR"},{"@type":"Organization","@id":"https:\/\/medbank.net\/#organization","name":"MEDBANK","url":"https:\/\/medbank.net\/","logo":{"@type":"ImageObject","inLanguage":"fr-FR","@id":"https:\/\/medbank.net\/#\/schema\/logo\/image\/","url":"https:\/\/medbank.net\/wp-content\/uploads\/2024\/11\/logo.svg","contentUrl":"https:\/\/medbank.net\/wp-content\/uploads\/2024\/11\/logo.svg","width":230,"height":42,"caption":"MEDBANK"},"image":{"@id":"https:\/\/medbank.net\/#\/schema\/logo\/image\/"}}]}},"acf":[],"_links":{"self":[{"href":"https:\/\/medbank.net\/fr\/wp-json\/wp\/v2\/pages\/1087","targetHints":{"allow":["GET"]}}],"collection":[{"href":"https:\/\/medbank.net\/fr\/wp-json\/wp\/v2\/pages"}],"about":[{"href":"https:\/\/medbank.net\/fr\/wp-json\/wp\/v2\/types\/page"}],"author":[{"embeddable":true,"href":"https:\/\/medbank.net\/fr\/wp-json\/wp\/v2\/users\/20"}],"replies":[{"embeddable":true,"href":"https:\/\/medbank.net\/fr\/wp-json\/wp\/v2\/comments?post=1087"}],"version-history":[{"count":9,"href":"https:\/\/medbank.net\/fr\/wp-json\/wp\/v2\/pages\/1087\/revisions"}],"predecessor-version":[{"id":1416,"href":"https:\/\/medbank.net\/fr\/wp-json\/wp\/v2\/pages\/1087\/revisions\/1416"}],"up":[{"embeddable":true,"href":"https:\/\/medbank.net\/fr\/wp-json\/wp\/v2\/pages\/852"}],"wp:featuredmedia":[{"embeddable":true,"href":"https:\/\/medbank.net\/fr\/wp-json\/wp\/v2\/media\/1117"}],"wp:attachment":[{"href":"https:\/\/medbank.net\/fr\/wp-json\/wp\/v2\/media?parent=1087"}],"curies":[{"name":"wp","href":"https:\/\/api.w.org\/{rel}","templated":true}]}}