{"id":1085,"date":"2026-03-24T16:35:58","date_gmt":"2026-03-24T13:35:58","guid":{"rendered":"https:\/\/medbank.net\/?page_id=1085"},"modified":"2026-04-14T11:31:04","modified_gmt":"2026-04-14T08:31:04","slug":"project-7","status":"publish","type":"page","link":"https:\/\/medbank.net\/fr\/projects\/project-7\/","title":{"rendered":"Projet \u00abPr\u00e9vention des risques cardiovasculaires chez les conducteurs\u00bb"},"content":{"rendered":"\n<p>Les conducteurs, notamment les plus exp\u00e9riment\u00e9s, pr\u00e9sentent un risque accru d&#8217;hypertension. La s\u00e9dentarit\u00e9, les horaires irr\u00e9guliers, le stress et les mauvaises habitudes alimentaires cr\u00e9ent une pr\u00e9disposition persistante aux maladies cardiovasculaires. Les examens m\u00e9dicaux d&#8217;avant-d\u00e9part permettent de documenter l&#8217;\u00e9tat de sant\u00e9 du conducteur au moment de son admission pour le d\u00e9part, mais ils ne r\u00e9solvent pas le probl\u00e8me de l&#8217;hypertension art\u00e9rielle chronique.<\/p>\n\n\n\n<p>Lors de l&#8217;analyse des donn\u00e9es de clients corporatifs, les sp\u00e9cialistes de \u201cMedbank\u201d ont \u200b\u200bidentifi\u00e9 une tendance constante: une proportion importante de conducteurs officiellement autoris\u00e9s \u00e0 travailler pr\u00e9sentent des valeurs de pression art\u00e9rielle au repos limites ou cliniquement \u00e9lev\u00e9es. Ceci repr\u00e9sente un risque direct pour la s\u00e9curit\u00e9 et exige une solution syst\u00e9mique plut\u00f4t qu&#8217;un simple traitement symptomatique.<\/p>\n\n\n\n<p class=\"mb-5 mt-5\" id=\"card-dark\">L\u2019objectif du projet est de d\u00e9velopper et de mettre en \u0153uvre une norme efficace de travail avec les conducteurs \u00e0 risque, permettant la stabilisation de la pression art\u00e9rielle et l\u2019am\u00e9lioration des param\u00e8tres m\u00e9taboliques par des changements comportementaux, sans recours aux m\u00e9dicaments dans un premier temps.<\/p>\n\n\n\n<p>Notre projet est mis en \u0153uvre selon les principes de la m\u00e9decine pr\u00e9ventive, en utilisant les outils num\u00e9riques de la plateforme \u201cMedbank\u201d, et comprend les \u00e9tapes suivantes:<\/p>\n\n\n\n<div class=\"wp-block-columns mt-4 is-layout-flex wp-container-core-columns-is-layout-9d6595d7 wp-block-columns-is-layout-flex\">\n<div class=\"wp-block-column is-layout-flow wp-block-column-is-layout-flow\">\n<p id=\"orange-step\">01<\/p>\n\n\n\n<h5 class=\"wp-block-heading\">Identification des groupes \u00e0 risque<\/h5>\n\n\n\n<p>Une analyse approfondie des donn\u00e9es a \u00e9t\u00e9 men\u00e9e afin d&#8217;identifier les conducteurs pr\u00e9sentant une hypertension art\u00e9rielle persistante. Les pics situationnels dus \u00e0 la fatigue ou \u00e0 un stress passager ont \u00e9t\u00e9 exclus de l&#8217;\u00e9chantillon, permettant ainsi de se concentrer sur les probl\u00e8mes syst\u00e9miques.<\/p>\n<\/div>\n\n\n\n<div class=\"wp-block-column is-layout-flow wp-block-column-is-layout-flow\">\n<p id=\"orange-step\">02<\/p>\n\n\n\n<h5 class=\"wp-block-heading\">surveillance r\u00e9guli\u00e8re<\/h5>\n\n\n\n<p>Pour le groupe s\u00e9lectionn\u00e9, une surveillance dynamique des param\u00e8tres du syst\u00e8me cardiovasculaire a \u00e9t\u00e9 mise en place afin de suivre l&#8217;\u00e9volution de la maladie \u00e0 long terme.<\/p>\n<\/div>\n<\/div>\n\n\n\n<div class=\"wp-block-columns mb-4 is-layout-flex wp-container-core-columns-is-layout-9d6595d7 wp-block-columns-is-layout-flex\">\n<div class=\"wp-block-column is-layout-flow wp-block-column-is-layout-flow\">\n<p id=\"orange-step\">03<\/p>\n\n\n\n<h5 class=\"wp-block-heading\">Diagnostic approfondi<\/h5>\n\n\n\n<p>Un examen approfondi a \u00e9t\u00e9 men\u00e9 avec la participation de th\u00e9rapeutes afin d&#8217;identifier les causes de l&#8217;hypertension. Les param\u00e8tres physiques, le mode de vie, l&#8217;alimentation, le niveau d&#8217;activit\u00e9 physique et les facteurs comportementaux ont \u00e9t\u00e9 analys\u00e9s.<\/p>\n<\/div>\n\n\n\n<div class=\"wp-block-column is-layout-flow wp-block-column-is-layout-flow\">\n<p id=\"orange-step\">04<\/p>\n\n\n\n<h5 class=\"wp-block-heading\">ecommandations individuelles du r\u00e9seau d&#8217;institutions m\u00e9dicales et pr\u00e9ventives<\/h5>\n\n\n\n<p>Des programmes personnalis\u00e9s de modification des habitudes de vie ont \u00e9t\u00e9 \u00e9labor\u00e9s pour chaque participant, en tenant compte de sa profession, de son \u00e2ge et de son \u00e9tat de sant\u00e9 actuel. Les recommandations portaient sur la nutrition, l&#8217;activit\u00e9 physique, la gestion du poids et la r\u00e9duction des habitudes n\u00e9fastes pour la sant\u00e9.<\/p>\n<\/div>\n<\/div>\n\n\n\n<figure class=\"wp-block-gallery has-nested-images columns-default is-cropped mt-5 wp-block-gallery-1 is-layout-flex wp-block-gallery-is-layout-flex\">\n<figure class=\"wp-block-image size-full\"><img loading=\"lazy\" decoding=\"async\" width=\"1920\" height=\"1280\" data-id=\"1107\" src=\"https:\/\/medbank.net\/wp-content\/uploads\/2026\/03\/project-3-1.webp\" alt=\"\" class=\"wp-image-1107\" srcset=\"https:\/\/medbank.net\/wp-content\/uploads\/2026\/03\/project-3-1.webp 1920w, https:\/\/medbank.net\/wp-content\/uploads\/2026\/03\/project-3-1-300x200.webp 300w, https:\/\/medbank.net\/wp-content\/uploads\/2026\/03\/project-3-1-1024x683.webp 1024w, https:\/\/medbank.net\/wp-content\/uploads\/2026\/03\/project-3-1-768x512.webp 768w, https:\/\/medbank.net\/wp-content\/uploads\/2026\/03\/project-3-1-1536x1024.webp 1536w\" sizes=\"auto, (max-width: 1920px) 100vw, 1920px\" \/><\/figure>\n\n\n\n<figure class=\"wp-block-image size-full\"><img loading=\"lazy\" decoding=\"async\" width=\"2560\" height=\"1440\" data-id=\"1103\" src=\"https:\/\/medbank.net\/wp-content\/uploads\/2026\/03\/project-2-2-scaled.webp\" alt=\"\" class=\"wp-image-1103\" srcset=\"https:\/\/medbank.net\/wp-content\/uploads\/2026\/03\/project-2-2-scaled.webp 2560w, https:\/\/medbank.net\/wp-content\/uploads\/2026\/03\/project-2-2-300x169.webp 300w, https:\/\/medbank.net\/wp-content\/uploads\/2026\/03\/project-2-2-1024x576.webp 1024w, https:\/\/medbank.net\/wp-content\/uploads\/2026\/03\/project-2-2-768x432.webp 768w, https:\/\/medbank.net\/wp-content\/uploads\/2026\/03\/project-2-2-1536x864.webp 1536w, https:\/\/medbank.net\/wp-content\/uploads\/2026\/03\/project-2-2-2048x1152.webp 2048w\" sizes=\"auto, (max-width: 2560px) 100vw, 2560px\" \/><\/figure>\n\n\n\n<figure class=\"wp-block-image size-full\"><img loading=\"lazy\" decoding=\"async\" width=\"2560\" height=\"1440\" data-id=\"1101\" src=\"https:\/\/medbank.net\/wp-content\/uploads\/2026\/03\/project-2-1-scaled.webp\" alt=\"\" class=\"wp-image-1101\" srcset=\"https:\/\/medbank.net\/wp-content\/uploads\/2026\/03\/project-2-1-scaled.webp 2560w, https:\/\/medbank.net\/wp-content\/uploads\/2026\/03\/project-2-1-300x169.webp 300w, https:\/\/medbank.net\/wp-content\/uploads\/2026\/03\/project-2-1-1024x576.webp 1024w, https:\/\/medbank.net\/wp-content\/uploads\/2026\/03\/project-2-1-768x432.webp 768w, https:\/\/medbank.net\/wp-content\/uploads\/2026\/03\/project-2-1-1536x864.webp 1536w, https:\/\/medbank.net\/wp-content\/uploads\/2026\/03\/project-2-1-2048x1152.webp 2048w\" sizes=\"auto, (max-width: 2560px) 100vw, 2560px\" \/><\/figure>\n<\/figure>\n\n\n\n<p>Les automobilistes repr\u00e9sentent un public difficile pour la m\u00e9decine traditionnelle, manifestant souvent m\u00e9fiance et r\u00e9sistance. Une \u00e9quipe de th\u00e9rapeutes sp\u00e9cialement form\u00e9s a \u00e9t\u00e9 constitu\u00e9e pour les accompagner. Ces th\u00e9rapeutes ma\u00eetrisent les techniques permettant d&#8217;instaurer un climat de confiance et d&#8217;utiliser le soutien motivationnel, ce qui facilite l&#8217;acceptation de leurs recommandations.<\/p>\n\n\n\n<p>La mise en \u0153uvre du programme s&#8217;est av\u00e9r\u00e9e tr\u00e8s efficace.<\/p>\n\n\n\n<h2 class=\"wp-block-heading mt-5 mb-5\">R\u00e9sultats et indicateurs cl\u00e9s<\/h2>\n\n\n\n<div class=\"wp-block-columns is-layout-flex wp-container-core-columns-is-layout-9d6595d7 wp-block-columns-is-layout-flex\">\n<div class=\"wp-block-column card gray is-layout-flow wp-block-column-is-layout-flow\">\n<figure class=\"wp-block-image size-large\"><img loading=\"lazy\" decoding=\"async\" width=\"32\" height=\"32\" src=\"https:\/\/medbank.net\/wp-content\/uploads\/2026\/03\/icon-project-3.svg\" alt=\"\" class=\"wp-image-1111\"\/><\/figure>\n\n\n\n<h5 class=\"wp-block-heading\">Att\u00e9nuation des risques<\/h5>\n\n\n\n<p>Le risque de d\u00e9velopper une hypertension dans le groupe cible a \u00e9t\u00e9 r\u00e9duit de 30 %. Ce r\u00e9sultat a \u00e9t\u00e9 obtenu uniquement gr\u00e2ce \u00e0 des modifications du mode de vie, sans recours aux m\u00e9dicaments.<\/p>\n<\/div>\n\n\n\n<div class=\"wp-block-column card gray is-layout-flow wp-block-column-is-layout-flow\" id=\"card-gray\">\n<figure class=\"wp-block-image size-large\"><img loading=\"lazy\" decoding=\"async\" width=\"32\" height=\"32\" src=\"https:\/\/medbank.net\/wp-content\/uploads\/2026\/03\/icon-project-3.svg\" alt=\"\" class=\"wp-image-1111\"\/><\/figure>\n\n\n\n<h5 class=\"wp-block-heading\">Fian\u00e7ailles<\/h5>\n\n\n\n<p>Un taux de conformit\u00e9 de 100 % des conducteurs aux recommandations apr\u00e8s les consultations avec les th\u00e9rapeutes a \u00e9t\u00e9 atteint.<\/p>\n<\/div>\n<\/div>\n\n\n\n<div class=\"wp-block-columns is-layout-flex wp-container-core-columns-is-layout-9d6595d7 wp-block-columns-is-layout-flex\">\n<div class=\"wp-block-column card gray is-layout-flow wp-block-column-is-layout-flow\" id=\"card-gray\">\n<figure class=\"wp-block-image size-large\"><img loading=\"lazy\" decoding=\"async\" width=\"32\" height=\"32\" src=\"https:\/\/medbank.net\/wp-content\/uploads\/2026\/03\/icon-project-3.svg\" alt=\"\" class=\"wp-image-1111\"\/><\/figure>\n\n\n\n<h5 class=\"wp-block-heading\">efficacit\u00e9 clinique<\/h5>\n\n\n\n<p>Tous les participants qui ont suivi les recommandations ont pr\u00e9sent\u00e9 une am\u00e9lioration durable de leur tension art\u00e9rielle et de leur fr\u00e9quence cardiaque.<\/p>\n<\/div>\n\n\n\n<div class=\"wp-block-column card gray is-layout-flow wp-block-column-is-layout-flow\" id=\"card-gray\">\n<figure class=\"wp-block-image size-large\"><img loading=\"lazy\" decoding=\"async\" width=\"32\" height=\"32\" src=\"https:\/\/medbank.net\/wp-content\/uploads\/2026\/03\/icon-project-3.svg\" alt=\"\" class=\"wp-image-1111\"\/><\/figure>\n\n\n\n<h5 class=\"wp-block-heading\">R\u00e9duire le groupe \u00e0 risque<\/h5>\n\n\n\n<p>Le nombre de conducteurs pr\u00e9sentant des niveaux de tension art\u00e9rielle limites ou \u00e9lev\u00e9s a diminu\u00e9 d&#8217;un tiers.<\/p>\n<\/div>\n<\/div>\n\n\n\n<p>Le projet men\u00e9 \u00e0 bien a d\u00e9montr\u00e9 l&#8217;efficacit\u00e9 du passage d&#8217;une gestion formelle de la sant\u00e9 des employ\u00e9s \u00e0 une v\u00e9ritable prise en charge globale de leur bien-\u00eatre au travail. Dans le secteur des transports, o\u00f9 la sant\u00e9 des conducteurs est directement li\u00e9e \u00e0 la s\u00e9curit\u00e9 routi\u00e8re, de tels programmes deviennent non seulement un outil de bien-\u00eatre au travail, mais aussi un \u00e9l\u00e9ment essentiel de la gestion des risques.<\/p>\n","protected":false},"excerpt":{"rendered":"<p>Les conducteurs, notamment les plus exp\u00e9riment\u00e9s, pr\u00e9sentent un risque accru d&#8217;hypertension. La s\u00e9dentarit\u00e9, les horaires irr\u00e9guliers, le stress et les mauvaises habitudes alimentaires cr\u00e9ent une pr\u00e9disposition persistante aux maladies cardiovasculaires. Les examens m\u00e9dicaux d&#8217;avant-d\u00e9part permettent de documenter l&#8217;\u00e9tat de sant\u00e9 du conducteur au moment de son admission pour le d\u00e9part, mais ils ne r\u00e9solvent pas [&hellip;]<\/p>\n","protected":false},"author":20,"featured_media":1105,"parent":852,"menu_order":26,"comment_status":"closed","ping_status":"closed","template":"templates\/template-page-project-single.php","meta":{"_acf_changed":false,"inline_featured_image":false,"footnotes":""},"class_list":["post-1085","page","type-page","status-publish","has-post-thumbnail","hentry"],"yoast_head":"<!-- This site is optimized with the Yoast SEO plugin v27.2 - https:\/\/yoast.com\/product\/yoast-seo-wordpress\/ -->\n<title>Projet \u00abPr\u00e9vention des risques cardiovasculaires chez les conducteurs\u00bb<\/title>\n<meta name=\"robots\" content=\"index, follow, max-snippet:-1, max-image-preview:large, max-video-preview:-1\" \/>\n<link rel=\"canonical\" href=\"https:\/\/medbank.net\/fr\/projects\/project-7\/\" \/>\n<meta property=\"og:locale\" content=\"fr_FR\" \/>\n<meta property=\"og:locale:alternate\" content=\"ru_RU\" \/>\n<meta property=\"og:locale:alternate\" content=\"en_US\" \/>\n<meta property=\"og:type\" content=\"article\" \/>\n<meta property=\"og:title\" content=\"Projet \u00abPr\u00e9vention des risques cardiovasculaires chez les conducteurs\u00bb\" \/>\n<meta property=\"og:description\" content=\"Les conducteurs, notamment les plus exp\u00e9riment\u00e9s, pr\u00e9sentent un risque accru d&#8217;hypertension. La s\u00e9dentarit\u00e9, les horaires irr\u00e9guliers, le stress et les mauvaises habitudes alimentaires cr\u00e9ent une pr\u00e9disposition persistante aux maladies cardiovasculaires. Les examens m\u00e9dicaux d&#8217;avant-d\u00e9part permettent de documenter l&#8217;\u00e9tat de sant\u00e9 du conducteur au moment de son admission pour le d\u00e9part, mais ils ne r\u00e9solvent pas [&hellip;]\" \/>\n<meta property=\"og:url\" content=\"https:\/\/medbank.net\/fr\/projects\/project-7\/\" \/>\n<meta property=\"og:site_name\" content=\"MEDBANK\" \/>\n<meta property=\"article:modified_time\" content=\"2026-04-14T08:31:04+00:00\" \/>\n<meta property=\"og:image\" content=\"https:\/\/medbank.net\/wp-content\/uploads\/2026\/03\/project-3-main.png\" \/>\n\t<meta property=\"og:image:width\" content=\"1536\" \/>\n\t<meta property=\"og:image:height\" content=\"1024\" \/>\n\t<meta property=\"og:image:type\" content=\"image\/png\" \/>\n<meta name=\"twitter:card\" content=\"summary_large_image\" \/>\n<meta name=\"twitter:label1\" content=\"Dur\u00e9e de lecture estim\u00e9e\" \/>\n\t<meta name=\"twitter:data1\" content=\"5 minutes\" \/>\n<script type=\"application\/ld+json\" class=\"yoast-schema-graph\">{\"@context\":\"https:\/\/schema.org\",\"@graph\":[{\"@type\":\"WebPage\",\"@id\":\"https:\/\/medbank.net\/fr\/projects\/project-7\/\",\"url\":\"https:\/\/medbank.net\/fr\/projects\/project-7\/\",\"name\":\"Projet \u00abPr\u00e9vention des risques cardiovasculaires chez les conducteurs\u00bb\",\"isPartOf\":{\"@id\":\"https:\/\/medbank.net\/#website\"},\"primaryImageOfPage\":{\"@id\":\"https:\/\/medbank.net\/fr\/projects\/project-7\/#primaryimage\"},\"image\":{\"@id\":\"https:\/\/medbank.net\/fr\/projects\/project-7\/#primaryimage\"},\"thumbnailUrl\":\"https:\/\/medbank.net\/wp-content\/uploads\/2026\/03\/project-3-main.png\",\"datePublished\":\"2026-03-24T13:35:58+00:00\",\"dateModified\":\"2026-04-14T08:31:04+00:00\",\"breadcrumb\":{\"@id\":\"https:\/\/medbank.net\/fr\/projects\/project-7\/#breadcrumb\"},\"inLanguage\":\"fr-FR\",\"potentialAction\":[{\"@type\":\"ReadAction\",\"target\":[\"https:\/\/medbank.net\/fr\/projects\/project-7\/\"]}]},{\"@type\":\"ImageObject\",\"inLanguage\":\"fr-FR\",\"@id\":\"https:\/\/medbank.net\/fr\/projects\/project-7\/#primaryimage\",\"url\":\"https:\/\/medbank.net\/wp-content\/uploads\/2026\/03\/project-3-main.png\",\"contentUrl\":\"https:\/\/medbank.net\/wp-content\/uploads\/2026\/03\/project-3-main.png\",\"width\":1536,\"height\":1024},{\"@type\":\"BreadcrumbList\",\"@id\":\"https:\/\/medbank.net\/fr\/projects\/project-7\/#breadcrumb\",\"itemListElement\":[{\"@type\":\"ListItem\",\"position\":1,\"name\":\"\u041f\u0440\u043e\u0435\u043a\u0442\u044b\",\"item\":\"https:\/\/medbank.net\/projects\/\"},{\"@type\":\"ListItem\",\"position\":2,\"name\":\"Projet \u00abPr\u00e9vention des risques cardiovasculaires chez les conducteurs\u00bb\"}]},{\"@type\":\"WebSite\",\"@id\":\"https:\/\/medbank.net\/#website\",\"url\":\"https:\/\/medbank.net\/\",\"name\":\"MEDBANK\",\"description\":\"\",\"publisher\":{\"@id\":\"https:\/\/medbank.net\/#organization\"},\"potentialAction\":[{\"@type\":\"SearchAction\",\"target\":{\"@type\":\"EntryPoint\",\"urlTemplate\":\"https:\/\/medbank.net\/?s={search_term_string}\"},\"query-input\":{\"@type\":\"PropertyValueSpecification\",\"valueRequired\":true,\"valueName\":\"search_term_string\"}}],\"inLanguage\":\"fr-FR\"},{\"@type\":\"Organization\",\"@id\":\"https:\/\/medbank.net\/#organization\",\"name\":\"MEDBANK\",\"url\":\"https:\/\/medbank.net\/\",\"logo\":{\"@type\":\"ImageObject\",\"inLanguage\":\"fr-FR\",\"@id\":\"https:\/\/medbank.net\/#\/schema\/logo\/image\/\",\"url\":\"https:\/\/medbank.net\/wp-content\/uploads\/2024\/11\/logo.svg\",\"contentUrl\":\"https:\/\/medbank.net\/wp-content\/uploads\/2024\/11\/logo.svg\",\"width\":230,\"height\":42,\"caption\":\"MEDBANK\"},\"image\":{\"@id\":\"https:\/\/medbank.net\/#\/schema\/logo\/image\/\"}}]}<\/script>\n<!-- \/ Yoast SEO plugin. -->","yoast_head_json":{"title":"Projet \u00abPr\u00e9vention des risques cardiovasculaires chez les conducteurs\u00bb","robots":{"index":"index","follow":"follow","max-snippet":"max-snippet:-1","max-image-preview":"max-image-preview:large","max-video-preview":"max-video-preview:-1"},"canonical":"https:\/\/medbank.net\/fr\/projects\/project-7\/","og_locale":"fr_FR","og_type":"article","og_title":"[:ru]\u041f\u0440\u043e\u0435\u043a\u0442 \u00ab\u041f\u0440\u043e\u0444\u0438\u043b\u0430\u043a\u0442\u0438\u043a\u0430 \u0441\u0435\u0440\u0434\u0435\u0447\u043d\u043e-\u0441\u043e\u0441\u0443\u0434\u0438\u0441\u0442\u044b\u0445 \u0440\u0438\u0441\u043a\u043e\u0432 \u0443 \u0432\u043e\u0434\u0438\u0442\u0435\u043b\u0435\u0439\u00bb[:en]Prevention of Cardiovascular Risks in Drivers[:fr]Projet \u00abPr\u00e9vention des risques cardiovasculaires chez les conducteurs\u00bb[:] - MEDBANK","og_description":"Les conducteurs, notamment les plus exp\u00e9riment\u00e9s, pr\u00e9sentent un risque accru d&#8217;hypertension. La s\u00e9dentarit\u00e9, les horaires irr\u00e9guliers, le stress et les mauvaises habitudes alimentaires cr\u00e9ent une pr\u00e9disposition persistante aux maladies cardiovasculaires. Les examens m\u00e9dicaux d&#8217;avant-d\u00e9part permettent de documenter l&#8217;\u00e9tat de sant\u00e9 du conducteur au moment de son admission pour le d\u00e9part, mais ils ne r\u00e9solvent pas [&hellip;]","og_url":"https:\/\/medbank.net\/fr\/projects\/project-7\/","og_site_name":"MEDBANK","article_modified_time":"2026-04-14T08:31:04+00:00","og_image":[{"width":1536,"height":1024,"url":"https:\/\/medbank.net\/wp-content\/uploads\/2026\/03\/project-3-main.png","type":"image\/png"}],"twitter_card":"summary_large_image","twitter_misc":{"Dur\u00e9e de lecture estim\u00e9e":"5 minutes"},"schema":{"@context":"https:\/\/schema.org","@graph":[{"@type":"WebPage","@id":"https:\/\/medbank.net\/fr\/projects\/project-7\/","url":"https:\/\/medbank.net\/fr\/projects\/project-7\/","name":"Projet \u00abPr\u00e9vention des risques cardiovasculaires chez les conducteurs\u00bb","isPartOf":{"@id":"https:\/\/medbank.net\/#website"},"primaryImageOfPage":{"@id":"https:\/\/medbank.net\/fr\/projects\/project-7\/#primaryimage"},"image":{"@id":"https:\/\/medbank.net\/fr\/projects\/project-7\/#primaryimage"},"thumbnailUrl":"https:\/\/medbank.net\/wp-content\/uploads\/2026\/03\/project-3-main.png","datePublished":"2026-03-24T13:35:58+00:00","dateModified":"2026-04-14T08:31:04+00:00","breadcrumb":{"@id":"https:\/\/medbank.net\/fr\/projects\/project-7\/#breadcrumb"},"inLanguage":"fr-FR","potentialAction":[{"@type":"ReadAction","target":["https:\/\/medbank.net\/fr\/projects\/project-7\/"]}]},{"@type":"ImageObject","inLanguage":"fr-FR","@id":"https:\/\/medbank.net\/fr\/projects\/project-7\/#primaryimage","url":"https:\/\/medbank.net\/wp-content\/uploads\/2026\/03\/project-3-main.png","contentUrl":"https:\/\/medbank.net\/wp-content\/uploads\/2026\/03\/project-3-main.png","width":1536,"height":1024},{"@type":"BreadcrumbList","@id":"https:\/\/medbank.net\/fr\/projects\/project-7\/#breadcrumb","itemListElement":[{"@type":"ListItem","position":1,"name":"\u041f\u0440\u043e\u0435\u043a\u0442\u044b","item":"https:\/\/medbank.net\/projects\/"},{"@type":"ListItem","position":2,"name":"Projet \u00abPr\u00e9vention des risques cardiovasculaires chez les conducteurs\u00bb"}]},{"@type":"WebSite","@id":"https:\/\/medbank.net\/#website","url":"https:\/\/medbank.net\/","name":"MEDBANK","description":"","publisher":{"@id":"https:\/\/medbank.net\/#organization"},"potentialAction":[{"@type":"SearchAction","target":{"@type":"EntryPoint","urlTemplate":"https:\/\/medbank.net\/?s={search_term_string}"},"query-input":{"@type":"PropertyValueSpecification","valueRequired":true,"valueName":"search_term_string"}}],"inLanguage":"fr-FR"},{"@type":"Organization","@id":"https:\/\/medbank.net\/#organization","name":"MEDBANK","url":"https:\/\/medbank.net\/","logo":{"@type":"ImageObject","inLanguage":"fr-FR","@id":"https:\/\/medbank.net\/#\/schema\/logo\/image\/","url":"https:\/\/medbank.net\/wp-content\/uploads\/2024\/11\/logo.svg","contentUrl":"https:\/\/medbank.net\/wp-content\/uploads\/2024\/11\/logo.svg","width":230,"height":42,"caption":"MEDBANK"},"image":{"@id":"https:\/\/medbank.net\/#\/schema\/logo\/image\/"}}]}},"acf":[],"_links":{"self":[{"href":"https:\/\/medbank.net\/fr\/wp-json\/wp\/v2\/pages\/1085","targetHints":{"allow":["GET"]}}],"collection":[{"href":"https:\/\/medbank.net\/fr\/wp-json\/wp\/v2\/pages"}],"about":[{"href":"https:\/\/medbank.net\/fr\/wp-json\/wp\/v2\/types\/page"}],"author":[{"embeddable":true,"href":"https:\/\/medbank.net\/fr\/wp-json\/wp\/v2\/users\/20"}],"replies":[{"embeddable":true,"href":"https:\/\/medbank.net\/fr\/wp-json\/wp\/v2\/comments?post=1085"}],"version-history":[{"count":12,"href":"https:\/\/medbank.net\/fr\/wp-json\/wp\/v2\/pages\/1085\/revisions"}],"predecessor-version":[{"id":1414,"href":"https:\/\/medbank.net\/fr\/wp-json\/wp\/v2\/pages\/1085\/revisions\/1414"}],"up":[{"embeddable":true,"href":"https:\/\/medbank.net\/fr\/wp-json\/wp\/v2\/pages\/852"}],"wp:featuredmedia":[{"embeddable":true,"href":"https:\/\/medbank.net\/fr\/wp-json\/wp\/v2\/media\/1105"}],"wp:attachment":[{"href":"https:\/\/medbank.net\/fr\/wp-json\/wp\/v2\/media?parent=1085"}],"curies":[{"name":"wp","href":"https:\/\/api.w.org\/{rel}","templated":true}]}}