{"id":1083,"date":"2026-03-24T16:35:26","date_gmt":"2026-03-24T13:35:26","guid":{"rendered":"https:\/\/medbank.net\/?page_id=1083"},"modified":"2026-04-14T11:27:31","modified_gmt":"2026-04-14T08:27:31","slug":"project-6","status":"publish","type":"page","link":"https:\/\/medbank.net\/fr\/projects\/project-6\/","title":{"rendered":"Assistants m\u00e9dicaux personnels"},"content":{"rendered":"\n<p class=\"mb-5 mt-5\" id=\"card-dark\">Notre objectif est de fournir aux patients et aux m\u00e9decins des outils pratiques pour le diagnostic, le suivi et les soins \u00e0 distance.<\/p>\n\n\n\n<h2 class=\"wp-block-heading mb-5\">Plateforme \u201c5-en-1\u201d: une nouvelle base technologique<\/h2>\n\n\n\n<p>Nos ing\u00e9nieurs ont b\u00e2ti les fondements de cet \u00e9cosyst\u00e8me sur une innovation unique: une plaquette \u201c5-en-1\u201d int\u00e9grant un pyrom\u00e8tre, un \u00e9thylotest, un tonom\u00e8tre, un modem LTE et une interface audio dans un seul appareil compact. Cela nous a permis de cr\u00e9er une plateforme scalable, de r\u00e9duire le nombre d\u2019appareils et de simplifier l\u2019assemblage et la maintenance.<\/p>\n\n\n\n<p>Le premier appareil \u00e0 recevoir la nouvelle plaquette int\u00e9gr\u00e9e a \u00e9t\u00e9 le terminal T11, un dispositif multifonctionnel pour les examens m\u00e9dicaux \u00e0 distance.<\/p>\n\n\n\n<h2 class=\"wp-block-heading mb-5 mt-5\">D\u00e9veloppement des capacit\u00e9s<\/h2>\n\n\n\n<p>Le T11 est bien plus qu&#8217;un simple terminal; c&#8217;est le centre d&#8217;un \u00e9cosyst\u00e8me m\u00e9dical. Des modules sp\u00e9cialis\u00e9s s&#8217;y connectent, transformant l&#8217;appareil en un syst\u00e8me de diagnostic universel: phonendoscope, endoscope, oxym\u00e8tre de pouls, EEG, ECG, CTG, \u00e9chographie et autres capteurs m\u00e9dicaux.<\/p>\n\n\n\n<p>De plus, le terminal int\u00e8gre d\u00e9j\u00e0 des modules: un tonom\u00e8tre, un thermom\u00e8tre et un \u00e9thylotest avec un entonnoir unique, \u00e9galement con\u00e7u par nos ing\u00e9nieurs. Sa conception est dot\u00e9e d\u2019un adaptateur sp\u00e9cial emp\u00eachant tout reflux. L\u2019air expir\u00e9 est d\u00e9vi\u00e9 lat\u00e9ralement, \u00e9liminant ainsi tout risque de contamination du visage de l\u2019employ\u00e9 et pr\u00e9venant toute contamination crois\u00e9e lors des examens de masse.<\/p>\n\n\n\n<p>Gr\u00e2ce \u00e0 cette architecture \u2013 qui combine des modules de base int\u00e9gr\u00e9s et la possibilit\u00e9 de connecter des capteurs suppl\u00e9mentaires \u2013 le T11 couvre pratiquement tous les sc\u00e9narios de t\u00e9l\u00e9diagnostic, des examens rapides \u00e0 la surveillance approfondie des patients. L\u2019appareil reste compact et toutes les donn\u00e9es sont centralis\u00e9es sur une interface unique.<\/p>\n\n\n\n<figure class=\"wp-block-gallery has-nested-images columns-default is-cropped mt-5 wp-block-gallery-1 is-layout-flex wp-block-gallery-is-layout-flex\">\n<figure class=\"wp-block-image size-full\"><img loading=\"lazy\" decoding=\"async\" width=\"2560\" height=\"1440\" data-id=\"1101\" src=\"https:\/\/medbank.net\/wp-content\/uploads\/2026\/03\/project-2-1-scaled.webp\" alt=\"\" class=\"wp-image-1101\" srcset=\"https:\/\/medbank.net\/wp-content\/uploads\/2026\/03\/project-2-1-scaled.webp 2560w, https:\/\/medbank.net\/wp-content\/uploads\/2026\/03\/project-2-1-300x169.webp 300w, https:\/\/medbank.net\/wp-content\/uploads\/2026\/03\/project-2-1-1024x576.webp 1024w, https:\/\/medbank.net\/wp-content\/uploads\/2026\/03\/project-2-1-768x432.webp 768w, https:\/\/medbank.net\/wp-content\/uploads\/2026\/03\/project-2-1-1536x864.webp 1536w, https:\/\/medbank.net\/wp-content\/uploads\/2026\/03\/project-2-1-2048x1152.webp 2048w\" sizes=\"auto, (max-width: 2560px) 100vw, 2560px\" \/><\/figure>\n\n\n\n<figure class=\"wp-block-image size-full\"><img loading=\"lazy\" decoding=\"async\" width=\"2560\" height=\"1440\" data-id=\"1102\" src=\"https:\/\/medbank.net\/wp-content\/uploads\/2026\/03\/project-2-3-scaled.webp\" alt=\"\" class=\"wp-image-1102\" srcset=\"https:\/\/medbank.net\/wp-content\/uploads\/2026\/03\/project-2-3-scaled.webp 2560w, https:\/\/medbank.net\/wp-content\/uploads\/2026\/03\/project-2-3-300x169.webp 300w, https:\/\/medbank.net\/wp-content\/uploads\/2026\/03\/project-2-3-1024x576.webp 1024w, https:\/\/medbank.net\/wp-content\/uploads\/2026\/03\/project-2-3-768x432.webp 768w, https:\/\/medbank.net\/wp-content\/uploads\/2026\/03\/project-2-3-1536x864.webp 1536w, https:\/\/medbank.net\/wp-content\/uploads\/2026\/03\/project-2-3-2048x1152.webp 2048w\" sizes=\"auto, (max-width: 2560px) 100vw, 2560px\" \/><\/figure>\n\n\n\n<figure class=\"wp-block-image size-full\"><img loading=\"lazy\" decoding=\"async\" width=\"1536\" height=\"1024\" data-id=\"1255\" src=\"https:\/\/medbank.net\/wp-content\/uploads\/2026\/04\/project-2.png\" alt=\"\" class=\"wp-image-1255\" srcset=\"https:\/\/medbank.net\/wp-content\/uploads\/2026\/04\/project-2.png 1536w, https:\/\/medbank.net\/wp-content\/uploads\/2026\/04\/project-2-300x200.png 300w, https:\/\/medbank.net\/wp-content\/uploads\/2026\/04\/project-2-1024x683.png 1024w, https:\/\/medbank.net\/wp-content\/uploads\/2026\/04\/project-2-768x512.png 768w\" sizes=\"auto, (max-width: 1536px) 100vw, 1536px\" \/><\/figure>\n<\/figure>\n\n\n\n<h2 class=\"wp-block-heading mb-5 mt-5\">Module robotique mobile<\/h2>\n\n\n\n<p>La prochaine \u00e9tape logique de cette gamme est le projet de module robotique mobile. Ce dispositif autonome est con\u00e7u pour le transport d&#8217;\u00e9quipements m\u00e9dicaux, mais son potentiel est bien plus vaste. Les ing\u00e9nieurs ont mis au point un syst\u00e8me de suspension unique qui int\u00e8gre les meilleures solutions des industries a\u00e9rospatiale et a\u00e9ronautique. Il permet au robot de franchir les obstacles \u2014 seuils, c\u00e2bles, joints, carrelages \u2014 avec une fluidit\u00e9 et une absorption des chocs parfaites, tout en conservant un positionnement pr\u00e9cis.<\/p>\n\n\n\n<p>Une plaquette de gestion de l&#8217;alimentation personnalis\u00e9e avec port USB Type-C prend en charge la charge rapide, prot\u00e8ge contre les surcharges et prolonge l&#8217;autonomie de la batterie. L&#8217;\u00e9quipe d\u00e9veloppe actuellement un syst\u00e8me de t\u00e9l\u00e9commande utilisable partout dans le monde et un syst\u00e8me de vision par ordinateur pour la reconnaissance des personnes et la navigation int\u00e9rieure.<\/p>\n\n\n\n<h2 class=\"wp-block-heading mb-5 mt-5\">L&#8217;assistant robot professionnel du futur<\/h2>\n\n\n\n<p>L&#8217;ambition principale du projet est d&#8217;allier la mobilit\u00e9 d&#8217;un robot aux capacit\u00e9s de diagnostic du T11. Imaginez un appareil de nouvelle g\u00e9n\u00e9ration mont\u00e9 sur une plateforme mobile: le robot se rend de mani\u00e8re autonome dans la salle de malades ou au domicile du patient, l&#8217;identifie gr\u00e2ce \u00e0 la vision par ordinateur, et des modules int\u00e9gr\u00e9s ou des accessoires externes r\u00e9alisent l&#8217;examen. Les donn\u00e9es sont transmises en temps r\u00e9el au m\u00e9decin traitant via un modem LTE.<\/p>\n\n\n\n<p>Nous ne nous contentons pas d&#8217;assembler des appareils. Nous cr\u00e9ons une nouvelle philosophie du soin, o\u00f9 la technologie \u0153uvre sans bruit et avec pr\u00e9cision au bien-\u00eatre des personnes. Nos solutions \u00e9tablissent d\u00e9j\u00e0 des normes et nos brevets prot\u00e8gent l&#8217;unicit\u00e9 de notre ing\u00e9nierie.<\/p>\n","protected":false},"excerpt":{"rendered":"<p>Notre objectif est de fournir aux patients et aux m\u00e9decins des outils pratiques pour le diagnostic, le suivi et les soins \u00e0 distance. Plateforme \u201c5-en-1\u201d: une nouvelle base technologique Nos ing\u00e9nieurs ont b\u00e2ti les fondements de cet \u00e9cosyst\u00e8me sur une innovation unique: une plaquette \u201c5-en-1\u201d int\u00e9grant un pyrom\u00e8tre, un \u00e9thylotest, un tonom\u00e8tre, un modem LTE [&hellip;]<\/p>\n","protected":false},"author":20,"featured_media":1250,"parent":852,"menu_order":25,"comment_status":"closed","ping_status":"closed","template":"templates\/template-page-project-single.php","meta":{"_acf_changed":false,"inline_featured_image":false,"footnotes":""},"class_list":["post-1083","page","type-page","status-publish","has-post-thumbnail","hentry"],"yoast_head":"<!-- This site is optimized with the Yoast SEO plugin v27.2 - https:\/\/yoast.com\/product\/yoast-seo-wordpress\/ -->\n<title>Assistants m\u00e9dicaux personnels<\/title>\n<meta name=\"robots\" content=\"index, follow, max-snippet:-1, max-image-preview:large, max-video-preview:-1\" \/>\n<link rel=\"canonical\" href=\"https:\/\/medbank.net\/fr\/projects\/project-6\/\" \/>\n<meta property=\"og:locale\" content=\"fr_FR\" \/>\n<meta property=\"og:locale:alternate\" content=\"ru_RU\" \/>\n<meta property=\"og:locale:alternate\" content=\"en_US\" \/>\n<meta property=\"og:type\" content=\"article\" \/>\n<meta property=\"og:title\" content=\"Assistants m\u00e9dicaux personnels\" \/>\n<meta property=\"og:description\" content=\"Notre objectif est de fournir aux patients et aux m\u00e9decins des outils pratiques pour le diagnostic, le suivi et les soins \u00e0 distance. Plateforme \u201c5-en-1\u201d: une nouvelle base technologique Nos ing\u00e9nieurs ont b\u00e2ti les fondements de cet \u00e9cosyst\u00e8me sur une innovation unique: une plaquette \u201c5-en-1\u201d int\u00e9grant un pyrom\u00e8tre, un \u00e9thylotest, un tonom\u00e8tre, un modem LTE [&hellip;]\" \/>\n<meta property=\"og:url\" content=\"https:\/\/medbank.net\/fr\/projects\/project-6\/\" \/>\n<meta property=\"og:site_name\" content=\"MEDBANK\" \/>\n<meta property=\"article:modified_time\" content=\"2026-04-14T08:27:31+00:00\" \/>\n<meta property=\"og:image\" content=\"https:\/\/medbank.net\/wp-content\/uploads\/2026\/04\/project-new-1.png\" \/>\n\t<meta property=\"og:image:width\" content=\"1536\" \/>\n\t<meta property=\"og:image:height\" content=\"1024\" \/>\n\t<meta property=\"og:image:type\" content=\"image\/png\" \/>\n<meta name=\"twitter:card\" content=\"summary_large_image\" \/>\n<meta name=\"twitter:label1\" content=\"Dur\u00e9e de lecture estim\u00e9e\" \/>\n\t<meta name=\"twitter:data1\" content=\"4 minutes\" \/>\n<script type=\"application\/ld+json\" class=\"yoast-schema-graph\">{\"@context\":\"https:\/\/schema.org\",\"@graph\":[{\"@type\":\"WebPage\",\"@id\":\"https:\/\/medbank.net\/fr\/projects\/project-6\/\",\"url\":\"https:\/\/medbank.net\/fr\/projects\/project-6\/\",\"name\":\"Assistants m\u00e9dicaux personnels\",\"isPartOf\":{\"@id\":\"https:\/\/medbank.net\/#website\"},\"primaryImageOfPage\":{\"@id\":\"https:\/\/medbank.net\/fr\/projects\/project-6\/#primaryimage\"},\"image\":{\"@id\":\"https:\/\/medbank.net\/fr\/projects\/project-6\/#primaryimage\"},\"thumbnailUrl\":\"https:\/\/medbank.net\/wp-content\/uploads\/2026\/04\/project-new-1.png\",\"datePublished\":\"2026-03-24T13:35:26+00:00\",\"dateModified\":\"2026-04-14T08:27:31+00:00\",\"breadcrumb\":{\"@id\":\"https:\/\/medbank.net\/fr\/projects\/project-6\/#breadcrumb\"},\"inLanguage\":\"fr-FR\",\"potentialAction\":[{\"@type\":\"ReadAction\",\"target\":[\"https:\/\/medbank.net\/fr\/projects\/project-6\/\"]}]},{\"@type\":\"ImageObject\",\"inLanguage\":\"fr-FR\",\"@id\":\"https:\/\/medbank.net\/fr\/projects\/project-6\/#primaryimage\",\"url\":\"https:\/\/medbank.net\/wp-content\/uploads\/2026\/04\/project-new-1.png\",\"contentUrl\":\"https:\/\/medbank.net\/wp-content\/uploads\/2026\/04\/project-new-1.png\",\"width\":1536,\"height\":1024},{\"@type\":\"BreadcrumbList\",\"@id\":\"https:\/\/medbank.net\/fr\/projects\/project-6\/#breadcrumb\",\"itemListElement\":[{\"@type\":\"ListItem\",\"position\":1,\"name\":\"\u041f\u0440\u043e\u0435\u043a\u0442\u044b\",\"item\":\"https:\/\/medbank.net\/projects\/\"},{\"@type\":\"ListItem\",\"position\":2,\"name\":\"Assistants m\u00e9dicaux personnels\"}]},{\"@type\":\"WebSite\",\"@id\":\"https:\/\/medbank.net\/#website\",\"url\":\"https:\/\/medbank.net\/\",\"name\":\"MEDBANK\",\"description\":\"\",\"publisher\":{\"@id\":\"https:\/\/medbank.net\/#organization\"},\"potentialAction\":[{\"@type\":\"SearchAction\",\"target\":{\"@type\":\"EntryPoint\",\"urlTemplate\":\"https:\/\/medbank.net\/?s={search_term_string}\"},\"query-input\":{\"@type\":\"PropertyValueSpecification\",\"valueRequired\":true,\"valueName\":\"search_term_string\"}}],\"inLanguage\":\"fr-FR\"},{\"@type\":\"Organization\",\"@id\":\"https:\/\/medbank.net\/#organization\",\"name\":\"MEDBANK\",\"url\":\"https:\/\/medbank.net\/\",\"logo\":{\"@type\":\"ImageObject\",\"inLanguage\":\"fr-FR\",\"@id\":\"https:\/\/medbank.net\/#\/schema\/logo\/image\/\",\"url\":\"https:\/\/medbank.net\/wp-content\/uploads\/2024\/11\/logo.svg\",\"contentUrl\":\"https:\/\/medbank.net\/wp-content\/uploads\/2024\/11\/logo.svg\",\"width\":230,\"height\":42,\"caption\":\"MEDBANK\"},\"image\":{\"@id\":\"https:\/\/medbank.net\/#\/schema\/logo\/image\/\"}}]}<\/script>\n<!-- \/ Yoast SEO plugin. -->","yoast_head_json":{"title":"Assistants m\u00e9dicaux personnels","robots":{"index":"index","follow":"follow","max-snippet":"max-snippet:-1","max-image-preview":"max-image-preview:large","max-video-preview":"max-video-preview:-1"},"canonical":"https:\/\/medbank.net\/fr\/projects\/project-6\/","og_locale":"fr_FR","og_type":"article","og_title":"[:ru]\u041f\u0435\u0440\u0441\u043e\u043d\u0430\u043b\u044c\u043d\u044b\u0435 \u043c\u0435\u0434\u0438\u0446\u0438\u043d\u0441\u043a\u0438\u0435 \u043f\u043e\u043c\u043e\u0449\u043d\u0438\u043a\u0438[:en]Personal medical assistants[:fr]Assistants m\u00e9dicaux personnels[:] - MEDBANK","og_description":"Notre objectif est de fournir aux patients et aux m\u00e9decins des outils pratiques pour le diagnostic, le suivi et les soins \u00e0 distance. Plateforme \u201c5-en-1\u201d: une nouvelle base technologique Nos ing\u00e9nieurs ont b\u00e2ti les fondements de cet \u00e9cosyst\u00e8me sur une innovation unique: une plaquette \u201c5-en-1\u201d int\u00e9grant un pyrom\u00e8tre, un \u00e9thylotest, un tonom\u00e8tre, un modem LTE [&hellip;]","og_url":"https:\/\/medbank.net\/fr\/projects\/project-6\/","og_site_name":"MEDBANK","article_modified_time":"2026-04-14T08:27:31+00:00","og_image":[{"width":1536,"height":1024,"url":"https:\/\/medbank.net\/wp-content\/uploads\/2026\/04\/project-new-1.png","type":"image\/png"}],"twitter_card":"summary_large_image","twitter_misc":{"Dur\u00e9e de lecture estim\u00e9e":"4 minutes"},"schema":{"@context":"https:\/\/schema.org","@graph":[{"@type":"WebPage","@id":"https:\/\/medbank.net\/fr\/projects\/project-6\/","url":"https:\/\/medbank.net\/fr\/projects\/project-6\/","name":"Assistants m\u00e9dicaux personnels","isPartOf":{"@id":"https:\/\/medbank.net\/#website"},"primaryImageOfPage":{"@id":"https:\/\/medbank.net\/fr\/projects\/project-6\/#primaryimage"},"image":{"@id":"https:\/\/medbank.net\/fr\/projects\/project-6\/#primaryimage"},"thumbnailUrl":"https:\/\/medbank.net\/wp-content\/uploads\/2026\/04\/project-new-1.png","datePublished":"2026-03-24T13:35:26+00:00","dateModified":"2026-04-14T08:27:31+00:00","breadcrumb":{"@id":"https:\/\/medbank.net\/fr\/projects\/project-6\/#breadcrumb"},"inLanguage":"fr-FR","potentialAction":[{"@type":"ReadAction","target":["https:\/\/medbank.net\/fr\/projects\/project-6\/"]}]},{"@type":"ImageObject","inLanguage":"fr-FR","@id":"https:\/\/medbank.net\/fr\/projects\/project-6\/#primaryimage","url":"https:\/\/medbank.net\/wp-content\/uploads\/2026\/04\/project-new-1.png","contentUrl":"https:\/\/medbank.net\/wp-content\/uploads\/2026\/04\/project-new-1.png","width":1536,"height":1024},{"@type":"BreadcrumbList","@id":"https:\/\/medbank.net\/fr\/projects\/project-6\/#breadcrumb","itemListElement":[{"@type":"ListItem","position":1,"name":"\u041f\u0440\u043e\u0435\u043a\u0442\u044b","item":"https:\/\/medbank.net\/projects\/"},{"@type":"ListItem","position":2,"name":"Assistants m\u00e9dicaux personnels"}]},{"@type":"WebSite","@id":"https:\/\/medbank.net\/#website","url":"https:\/\/medbank.net\/","name":"MEDBANK","description":"","publisher":{"@id":"https:\/\/medbank.net\/#organization"},"potentialAction":[{"@type":"SearchAction","target":{"@type":"EntryPoint","urlTemplate":"https:\/\/medbank.net\/?s={search_term_string}"},"query-input":{"@type":"PropertyValueSpecification","valueRequired":true,"valueName":"search_term_string"}}],"inLanguage":"fr-FR"},{"@type":"Organization","@id":"https:\/\/medbank.net\/#organization","name":"MEDBANK","url":"https:\/\/medbank.net\/","logo":{"@type":"ImageObject","inLanguage":"fr-FR","@id":"https:\/\/medbank.net\/#\/schema\/logo\/image\/","url":"https:\/\/medbank.net\/wp-content\/uploads\/2024\/11\/logo.svg","contentUrl":"https:\/\/medbank.net\/wp-content\/uploads\/2024\/11\/logo.svg","width":230,"height":42,"caption":"MEDBANK"},"image":{"@id":"https:\/\/medbank.net\/#\/schema\/logo\/image\/"}}]}},"acf":[],"_links":{"self":[{"href":"https:\/\/medbank.net\/fr\/wp-json\/wp\/v2\/pages\/1083","targetHints":{"allow":["GET"]}}],"collection":[{"href":"https:\/\/medbank.net\/fr\/wp-json\/wp\/v2\/pages"}],"about":[{"href":"https:\/\/medbank.net\/fr\/wp-json\/wp\/v2\/types\/page"}],"author":[{"embeddable":true,"href":"https:\/\/medbank.net\/fr\/wp-json\/wp\/v2\/users\/20"}],"replies":[{"embeddable":true,"href":"https:\/\/medbank.net\/fr\/wp-json\/wp\/v2\/comments?post=1083"}],"version-history":[{"count":10,"href":"https:\/\/medbank.net\/fr\/wp-json\/wp\/v2\/pages\/1083\/revisions"}],"predecessor-version":[{"id":1412,"href":"https:\/\/medbank.net\/fr\/wp-json\/wp\/v2\/pages\/1083\/revisions\/1412"}],"up":[{"embeddable":true,"href":"https:\/\/medbank.net\/fr\/wp-json\/wp\/v2\/pages\/852"}],"wp:featuredmedia":[{"embeddable":true,"href":"https:\/\/medbank.net\/fr\/wp-json\/wp\/v2\/media\/1250"}],"wp:attachment":[{"href":"https:\/\/medbank.net\/fr\/wp-json\/wp\/v2\/media?parent=1083"}],"curies":[{"name":"wp","href":"https:\/\/api.w.org\/{rel}","templated":true}]}}