{"id":1002,"date":"2026-03-24T14:01:07","date_gmt":"2026-03-24T11:01:07","guid":{"rendered":"https:\/\/medbank.net\/?page_id=1002"},"modified":"2026-04-14T11:25:20","modified_gmt":"2026-04-14T08:25:20","slug":"project-5","status":"publish","type":"page","link":"https:\/\/medbank.net\/fr\/projects\/project-5\/","title":{"rendered":"Projet \u201cOptimisation technologique de la sant\u00e9 publique\u201d"},"content":{"rendered":"\n<p>Les priorit\u00e9s des prochaines ann\u00e9es seront l&#8217;augmentation du taux de natalit\u00e9, le maintien de la sant\u00e9 des citoyens et l&#8217;augmentation de l&#8217;esp\u00e9rance de vie \u00e0 plus de 78 ans.<\/p>\n\n\n\n<p>La r\u00e9alisation de ces objectifs est impossible sans la mise en \u0153uvre de technologies modernes et l&#8217;optimisation des infrastructures m\u00e9dicales. Le projet \u00abOptimisation technologique de la sant\u00e9 publique\u00bb, men\u00e9 par Medbank, vise \u00e0 transformer le syst\u00e8me de sant\u00e9 russe. Son principe fondamental est de d\u00e9ployer des solutions technologiques innovantes pour am\u00e9liorer l&#8217;accessibilit\u00e9, la qualit\u00e9 et l&#8217;efficacit\u00e9 des services m\u00e9dicaux.<\/p>\n\n\n\n<h2 class=\"wp-block-heading mt-5 mb-4\">Centres m\u00e9dicaux multidisciplinaires \u00e0 distance (CMMD)<\/h2>\n\n\n\n<p>En tant que solution syst\u00e9mique, nous d\u00e9veloppons et proposons le concept de centres m\u00e9dicaux multidisciplinaires \u00e0 distance (CMMD) \u2013 des plateformes virtuelles qui unissent:<\/p>\n\n\n\n<ul class=\"wp-block-list\">\n<li>consultations de t\u00e9l\u00e9m\u00e9decine;<\/li>\n\n\n\n<li>surveillance \u00e0 distance de l&#8217;\u00e9tat des patients;<\/li>\n\n\n\n<li>diagnostic num\u00e9rique;<\/li>\n\n\n\n<li>orientation vers des sp\u00e9cialistes sp\u00e9cialis\u00e9s;<\/li>\n\n\n\n<li>int\u00e9gration aux syst\u00e8mes d&#8217;information m\u00e9dicale r\u00e9gionaux et f\u00e9d\u00e9raux;<\/li>\n<\/ul>\n\n\n\n<div class=\"wp-block-group\"><div class=\"wp-block-group__inner-container is-layout-constrained wp-block-group-is-layout-constrained\">\n<p><\/p>\n<\/div><\/div>\n\n\n\n<figure class=\"wp-block-gallery has-nested-images columns-default is-cropped mb-5 mt-5 wp-block-gallery-1 is-layout-flex wp-block-gallery-is-layout-flex\">\n<figure class=\"wp-block-image size-full\"><img loading=\"lazy\" decoding=\"async\" width=\"2560\" height=\"1347\" data-id=\"1155\" src=\"https:\/\/medbank.net\/wp-content\/uploads\/2026\/03\/project-1-1-scaled.webp\" alt=\"\" class=\"wp-image-1155\" srcset=\"https:\/\/medbank.net\/wp-content\/uploads\/2026\/03\/project-1-1-scaled.webp 2560w, https:\/\/medbank.net\/wp-content\/uploads\/2026\/03\/project-1-1-300x158.webp 300w, https:\/\/medbank.net\/wp-content\/uploads\/2026\/03\/project-1-1-1024x539.webp 1024w, https:\/\/medbank.net\/wp-content\/uploads\/2026\/03\/project-1-1-768x404.webp 768w, https:\/\/medbank.net\/wp-content\/uploads\/2026\/03\/project-1-1-1536x808.webp 1536w, https:\/\/medbank.net\/wp-content\/uploads\/2026\/03\/project-1-1-2048x1077.webp 2048w\" sizes=\"auto, (max-width: 2560px) 100vw, 2560px\" \/><\/figure>\n\n\n\n<figure class=\"wp-block-image size-full\"><img loading=\"lazy\" decoding=\"async\" width=\"2560\" height=\"1707\" data-id=\"1256\" src=\"https:\/\/medbank.net\/wp-content\/uploads\/2026\/04\/project-1-scaled.jpg\" alt=\"\" class=\"wp-image-1256\" srcset=\"https:\/\/medbank.net\/wp-content\/uploads\/2026\/04\/project-1-scaled.jpg 2560w, https:\/\/medbank.net\/wp-content\/uploads\/2026\/04\/project-1-300x200.jpg 300w, https:\/\/medbank.net\/wp-content\/uploads\/2026\/04\/project-1-1024x683.jpg 1024w, https:\/\/medbank.net\/wp-content\/uploads\/2026\/04\/project-1-768x512.jpg 768w, https:\/\/medbank.net\/wp-content\/uploads\/2026\/04\/project-1-1536x1024.jpg 1536w, https:\/\/medbank.net\/wp-content\/uploads\/2026\/04\/project-1-2048x1365.jpg 2048w\" sizes=\"auto, (max-width: 2560px) 100vw, 2560px\" \/><\/figure>\n\n\n\n<figure class=\"wp-block-image size-full\"><img loading=\"lazy\" decoding=\"async\" width=\"2560\" height=\"1600\" data-id=\"1156\" src=\"https:\/\/medbank.net\/wp-content\/uploads\/2026\/03\/project-1-2-scaled.webp\" alt=\"\" class=\"wp-image-1156\" srcset=\"https:\/\/medbank.net\/wp-content\/uploads\/2026\/03\/project-1-2-scaled.webp 2560w, https:\/\/medbank.net\/wp-content\/uploads\/2026\/03\/project-1-2-300x188.webp 300w, https:\/\/medbank.net\/wp-content\/uploads\/2026\/03\/project-1-2-1024x640.webp 1024w, https:\/\/medbank.net\/wp-content\/uploads\/2026\/03\/project-1-2-768x480.webp 768w, https:\/\/medbank.net\/wp-content\/uploads\/2026\/03\/project-1-2-1536x960.webp 1536w, https:\/\/medbank.net\/wp-content\/uploads\/2026\/03\/project-1-2-2048x1280.webp 2048w\" sizes=\"auto, (max-width: 2560px) 100vw, 2560px\" \/><\/figure>\n<\/figure>\n\n\n\n<p>Les CMMD sont con\u00e7us pour r\u00e9pondre aux principaux d\u00e9fis de la sant\u00e9 publique modernes: la r\u00e9partition in\u00e9gale des ressources m\u00e9dicales entre les r\u00e9gions, la p\u00e9nurie de sp\u00e9cialistes qualifi\u00e9s, les longs d\u00e9lais d\u2019attente pour les soins de routine en raison de la surcharge des cliniques, la fragmentation des donn\u00e9es des patients et le faible engagement des citoyens dans la gestion de leur propre sant\u00e9.<\/p>\n\n\n\n<p>Il est important que les CMMD ne remplacent pas les policliniques; ils permettent de redistribuer la charge de travail. Les consultations de routine et le suivi des patients atteints de maladies chroniques se font d\u00e9sormais \u00e0 distance. Les m\u00e9decins peuvent ainsi se consacrer aux cas complexes.<\/p>\n\n\n\n<h2 class=\"wp-block-heading mt-5 mb-4\">Syst\u00e8me m\u00e9dical personnalis\u00e9 universel (SMPU)<\/h2>\n\n\n\n<p>L\u2019\u00e9l\u00e9ment central du projet est le syst\u00e8me m\u00e9dical personnalis\u00e9 universel (SMPU) \u2013 une plateforme num\u00e9rique unique qui connecte:<\/p>\n\n\n\n<div class=\"wp-block-columns cards mb-5 mt-5 is-layout-flex wp-container-core-columns-is-layout-9d6595d7 wp-block-columns-is-layout-flex\">\n<div class=\"wp-block-column card gray is-layout-flow wp-block-column-is-layout-flow\">\n<figure class=\"wp-block-image size-large\"><img loading=\"lazy\" decoding=\"async\" width=\"32\" height=\"32\" src=\"https:\/\/medbank.net\/wp-content\/uploads\/2026\/03\/prod-icon-1-1.svg\" alt=\"\" class=\"wp-image-1050\"\/><\/figure>\n\n\n\n<h5 class=\"wp-block-heading mb-3\">technologies num\u00e9riques<\/h5>\n\n\n\n<ul class=\"wp-block-list\">\n<li>dossiers m\u00e9dicaux \u00e9lectroniques;<\/li>\n\n\n\n<li>infrastructure cloud pour le stockage et le traitement des donn\u00e9es;<\/li>\n\n\n\n<li>\u00e9change s\u00e9curis\u00e9 d&#8217;informations.<\/li>\n<\/ul>\n<\/div>\n\n\n\n<div class=\"wp-block-column card gray is-layout-flow wp-block-column-is-layout-flow\">\n<figure class=\"wp-block-image size-large\"><img loading=\"lazy\" decoding=\"async\" width=\"32\" height=\"32\" src=\"https:\/\/medbank.net\/wp-content\/uploads\/2026\/03\/prod-icon-1-2.svg\" alt=\"\" class=\"wp-image-1051\"\/><\/figure>\n\n\n\n<h5 class=\"wp-block-heading mb-3\">Intelligence artificielle<\/h5>\n\n\n\n<ul class=\"wp-block-list\">\n<li>soutien \u00e0 la prise de d\u00e9cision m\u00e9dicale;<\/li>\n\n\n\n<li>pr\u00e9diction du risque de d\u00e9veloppement des maladies \u00e0 partir de l&#8217;anamn\u00e8se;<\/li>\n\n\n\n<li>automatisation des processus de routine.<\/li>\n<\/ul>\n<\/div>\n\n\n\n<div class=\"wp-block-column card gray is-layout-flow wp-block-column-is-layout-flow\">\n<figure class=\"wp-block-image size-large\"><img loading=\"lazy\" decoding=\"async\" width=\"32\" height=\"32\" src=\"https:\/\/medbank.net\/wp-content\/uploads\/2026\/03\/prod-icon-1-3.svg\" alt=\"\" class=\"wp-image-1052\"\/><\/figure>\n\n\n\n<h5 class=\"wp-block-heading mb-3\">Surveillance continue<\/h5>\n\n\n\n<ul class=\"wp-block-list\">\n<li>consultation m\u00e9dicale en ligne 24h\/24 et 7j\/7;<\/li>\n\n\n\n<li>int\u00e9gration avec les dispositifs de diagnostic;<\/li>\n\n\n\n<li>collecte et analyse des indicateurs en temps r\u00e9el;<\/li>\n\n\n\n<li>d\u00e9tection pr\u00e9coce des anomalies et notification aux m\u00e9decins.<\/li>\n<\/ul>\n<\/div>\n<\/div>\n\n\n\n<p>Les CMMD sont con\u00e7us pour r\u00e9pondre aux principaux d\u00e9fis de la sant\u00e9 publique modernes: la r\u00e9partition in\u00e9gale des ressources m\u00e9dicales entre les r\u00e9gions, la p\u00e9nurie de sp\u00e9cialistes qualifi\u00e9s, les longs d\u00e9lais d\u2019attente pour les soins de routine en raison de la surcharge des cliniques, la fragmentation des donn\u00e9es des patients et le faible engagement des citoyens dans la gestion de leur propre sant\u00e9.<\/p>\n\n\n\n<p>Il est important que les CMMD ne remplacent pas les policliniques; ils permettent de redistribuer la charge de travail. Les consultations de routine et le suivi des patients atteints de maladies chroniques se font d\u00e9sormais \u00e0 distance. Les m\u00e9decins peuvent ainsi se consacrer aux cas complexes.<\/p>\n\n\n\n<h2 class=\"wp-block-heading mt-5 mb-4\">Strat\u00e9gie de mise en \u0153uvre<\/h2>\n\n\n\n<p>La sant\u00e9 publique est un domaine \u00e0 forte responsabilit\u00e9 sociale. Les changements radicaux y sont inacceptables. Nous proposons une approche progressive et ma\u00eetris\u00e9e qui minimise les risques.<\/p>\n\n\n\n<div class=\"wp-block-columns mb-5 mt-5 is-layout-flex wp-container-core-columns-is-layout-9d6595d7 wp-block-columns-is-layout-flex\" id=\"steps\">\n<div class=\"wp-block-column is-layout-flow wp-block-column-is-layout-flow\">\n<p id=\"orange-step\">01<\/p>\n\n\n\n<h5 class=\"wp-block-heading\">Stade initial<\/h5>\n\n\n\n<p>Cr\u00e9ation de d\u00e9partements de soins m\u00e9dicaux \u00e0 distance bas\u00e9s sur des cliniques<\/p>\n<\/div>\n\n\n\n<div class=\"wp-block-column is-layout-flow wp-block-column-is-layout-flow\">\n<p id=\"orange-step\">02<\/p>\n\n\n\n<h5 class=\"wp-block-heading\">Int\u00e9gration<\/h5>\n\n\n\n<p>Regroupement des d\u00e9partements en un seul r\u00e9seau<\/p>\n<\/div>\n\n\n\n<div class=\"wp-block-column is-layout-flow wp-block-column-is-layout-flow\">\n<p id=\"orange-step\">03<\/p>\n\n\n\n<h5 class=\"wp-block-heading\">Mise \u00e0 l&#8217;\u00e9chelle<\/h5>\n\n\n\n<p>Formation de CMMD \u00e0 part enti\u00e8re<\/p>\n<\/div>\n\n\n\n<div class=\"wp-block-column is-layout-flow wp-block-column-is-layout-flow\">\n<p id=\"orange-step\">04<\/p>\n\n\n\n<h5 class=\"wp-block-heading\">Optimisation du r\u00e9seau d&#8217;institutions m\u00e9dicales et preventives (IMP)<\/h5>\n\n\n\n<p>R\u00e9duction des capacit\u00e9s redondantes, redistribution des ressources<\/p>\n<\/div>\n\n\n\n<div class=\"wp-block-column is-layout-flow wp-block-column-is-layout-flow\">\n<p id=\"orange-step\">05<\/p>\n\n\n\n<h5 class=\"wp-block-heading\">Lancement<\/h5>\n\n\n\n<p>Lancement \u00e0 grande \u00e9chelle de la plateforme SMPU<\/p>\n<\/div>\n<\/div>\n\n\n\n<h2 class=\"wp-block-heading mt-5 mb-4\">Projets pilotes<\/h2>\n\n\n\n<p class=\"mt-4 mb-5\">Pour tester comment cela fonctionne, notre \u00e9quipe a d\u00e9velopp\u00e9 et lanc\u00e9 deux mod\u00e8les de projets pilotes.<\/p>\n\n\n\n<div class=\"wp-block-columns is-layout-flex wp-container-core-columns-is-layout-9d6595d7 wp-block-columns-is-layout-flex\" id=\"steps\">\n<div class=\"wp-block-column  mb-5 is-layout-flow wp-block-column-is-layout-flow\">\n<h5 class=\"wp-block-heading\">Le premier se situe au niveau de l&#8217;entreprise. Mod\u00e8le d&#8217;entreprise<\/h5>\n\n\n\n<ul class=\"wp-block-list\">\n<li>Ce projet vise \u00e0 fournir une assistance m\u00e9dicale aux employ\u00e9s des grandes entreprises directement sur leur lieu de travail;<\/li>\n\n\n\n<li>Le projet implique le d\u00e9ploiement d\u2019une structure de personnel (8 th\u00e9rapeutes\/infirmi\u00e8res) sur la base d\u2019une clinique d\u00e9partementale ou multidisciplinaire;<\/li>\n\n\n\n<li>Le point SMPU est situ\u00e9 dans les locaux de l&#8217;entreprise, ce qui minimise les pertes de temps de travail et augmente la disponibilit\u00e9 des services de maintenance pr\u00e9ventive.<\/li>\n<\/ul>\n<\/div>\n\n\n\n<div class=\"wp-block-column mb-5 is-layout-flow wp-block-column-is-layout-flow\">\n<h5 class=\"wp-block-heading\">La seconde s&#8217;adresse \u00e0 tous. Mod\u00e8le ax\u00e9 sur la population<\/h5>\n\n\n\n<ul class=\"wp-block-list\">\n<li>destin\u00e9 \u00e0 la population g\u00e9n\u00e9rale et ax\u00e9 sur les soins de sant\u00e9 primaires et la r\u00e9adaptation;<\/li>\n\n\n\n<li>exigences minimales en mati\u00e8re de personnel: une \u00e9quipe de 8 th\u00e9rapeutes et aide-m\u00e9decins bas\u00e9s dans un h\u00f4pital multidisciplinaire;<\/li>\n\n\n\n<li>l&#8217;\u00e9l\u00e9ment cl\u00e9 est l&#8217;organisation d&#8217;un centre de l\u2019auto-assistance m\u00e9dicale accessible \u00e0 pied pour la population.<\/li>\n<\/ul>\n<\/div>\n<\/div>\n\n\n\n<p>Ce mod\u00e8le de prestation de soins de sant\u00e9 jette les fondations de la cr\u00e9ation d&#8217;un syst\u00e8me unifi\u00e9, flexible et centr\u00e9 sur le patient et garantit des r\u00e9sultats mesurables pour tous les participants : le gouvernement, les entreprises et les citoyens.<\/p>\n\n\n\n<p>Le projet \u00abOptimisation technologique de la sant\u00e9 publique\u00bb est actuellement en phase pilote. Nous invitons les autorit\u00e9s sanitaires r\u00e9gionales, les \u00e9tablissements m\u00e9dicaux, les entreprises industrielles et les services de sant\u00e9 d\u00e9partementaux \u00e0 collaborer.<\/p>\n","protected":false},"excerpt":{"rendered":"<p>Les priorit\u00e9s des prochaines ann\u00e9es seront l&#8217;augmentation du taux de natalit\u00e9, le maintien de la sant\u00e9 des citoyens et l&#8217;augmentation de l&#8217;esp\u00e9rance de vie \u00e0 plus de 78 ans. La r\u00e9alisation de ces objectifs est impossible sans la mise en \u0153uvre de technologies modernes et l&#8217;optimisation des infrastructures m\u00e9dicales. Le projet \u00abOptimisation technologique de la [&hellip;]<\/p>\n","protected":false},"author":2,"featured_media":1251,"parent":852,"menu_order":24,"comment_status":"closed","ping_status":"closed","template":"templates\/template-page-project-single.php","meta":{"_acf_changed":false,"inline_featured_image":false,"footnotes":""},"class_list":["post-1002","page","type-page","status-publish","has-post-thumbnail","hentry"],"yoast_head":"<!-- This site is optimized with the Yoast SEO plugin v27.2 - https:\/\/yoast.com\/product\/yoast-seo-wordpress\/ -->\n<title>Projet \u201cOptimisation technologique de la sant\u00e9 publique\u201d<\/title>\n<meta name=\"robots\" content=\"index, follow, max-snippet:-1, max-image-preview:large, max-video-preview:-1\" \/>\n<link rel=\"canonical\" href=\"https:\/\/medbank.net\/fr\/projects\/project-5\/\" \/>\n<meta property=\"og:locale\" content=\"fr_FR\" \/>\n<meta property=\"og:locale:alternate\" content=\"ru_RU\" \/>\n<meta property=\"og:locale:alternate\" content=\"en_US\" \/>\n<meta property=\"og:type\" content=\"article\" \/>\n<meta property=\"og:title\" content=\"Projet \u201cOptimisation technologique de la sant\u00e9 publique\u201d\" \/>\n<meta property=\"og:description\" content=\"Les priorit\u00e9s des prochaines ann\u00e9es seront l&#8217;augmentation du taux de natalit\u00e9, le maintien de la sant\u00e9 des citoyens et l&#8217;augmentation de l&#8217;esp\u00e9rance de vie \u00e0 plus de 78 ans. La r\u00e9alisation de ces objectifs est impossible sans la mise en \u0153uvre de technologies modernes et l&#8217;optimisation des infrastructures m\u00e9dicales. Le projet \u00abOptimisation technologique de la [&hellip;]\" \/>\n<meta property=\"og:url\" content=\"https:\/\/medbank.net\/fr\/projects\/project-5\/\" \/>\n<meta property=\"og:site_name\" content=\"MEDBANK\" \/>\n<meta property=\"article:modified_time\" content=\"2026-04-14T08:25:20+00:00\" \/>\n<meta property=\"og:image\" content=\"https:\/\/medbank.net\/wp-content\/uploads\/2026\/04\/project-new-2-e1775026914365.png\" \/>\n\t<meta property=\"og:image:width\" content=\"1540\" \/>\n\t<meta property=\"og:image:height\" content=\"728\" \/>\n\t<meta property=\"og:image:type\" content=\"image\/png\" \/>\n<meta name=\"twitter:card\" content=\"summary_large_image\" \/>\n<meta name=\"twitter:label1\" content=\"Dur\u00e9e de lecture estim\u00e9e\" \/>\n\t<meta name=\"twitter:data1\" content=\"6 minutes\" \/>\n<script type=\"application\/ld+json\" class=\"yoast-schema-graph\">{\"@context\":\"https:\/\/schema.org\",\"@graph\":[{\"@type\":\"WebPage\",\"@id\":\"https:\/\/medbank.net\/fr\/projects\/project-5\/\",\"url\":\"https:\/\/medbank.net\/fr\/projects\/project-5\/\",\"name\":\"Projet \u201cOptimisation technologique de la sant\u00e9 publique\u201d\",\"isPartOf\":{\"@id\":\"https:\/\/medbank.net\/#website\"},\"primaryImageOfPage\":{\"@id\":\"https:\/\/medbank.net\/fr\/projects\/project-5\/#primaryimage\"},\"image\":{\"@id\":\"https:\/\/medbank.net\/fr\/projects\/project-5\/#primaryimage\"},\"thumbnailUrl\":\"https:\/\/medbank.net\/wp-content\/uploads\/2026\/04\/project-new-2-e1775026914365.png\",\"datePublished\":\"2026-03-24T11:01:07+00:00\",\"dateModified\":\"2026-04-14T08:25:20+00:00\",\"breadcrumb\":{\"@id\":\"https:\/\/medbank.net\/fr\/projects\/project-5\/#breadcrumb\"},\"inLanguage\":\"fr-FR\",\"potentialAction\":[{\"@type\":\"ReadAction\",\"target\":[\"https:\/\/medbank.net\/fr\/projects\/project-5\/\"]}]},{\"@type\":\"ImageObject\",\"inLanguage\":\"fr-FR\",\"@id\":\"https:\/\/medbank.net\/fr\/projects\/project-5\/#primaryimage\",\"url\":\"https:\/\/medbank.net\/wp-content\/uploads\/2026\/04\/project-new-2-e1775026914365.png\",\"contentUrl\":\"https:\/\/medbank.net\/wp-content\/uploads\/2026\/04\/project-new-2-e1775026914365.png\",\"width\":1540,\"height\":728},{\"@type\":\"BreadcrumbList\",\"@id\":\"https:\/\/medbank.net\/fr\/projects\/project-5\/#breadcrumb\",\"itemListElement\":[{\"@type\":\"ListItem\",\"position\":1,\"name\":\"\u041f\u0440\u043e\u0435\u043a\u0442\u044b\",\"item\":\"https:\/\/medbank.net\/projects\/\"},{\"@type\":\"ListItem\",\"position\":2,\"name\":\"Projet \u201cOptimisation technologique de la sant\u00e9 publique\u201d\"}]},{\"@type\":\"WebSite\",\"@id\":\"https:\/\/medbank.net\/#website\",\"url\":\"https:\/\/medbank.net\/\",\"name\":\"MEDBANK\",\"description\":\"\",\"publisher\":{\"@id\":\"https:\/\/medbank.net\/#organization\"},\"potentialAction\":[{\"@type\":\"SearchAction\",\"target\":{\"@type\":\"EntryPoint\",\"urlTemplate\":\"https:\/\/medbank.net\/?s={search_term_string}\"},\"query-input\":{\"@type\":\"PropertyValueSpecification\",\"valueRequired\":true,\"valueName\":\"search_term_string\"}}],\"inLanguage\":\"fr-FR\"},{\"@type\":\"Organization\",\"@id\":\"https:\/\/medbank.net\/#organization\",\"name\":\"MEDBANK\",\"url\":\"https:\/\/medbank.net\/\",\"logo\":{\"@type\":\"ImageObject\",\"inLanguage\":\"fr-FR\",\"@id\":\"https:\/\/medbank.net\/#\/schema\/logo\/image\/\",\"url\":\"https:\/\/medbank.net\/wp-content\/uploads\/2024\/11\/logo.svg\",\"contentUrl\":\"https:\/\/medbank.net\/wp-content\/uploads\/2024\/11\/logo.svg\",\"width\":230,\"height\":42,\"caption\":\"MEDBANK\"},\"image\":{\"@id\":\"https:\/\/medbank.net\/#\/schema\/logo\/image\/\"}}]}<\/script>\n<!-- \/ Yoast SEO plugin. -->","yoast_head_json":{"title":"Projet \u201cOptimisation technologique de la sant\u00e9 publique\u201d","robots":{"index":"index","follow":"follow","max-snippet":"max-snippet:-1","max-image-preview":"max-image-preview:large","max-video-preview":"max-video-preview:-1"},"canonical":"https:\/\/medbank.net\/fr\/projects\/project-5\/","og_locale":"fr_FR","og_type":"article","og_title":"[:ru]\u041f\u0440\u043e\u0435\u043a\u0442 \u00ab\u0422\u0435\u0445\u043d\u043e\u043b\u043e\u0433\u0438\u0447\u0435\u0441\u043a\u0430\u044f \u043e\u043f\u0442\u0438\u043c\u0438\u0437\u0430\u0446\u0438\u044f \u0437\u0434\u0440\u0430\u0432\u043e\u043e\u0445\u0440\u0430\u043d\u0435\u043d\u0438\u044f\u00bb[:en]\u201cTechnological Optimization of Healthcare\u201d Project[:fr]Projet \u201cOptimisation technologique de la sant\u00e9 publique\u201d[:] - MEDBANK","og_description":"Les priorit\u00e9s des prochaines ann\u00e9es seront l&#8217;augmentation du taux de natalit\u00e9, le maintien de la sant\u00e9 des citoyens et l&#8217;augmentation de l&#8217;esp\u00e9rance de vie \u00e0 plus de 78 ans. La r\u00e9alisation de ces objectifs est impossible sans la mise en \u0153uvre de technologies modernes et l&#8217;optimisation des infrastructures m\u00e9dicales. Le projet \u00abOptimisation technologique de la [&hellip;]","og_url":"https:\/\/medbank.net\/fr\/projects\/project-5\/","og_site_name":"MEDBANK","article_modified_time":"2026-04-14T08:25:20+00:00","og_image":[{"width":1540,"height":728,"url":"https:\/\/medbank.net\/wp-content\/uploads\/2026\/04\/project-new-2-e1775026914365.png","type":"image\/png"}],"twitter_card":"summary_large_image","twitter_misc":{"Dur\u00e9e de lecture estim\u00e9e":"6 minutes"},"schema":{"@context":"https:\/\/schema.org","@graph":[{"@type":"WebPage","@id":"https:\/\/medbank.net\/fr\/projects\/project-5\/","url":"https:\/\/medbank.net\/fr\/projects\/project-5\/","name":"Projet \u201cOptimisation technologique de la sant\u00e9 publique\u201d","isPartOf":{"@id":"https:\/\/medbank.net\/#website"},"primaryImageOfPage":{"@id":"https:\/\/medbank.net\/fr\/projects\/project-5\/#primaryimage"},"image":{"@id":"https:\/\/medbank.net\/fr\/projects\/project-5\/#primaryimage"},"thumbnailUrl":"https:\/\/medbank.net\/wp-content\/uploads\/2026\/04\/project-new-2-e1775026914365.png","datePublished":"2026-03-24T11:01:07+00:00","dateModified":"2026-04-14T08:25:20+00:00","breadcrumb":{"@id":"https:\/\/medbank.net\/fr\/projects\/project-5\/#breadcrumb"},"inLanguage":"fr-FR","potentialAction":[{"@type":"ReadAction","target":["https:\/\/medbank.net\/fr\/projects\/project-5\/"]}]},{"@type":"ImageObject","inLanguage":"fr-FR","@id":"https:\/\/medbank.net\/fr\/projects\/project-5\/#primaryimage","url":"https:\/\/medbank.net\/wp-content\/uploads\/2026\/04\/project-new-2-e1775026914365.png","contentUrl":"https:\/\/medbank.net\/wp-content\/uploads\/2026\/04\/project-new-2-e1775026914365.png","width":1540,"height":728},{"@type":"BreadcrumbList","@id":"https:\/\/medbank.net\/fr\/projects\/project-5\/#breadcrumb","itemListElement":[{"@type":"ListItem","position":1,"name":"\u041f\u0440\u043e\u0435\u043a\u0442\u044b","item":"https:\/\/medbank.net\/projects\/"},{"@type":"ListItem","position":2,"name":"Projet \u201cOptimisation technologique de la sant\u00e9 publique\u201d"}]},{"@type":"WebSite","@id":"https:\/\/medbank.net\/#website","url":"https:\/\/medbank.net\/","name":"MEDBANK","description":"","publisher":{"@id":"https:\/\/medbank.net\/#organization"},"potentialAction":[{"@type":"SearchAction","target":{"@type":"EntryPoint","urlTemplate":"https:\/\/medbank.net\/?s={search_term_string}"},"query-input":{"@type":"PropertyValueSpecification","valueRequired":true,"valueName":"search_term_string"}}],"inLanguage":"fr-FR"},{"@type":"Organization","@id":"https:\/\/medbank.net\/#organization","name":"MEDBANK","url":"https:\/\/medbank.net\/","logo":{"@type":"ImageObject","inLanguage":"fr-FR","@id":"https:\/\/medbank.net\/#\/schema\/logo\/image\/","url":"https:\/\/medbank.net\/wp-content\/uploads\/2024\/11\/logo.svg","contentUrl":"https:\/\/medbank.net\/wp-content\/uploads\/2024\/11\/logo.svg","width":230,"height":42,"caption":"MEDBANK"},"image":{"@id":"https:\/\/medbank.net\/#\/schema\/logo\/image\/"}}]}},"acf":[],"_links":{"self":[{"href":"https:\/\/medbank.net\/fr\/wp-json\/wp\/v2\/pages\/1002","targetHints":{"allow":["GET"]}}],"collection":[{"href":"https:\/\/medbank.net\/fr\/wp-json\/wp\/v2\/pages"}],"about":[{"href":"https:\/\/medbank.net\/fr\/wp-json\/wp\/v2\/types\/page"}],"author":[{"embeddable":true,"href":"https:\/\/medbank.net\/fr\/wp-json\/wp\/v2\/users\/2"}],"replies":[{"embeddable":true,"href":"https:\/\/medbank.net\/fr\/wp-json\/wp\/v2\/comments?post=1002"}],"version-history":[{"count":29,"href":"https:\/\/medbank.net\/fr\/wp-json\/wp\/v2\/pages\/1002\/revisions"}],"predecessor-version":[{"id":1410,"href":"https:\/\/medbank.net\/fr\/wp-json\/wp\/v2\/pages\/1002\/revisions\/1410"}],"up":[{"embeddable":true,"href":"https:\/\/medbank.net\/fr\/wp-json\/wp\/v2\/pages\/852"}],"wp:featuredmedia":[{"embeddable":true,"href":"https:\/\/medbank.net\/fr\/wp-json\/wp\/v2\/media\/1251"}],"wp:attachment":[{"href":"https:\/\/medbank.net\/fr\/wp-json\/wp\/v2\/media?parent=1002"}],"curies":[{"name":"wp","href":"https:\/\/api.w.org\/{rel}","templated":true}]}}