{"id":1278,"date":"2026-04-07T15:11:19","date_gmt":"2026-04-07T12:11:19","guid":{"rendered":"https:\/\/medbank.net\/?page_id=1278"},"modified":"2026-04-15T09:35:36","modified_gmt":"2026-04-15T06:35:36","slug":"project-2","status":"publish","type":"page","link":"https:\/\/medbank.net\/en\/projects\/project-2\/","title":{"rendered":"Medbank: A Digital Ecosystem for Modern Medical Centers"},"content":{"rendered":"\n<p>Medbank doesn&#8217;t just supply software; we build long-term partnerships with medical centers. Our team supports clinics at every stage: from analyzing current processes to full implementation and subsequent support.<\/p>\n\n\n\n<p>The platform integrates essential modern tools that make clinic operations efficient:<\/p>\n\n\n\n<div class=\"wp-block-columns mt-5 is-layout-flex wp-container-core-columns-is-layout-9d6595d7 wp-block-columns-is-layout-flex\">\n<div class=\"wp-block-column card gray is-layout-flow wp-block-column-is-layout-flow\">\n<h5 class=\"wp-block-heading\"><strong>Automation of routine tasks<\/strong><\/h5>\n\n\n\n<p>Doctors are getting rid of paper medical records. Electronic registration, digital clinical charts, and automatic appointment reminders save up to 70% of staff time. Online scheduling works seamlessly 24\/7.<\/p>\n<\/div>\n\n\n\n<div class=\"wp-block-column card gray is-layout-flow wp-block-column-is-layout-flow\">\n<h5 class=\"wp-block-heading\"><strong>Secure data management<\/strong><\/h5>\n\n\n\n<p>All test results, diagnoses, and prescriptions are stored centrally. Doctors have quick access to patient records during appointments, and the decision support system automatically checks medication compatibility and suggests up-to-date clinical recommendations.<\/p>\n<\/div>\n\n\n\n<div class=\"wp-block-column card gray is-layout-flow wp-block-column-is-layout-flow\">\n<h5 class=\"wp-block-heading\"><strong>Transparent financial accounting<\/strong><\/h5>\n\n\n\n<p>Billing, income and expense tracking, and integration with accounting make financial flows clear and understandable for clinic managers.<\/p>\n<\/div>\n<\/div>\n\n\n\n<div class=\"wp-block-columns mb-5 is-layout-flex wp-container-core-columns-is-layout-9d6595d7 wp-block-columns-is-layout-flex\">\n<div class=\"wp-block-column card gray is-layout-flow wp-block-column-is-layout-flow\">\n<h5 class=\"wp-block-heading\"><strong>Boundless communication<\/strong><\/h5>\n\n\n\n<p>Internal chats, calendars, and online information exchange between departments allow for real-time coordination<\/p>\n<\/div>\n\n\n\n<div class=\"wp-block-column card gray is-layout-flow wp-block-column-is-layout-flow\">\n<h5 class=\"wp-block-heading\"><strong>Telemedicine as standard<\/strong><\/h5>\n\n\n\n<p>Remote consultations, patient monitoring using T1 and T11 terminals, and emergency calls with colleagues\u2014the clinic goes beyond its physical location, serving patients worldwide and in remote areas.<\/p>\n<\/div>\n<\/div>\n\n\n\n<p>Collaboration with Medbank transforms the medical center into a modern, cost-effective business with sustainable competitive advantages. Regular checkups and telemedicine ensure that doctors are always busy, while convenient communication channels increase patient loyalty. Management benefits from reduced operating costs, increased margins, and access to corporate clients.<\/p>\n\n\n\n<h2 class=\"wp-block-heading mb-5 mt-5\"><strong>A separate area of \u200b\u200bfocus is working with corporate clients through pre- and post-trip medical examinations<\/strong>.<\/h2>\n\n\n\n<p>Medbank allows the medical center to connect hundreds of transportation, taxi, logistics, and construction companies to the platform. Employees undergo examinations remotely using T1 and T11 terminals: blood pressure, pulse, and temperature measurements, as well as alcohol testing, are all transmitted in real time to the employee&#8217;s digital card. A doctor remotely records whether a patient is admitted or excluded from a trip, and the system automatically generates protocols and logs for regulatory authorities. For the clinic, this means a stable patient flow with predictable patient loads, minimized paperwork, and access to large corporate contracts.<\/p>\n\n\n\n<p>Using our platform, clinics are developing &#8220;doctors of the future&#8221;\u2014specialists with advanced digital competencies who don&#8217;t waste time on paperwork but instead focus entirely on patients.<\/p>\n\n\n\n<p>Today, telemedicine and intelligent technologies are no longer an option, but a mandatory standard of care. Medbank helps clinics not only meet this standard but also stay ahead of the market by implementing elements of AI and remote coordination with psychologists, nutritionists, and social workers.<\/p>\n\n\n\n<figure class=\"wp-block-gallery has-nested-images columns-default is-cropped wp-block-gallery-1 is-layout-flex wp-block-gallery-is-layout-flex\" id=\"mt-5\">\n<figure class=\"wp-block-image size-large\"><img loading=\"lazy\" decoding=\"async\" width=\"1024\" height=\"683\" data-id=\"1304\" src=\"https:\/\/medbank.net\/wp-content\/uploads\/2026\/04\/progect-img-8-3-1024x683.png\" alt=\"\" class=\"wp-image-1304\" srcset=\"https:\/\/medbank.net\/wp-content\/uploads\/2026\/04\/progect-img-8-3-1024x683.png 1024w, https:\/\/medbank.net\/wp-content\/uploads\/2026\/04\/progect-img-8-3-300x200.png 300w, https:\/\/medbank.net\/wp-content\/uploads\/2026\/04\/progect-img-8-3-768x512.png 768w, https:\/\/medbank.net\/wp-content\/uploads\/2026\/04\/progect-img-8-3-1536x1025.png 1536w, https:\/\/medbank.net\/wp-content\/uploads\/2026\/04\/progect-img-8-3.png 1562w\" sizes=\"auto, (max-width: 1024px) 100vw, 1024px\" \/><\/figure>\n\n\n\n<figure class=\"wp-block-image size-large\"><img loading=\"lazy\" decoding=\"async\" width=\"1024\" height=\"683\" data-id=\"1306\" src=\"https:\/\/medbank.net\/wp-content\/uploads\/2026\/04\/progect-img-8-1-1024x683.jpg\" alt=\"\" class=\"wp-image-1306\" srcset=\"https:\/\/medbank.net\/wp-content\/uploads\/2026\/04\/progect-img-8-1-1024x683.jpg 1024w, https:\/\/medbank.net\/wp-content\/uploads\/2026\/04\/progect-img-8-1-300x200.jpg 300w, https:\/\/medbank.net\/wp-content\/uploads\/2026\/04\/progect-img-8-1-768x512.jpg 768w, https:\/\/medbank.net\/wp-content\/uploads\/2026\/04\/progect-img-8-1-1536x1024.jpg 1536w, https:\/\/medbank.net\/wp-content\/uploads\/2026\/04\/progect-img-8-1.jpg 1920w\" sizes=\"auto, (max-width: 1024px) 100vw, 1024px\" \/><\/figure>\n\n\n\n<figure class=\"wp-block-image size-large\"><img loading=\"lazy\" decoding=\"async\" width=\"1024\" height=\"683\" data-id=\"1305\" src=\"https:\/\/medbank.net\/wp-content\/uploads\/2026\/04\/progect-img-8-2-1024x683.png\" alt=\"\" class=\"wp-image-1305\" srcset=\"https:\/\/medbank.net\/wp-content\/uploads\/2026\/04\/progect-img-8-2-1024x683.png 1024w, https:\/\/medbank.net\/wp-content\/uploads\/2026\/04\/progect-img-8-2-300x200.png 300w, https:\/\/medbank.net\/wp-content\/uploads\/2026\/04\/progect-img-8-2-768x512.png 768w, https:\/\/medbank.net\/wp-content\/uploads\/2026\/04\/progect-img-8-2-1536x1025.png 1536w, https:\/\/medbank.net\/wp-content\/uploads\/2026\/04\/progect-img-8-2.png 1562w\" sizes=\"auto, (max-width: 1024px) 100vw, 1024px\" \/><\/figure>\n<\/figure>\n","protected":false},"excerpt":{"rendered":"<p>Medbank doesn&#8217;t just supply software; we build long-term partnerships with medical centers. Our team supports clinics at every stage: from analyzing current processes to full implementation and subsequent support. The platform integrates essential modern tools that make clinic operations efficient: Automation of routine tasks Doctors are getting rid of paper medical records. Electronic registration, digital [&hellip;]<\/p>\n","protected":false},"author":20,"featured_media":1305,"parent":852,"menu_order":21,"comment_status":"closed","ping_status":"closed","template":"templates\/template-page-project-single.php","meta":{"_acf_changed":false,"inline_featured_image":false,"footnotes":""},"class_list":["post-1278","page","type-page","status-publish","has-post-thumbnail","hentry"],"yoast_head":"<!-- This site is optimized with the Yoast SEO plugin v27.2 - https:\/\/yoast.com\/product\/yoast-seo-wordpress\/ -->\n<title>Medbank: A Digital Ecosystem for Modern Medical Centers<\/title>\n<meta name=\"robots\" content=\"index, follow, max-snippet:-1, max-image-preview:large, max-video-preview:-1\" \/>\n<link rel=\"canonical\" href=\"https:\/\/medbank.net\/en\/projects\/project-2\/\" \/>\n<meta property=\"og:locale\" content=\"en_US\" \/>\n<meta property=\"og:locale:alternate\" content=\"ru_RU\" \/>\n<meta property=\"og:locale:alternate\" content=\"fr_FR\" \/>\n<meta property=\"og:type\" content=\"article\" \/>\n<meta property=\"og:title\" content=\"Medbank: A Digital Ecosystem for Modern Medical Centers\" \/>\n<meta property=\"og:description\" content=\"Medbank doesn&#8217;t just supply software; we build long-term partnerships with medical centers. Our team supports clinics at every stage: from analyzing current processes to full implementation and subsequent support. The platform integrates essential modern tools that make clinic operations efficient: Automation of routine tasks Doctors are getting rid of paper medical records. Electronic registration, digital [&hellip;]\" \/>\n<meta property=\"og:url\" content=\"https:\/\/medbank.net\/en\/projects\/project-2\/\" \/>\n<meta property=\"og:site_name\" content=\"MEDBANK\" \/>\n<meta property=\"article:modified_time\" content=\"2026-04-15T06:35:36+00:00\" \/>\n<meta property=\"og:image\" content=\"https:\/\/medbank.net\/wp-content\/uploads\/2026\/04\/progect-img-8-2.png\" \/>\n\t<meta property=\"og:image:width\" content=\"1562\" \/>\n\t<meta property=\"og:image:height\" content=\"1042\" \/>\n\t<meta property=\"og:image:type\" content=\"image\/png\" \/>\n<meta name=\"twitter:card\" content=\"summary_large_image\" \/>\n<meta name=\"twitter:label1\" content=\"Est. reading time\" \/>\n\t<meta name=\"twitter:data1\" content=\"4 minutes\" \/>\n<script type=\"application\/ld+json\" class=\"yoast-schema-graph\">{\"@context\":\"https:\/\/schema.org\",\"@graph\":[{\"@type\":\"WebPage\",\"@id\":\"https:\/\/medbank.net\/fr\/projects\/project-2\/\",\"url\":\"https:\/\/medbank.net\/fr\/projects\/project-2\/\",\"name\":\"Medbank: A Digital Ecosystem for Modern Medical Centers\",\"isPartOf\":{\"@id\":\"https:\/\/medbank.net\/#website\"},\"primaryImageOfPage\":{\"@id\":\"https:\/\/medbank.net\/fr\/projects\/project-2\/#primaryimage\"},\"image\":{\"@id\":\"https:\/\/medbank.net\/fr\/projects\/project-2\/#primaryimage\"},\"thumbnailUrl\":\"https:\/\/medbank.net\/wp-content\/uploads\/2026\/04\/progect-img-8-2.png\",\"datePublished\":\"2026-04-07T12:11:19+00:00\",\"dateModified\":\"2026-04-15T06:35:36+00:00\",\"breadcrumb\":{\"@id\":\"https:\/\/medbank.net\/fr\/projects\/project-2\/#breadcrumb\"},\"inLanguage\":\"en-US\",\"potentialAction\":[{\"@type\":\"ReadAction\",\"target\":[\"https:\/\/medbank.net\/fr\/projects\/project-2\/\"]}]},{\"@type\":\"ImageObject\",\"inLanguage\":\"en-US\",\"@id\":\"https:\/\/medbank.net\/fr\/projects\/project-2\/#primaryimage\",\"url\":\"https:\/\/medbank.net\/wp-content\/uploads\/2026\/04\/progect-img-8-2.png\",\"contentUrl\":\"https:\/\/medbank.net\/wp-content\/uploads\/2026\/04\/progect-img-8-2.png\",\"width\":1562,\"height\":1042},{\"@type\":\"BreadcrumbList\",\"@id\":\"https:\/\/medbank.net\/fr\/projects\/project-2\/#breadcrumb\",\"itemListElement\":[{\"@type\":\"ListItem\",\"position\":1,\"name\":\"\u0413\u043b\u0430\u0432\u043d\u0430\u044f \u0441\u0442\u0440\u0430\u043d\u0438\u0446\u0430\",\"item\":\"https:\/\/medbank.net\/\"},{\"@type\":\"ListItem\",\"position\":2,\"name\":\"\u041f\u0440\u043e\u0435\u043a\u0442\u044b\",\"item\":\"https:\/\/medbank.net\/projects\/\"},{\"@type\":\"ListItem\",\"position\":3,\"name\":\"Medbank: un \u00e9cosyst\u00e8me num\u00e9rique pour les centres m\u00e9dicaux modernes\"}]},{\"@type\":\"WebSite\",\"@id\":\"https:\/\/medbank.net\/#website\",\"url\":\"https:\/\/medbank.net\/\",\"name\":\"MEDBANK\",\"description\":\"\",\"publisher\":{\"@id\":\"https:\/\/medbank.net\/#organization\"},\"potentialAction\":[{\"@type\":\"SearchAction\",\"target\":{\"@type\":\"EntryPoint\",\"urlTemplate\":\"https:\/\/medbank.net\/?s={search_term_string}\"},\"query-input\":{\"@type\":\"PropertyValueSpecification\",\"valueRequired\":true,\"valueName\":\"search_term_string\"}}],\"inLanguage\":\"en-US\"},{\"@type\":\"Organization\",\"@id\":\"https:\/\/medbank.net\/#organization\",\"name\":\"MEDBANK\",\"url\":\"https:\/\/medbank.net\/\",\"logo\":{\"@type\":\"ImageObject\",\"inLanguage\":\"en-US\",\"@id\":\"https:\/\/medbank.net\/#\/schema\/logo\/image\/\",\"url\":\"https:\/\/medbank.net\/wp-content\/uploads\/2024\/11\/logo.svg\",\"contentUrl\":\"https:\/\/medbank.net\/wp-content\/uploads\/2024\/11\/logo.svg\",\"width\":230,\"height\":42,\"caption\":\"MEDBANK\"},\"image\":{\"@id\":\"https:\/\/medbank.net\/#\/schema\/logo\/image\/\"}}]}<\/script>\n<!-- \/ Yoast SEO plugin. -->","yoast_head_json":{"title":"Medbank: A Digital Ecosystem for Modern Medical Centers","robots":{"index":"index","follow":"follow","max-snippet":"max-snippet:-1","max-image-preview":"max-image-preview:large","max-video-preview":"max-video-preview:-1"},"canonical":"https:\/\/medbank.net\/en\/projects\/project-2\/","og_locale":"en_US","og_type":"article","og_title":"[:ru]\u00ab\u041c\u0435\u0434\u0431\u0430\u043d\u043a\u00bb: \u0446\u0438\u0444\u0440\u043e\u0432\u0430\u044f \u044d\u043a\u043e\u0441\u0438\u0441\u0442\u0435\u043c\u0430 \u0434\u043b\u044f \u0441\u043e\u0432\u0440\u0435\u043c\u0435\u043d\u043d\u044b\u0445 \u043c\u0435\u0434\u0438\u0446\u0438\u043d\u0441\u043a\u0438\u0445 \u0446\u0435\u043d\u0442\u0440\u043e\u0432[:en]Medbank: A Digital Ecosystem for Modern Medical Centers[:fr]Medbank: un \u00e9cosyst\u00e8me num\u00e9rique pour les centres m\u00e9dicaux modernes[:] - MEDBANK","og_description":"Medbank doesn&#8217;t just supply software; we build long-term partnerships with medical centers. Our team supports clinics at every stage: from analyzing current processes to full implementation and subsequent support. The platform integrates essential modern tools that make clinic operations efficient: Automation of routine tasks Doctors are getting rid of paper medical records. Electronic registration, digital [&hellip;]","og_url":"https:\/\/medbank.net\/en\/projects\/project-2\/","og_site_name":"MEDBANK","article_modified_time":"2026-04-15T06:35:36+00:00","og_image":[{"width":1562,"height":1042,"url":"https:\/\/medbank.net\/wp-content\/uploads\/2026\/04\/progect-img-8-2.png","type":"image\/png"}],"twitter_card":"summary_large_image","twitter_misc":{"Est. reading time":"4 minutes"},"schema":{"@context":"https:\/\/schema.org","@graph":[{"@type":"WebPage","@id":"https:\/\/medbank.net\/fr\/projects\/project-2\/","url":"https:\/\/medbank.net\/fr\/projects\/project-2\/","name":"Medbank: A Digital Ecosystem for Modern Medical Centers","isPartOf":{"@id":"https:\/\/medbank.net\/#website"},"primaryImageOfPage":{"@id":"https:\/\/medbank.net\/fr\/projects\/project-2\/#primaryimage"},"image":{"@id":"https:\/\/medbank.net\/fr\/projects\/project-2\/#primaryimage"},"thumbnailUrl":"https:\/\/medbank.net\/wp-content\/uploads\/2026\/04\/progect-img-8-2.png","datePublished":"2026-04-07T12:11:19+00:00","dateModified":"2026-04-15T06:35:36+00:00","breadcrumb":{"@id":"https:\/\/medbank.net\/fr\/projects\/project-2\/#breadcrumb"},"inLanguage":"en-US","potentialAction":[{"@type":"ReadAction","target":["https:\/\/medbank.net\/fr\/projects\/project-2\/"]}]},{"@type":"ImageObject","inLanguage":"en-US","@id":"https:\/\/medbank.net\/fr\/projects\/project-2\/#primaryimage","url":"https:\/\/medbank.net\/wp-content\/uploads\/2026\/04\/progect-img-8-2.png","contentUrl":"https:\/\/medbank.net\/wp-content\/uploads\/2026\/04\/progect-img-8-2.png","width":1562,"height":1042},{"@type":"BreadcrumbList","@id":"https:\/\/medbank.net\/fr\/projects\/project-2\/#breadcrumb","itemListElement":[{"@type":"ListItem","position":1,"name":"\u0413\u043b\u0430\u0432\u043d\u0430\u044f \u0441\u0442\u0440\u0430\u043d\u0438\u0446\u0430","item":"https:\/\/medbank.net\/"},{"@type":"ListItem","position":2,"name":"\u041f\u0440\u043e\u0435\u043a\u0442\u044b","item":"https:\/\/medbank.net\/projects\/"},{"@type":"ListItem","position":3,"name":"Medbank: un \u00e9cosyst\u00e8me num\u00e9rique pour les centres m\u00e9dicaux modernes"}]},{"@type":"WebSite","@id":"https:\/\/medbank.net\/#website","url":"https:\/\/medbank.net\/","name":"MEDBANK","description":"","publisher":{"@id":"https:\/\/medbank.net\/#organization"},"potentialAction":[{"@type":"SearchAction","target":{"@type":"EntryPoint","urlTemplate":"https:\/\/medbank.net\/?s={search_term_string}"},"query-input":{"@type":"PropertyValueSpecification","valueRequired":true,"valueName":"search_term_string"}}],"inLanguage":"en-US"},{"@type":"Organization","@id":"https:\/\/medbank.net\/#organization","name":"MEDBANK","url":"https:\/\/medbank.net\/","logo":{"@type":"ImageObject","inLanguage":"en-US","@id":"https:\/\/medbank.net\/#\/schema\/logo\/image\/","url":"https:\/\/medbank.net\/wp-content\/uploads\/2024\/11\/logo.svg","contentUrl":"https:\/\/medbank.net\/wp-content\/uploads\/2024\/11\/logo.svg","width":230,"height":42,"caption":"MEDBANK"},"image":{"@id":"https:\/\/medbank.net\/#\/schema\/logo\/image\/"}}]}},"acf":[],"_links":{"self":[{"href":"https:\/\/medbank.net\/en\/wp-json\/wp\/v2\/pages\/1278","targetHints":{"allow":["GET"]}}],"collection":[{"href":"https:\/\/medbank.net\/en\/wp-json\/wp\/v2\/pages"}],"about":[{"href":"https:\/\/medbank.net\/en\/wp-json\/wp\/v2\/types\/page"}],"author":[{"embeddable":true,"href":"https:\/\/medbank.net\/en\/wp-json\/wp\/v2\/users\/20"}],"replies":[{"embeddable":true,"href":"https:\/\/medbank.net\/en\/wp-json\/wp\/v2\/comments?post=1278"}],"version-history":[{"count":7,"href":"https:\/\/medbank.net\/en\/wp-json\/wp\/v2\/pages\/1278\/revisions"}],"predecessor-version":[{"id":1447,"href":"https:\/\/medbank.net\/en\/wp-json\/wp\/v2\/pages\/1278\/revisions\/1447"}],"up":[{"embeddable":true,"href":"https:\/\/medbank.net\/en\/wp-json\/wp\/v2\/pages\/852"}],"wp:featuredmedia":[{"embeddable":true,"href":"https:\/\/medbank.net\/en\/wp-json\/wp\/v2\/media\/1305"}],"wp:attachment":[{"href":"https:\/\/medbank.net\/en\/wp-json\/wp\/v2\/media?parent=1278"}],"curies":[{"name":"wp","href":"https:\/\/api.w.org\/{rel}","templated":true}]}}