{"id":1091,"date":"2026-03-24T16:37:04","date_gmt":"2026-03-24T13:37:04","guid":{"rendered":"https:\/\/medbank.net\/?page_id=1091"},"modified":"2026-04-14T11:40:09","modified_gmt":"2026-04-14T08:40:09","slug":"project-3","status":"publish","type":"page","link":"https:\/\/medbank.net\/en\/projects\/project-3\/","title":{"rendered":"Patient flow distribution system for remote pre-trip examinations"},"content":{"rendered":"\n<p>Thanks to Dimeco digital platform and hardware and software system, a single healthcare worker can now serve up to 3 000 patients per shift, which is 50 times higher than industry standards.<\/p>\n\n\n\n<p>With the growing popularity of remote medical examinations, drivers faced long queues and medical staff were critically overwhelmed. The problem was particularly acute in the morning hours, when thousands of drivers simultaneously applied for the admission to the trip.<\/p>\n\n\n\n<p>A new patient flow distribution system for remote pre-trip examinations has reduced examination time to 10 seconds and solved the problem of staff shortages during peak hours. The system is based on artificial intelligence (AI), a physician decision support system (PDSS), and a &#8220;one-button&#8221; approach.<\/p>\n\n\n\n<figure class=\"wp-block-gallery has-nested-images columns-default is-cropped mb-5 mt-5 wp-block-gallery-1 is-layout-flex wp-block-gallery-is-layout-flex\">\n<figure class=\"wp-block-image size-large\"><img loading=\"lazy\" decoding=\"async\" width=\"1024\" height=\"576\" data-id=\"1243\" src=\"https:\/\/medbank.net\/wp-content\/uploads\/2026\/03\/project-6-3-new-1024x576.webp\" alt=\"\" class=\"wp-image-1243\" srcset=\"https:\/\/medbank.net\/wp-content\/uploads\/2026\/03\/project-6-3-new-1024x576.webp 1024w, https:\/\/medbank.net\/wp-content\/uploads\/2026\/03\/project-6-3-new-300x169.webp 300w, https:\/\/medbank.net\/wp-content\/uploads\/2026\/03\/project-6-3-new-768x432.webp 768w, https:\/\/medbank.net\/wp-content\/uploads\/2026\/03\/project-6-3-new-1536x864.webp 1536w, https:\/\/medbank.net\/wp-content\/uploads\/2026\/03\/project-6-3-new-2048x1152.webp 2048w\" sizes=\"auto, (max-width: 1024px) 100vw, 1024px\" \/><\/figure>\n\n\n\n<figure class=\"wp-block-image size-full\"><img loading=\"lazy\" decoding=\"async\" width=\"2560\" height=\"1440\" data-id=\"1135\" src=\"https:\/\/medbank.net\/wp-content\/uploads\/2026\/03\/project-6-2-scaled.webp\" alt=\"\" class=\"wp-image-1135\" srcset=\"https:\/\/medbank.net\/wp-content\/uploads\/2026\/03\/project-6-2-scaled.webp 2560w, https:\/\/medbank.net\/wp-content\/uploads\/2026\/03\/project-6-2-300x169.webp 300w, https:\/\/medbank.net\/wp-content\/uploads\/2026\/03\/project-6-2-1024x576.webp 1024w, https:\/\/medbank.net\/wp-content\/uploads\/2026\/03\/project-6-2-768x432.webp 768w, https:\/\/medbank.net\/wp-content\/uploads\/2026\/03\/project-6-2-1536x864.webp 1536w, https:\/\/medbank.net\/wp-content\/uploads\/2026\/03\/project-6-2-2048x1152.webp 2048w\" sizes=\"auto, (max-width: 2560px) 100vw, 2560px\" \/><\/figure>\n\n\n\n<figure class=\"wp-block-image size-full\"><img loading=\"lazy\" decoding=\"async\" width=\"2560\" height=\"1440\" data-id=\"1137\" src=\"https:\/\/medbank.net\/wp-content\/uploads\/2026\/03\/project-6-3-scaled.webp\" alt=\"\" class=\"wp-image-1137\" srcset=\"https:\/\/medbank.net\/wp-content\/uploads\/2026\/03\/project-6-3-scaled.webp 2560w, https:\/\/medbank.net\/wp-content\/uploads\/2026\/03\/project-6-3-300x169.webp 300w, https:\/\/medbank.net\/wp-content\/uploads\/2026\/03\/project-6-3-1024x576.webp 1024w, https:\/\/medbank.net\/wp-content\/uploads\/2026\/03\/project-6-3-768x432.webp 768w, https:\/\/medbank.net\/wp-content\/uploads\/2026\/03\/project-6-3-1536x864.webp 1536w, https:\/\/medbank.net\/wp-content\/uploads\/2026\/03\/project-6-3-2048x1152.webp 2048w\" sizes=\"auto, (max-width: 2560px) 100vw, 2560px\" \/><\/figure>\n<\/figure>\n\n\n\n<h2 class=\"wp-block-heading mb-5 mt-5\">How the system works<\/h2>\n\n\n\n<div class=\"wp-block-columns mt-5 is-layout-flex wp-container-core-columns-is-layout-9d6595d7 wp-block-columns-is-layout-flex\">\n<div class=\"wp-block-column card gray is-layout-flow wp-block-column-is-layout-flow\">\n<h5 class=\"wp-block-heading\">1. Data collection and transfer<\/h5>\n\n\n\n<p>Collected patient data (blood pressure indicators, pulse, temperature, alcohol test results, and other parameters obtained from self-service terminals or via a mobile app) is sent to the healthcare worker&#8217;s personal account.<\/p>\n<\/div>\n\n\n\n<div class=\"wp-block-column card gray is-layout-flow wp-block-column-is-layout-flow\">\n<h5 class=\"wp-block-heading\">2. Identification and control<\/h5>\n\n\n\n<p>The medical worker identifies the driver by photo or document and conducts a final check of the received data.<\/p>\n<\/div>\n\n\n\n<div class=\"wp-block-column card gray is-layout-flow wp-block-column-is-layout-flow\">\n<h5 class=\"wp-block-heading\">3. Intelligent support<\/h5>\n\n\n\n<p>Artificial intelligence and a physician decision support system (PDSS) automatically analyze the data. If any deviations from the norm are detected, the system highlights them with a color indicator, attracting the physician&#8217;s attention.<\/p>\n<\/div>\n<\/div>\n\n\n\n<div class=\"wp-block-columns mb-5 is-layout-flex wp-container-core-columns-is-layout-9d6595d7 wp-block-columns-is-layout-flex\">\n<div class=\"wp-block-column card gray is-layout-flow wp-block-column-is-layout-flow\">\n<h5 class=\"wp-block-heading\">4. Decision making<\/h5>\n\n\n\n<p>Admission or non-admission of the driver to work is carried out with a single button. The entire process takes just seconds.<\/p>\n<\/div>\n\n\n\n<div class=\"wp-block-column card gray is-layout-flow wp-block-column-is-layout-flow\">\n<h5 class=\"wp-block-heading\">5. Legal significance<\/h5>\n\n\n\n<p>Every action taken by medical personnel is automatically certified with an enhanced qualified electronic signature (EQES). The system fully complies with the requirements of the Russian Ministry of Health.<\/p>\n<\/div>\n<\/div>\n\n\n\n<p>To ensure 24\/7 operation, the system takes time zones into account and anticipates peak workloads, scheduling doctors from less busy regions. It also analyzes the workload of each medical professional daily at different times of the day.<\/p>\n\n\n\n<h2 class=\"wp-block-heading mb-5 mt-5\">Implementation results<\/h2>\n\n\n\n<p class=\"mb-5\">The implementation of patient flow distribution system has enabled a significant increase in business efficiency:<\/p>\n\n\n\n<div class=\"wp-block-columns mb-5 is-layout-flex wp-container-core-columns-is-layout-9d6595d7 wp-block-columns-is-layout-flex\">\n<div class=\"wp-block-column card gray is-layout-flow wp-block-column-is-layout-flow\">\n<p>The doctor examines up to 3 000 patients per shift, which is 50 times more than the previous figure.<\/p>\n<\/div>\n\n\n\n<div class=\"wp-block-column card gray is-layout-flow wp-block-column-is-layout-flow\">\n<p>The processing time for one order has been reduced to<strong> 10 seconds<\/strong>.<\/p>\n<\/div>\n\n\n\n<div class=\"wp-block-column card gray is-layout-flow wp-block-column-is-layout-flow\">\n<p>Customers get access to trips<strong> in 90 seconds<\/strong>, without queues, even during peak hours.<\/p>\n<\/div>\n<\/div>\n\n\n\n<p id=\"card-dark\">The technology has proven its reliability and can be easily scaled to meet new challenges, while remaining an effective tool for optimizing business processes.<\/p>\n","protected":false},"excerpt":{"rendered":"<p>Thanks to Dimeco digital platform and hardware and software system, a single healthcare worker can now serve up to 3 000 patients per shift, which is 50 times higher than industry standards. With the growing popularity of remote medical examinations, drivers faced long queues and medical staff were critically overwhelmed. The problem was particularly acute [&hellip;]<\/p>\n","protected":false},"author":20,"featured_media":1249,"parent":852,"menu_order":22,"comment_status":"closed","ping_status":"closed","template":"templates\/template-page-project-single.php","meta":{"_acf_changed":false,"inline_featured_image":false,"footnotes":""},"class_list":["post-1091","page","type-page","status-publish","has-post-thumbnail","hentry"],"yoast_head":"<!-- This site is optimized with the Yoast SEO plugin v27.2 - https:\/\/yoast.com\/product\/yoast-seo-wordpress\/ -->\n<title>Patient flow distribution system for remote pre-trip examinations<\/title>\n<meta name=\"robots\" content=\"index, follow, max-snippet:-1, max-image-preview:large, max-video-preview:-1\" \/>\n<link rel=\"canonical\" href=\"https:\/\/medbank.net\/en\/projects\/project-3\/\" \/>\n<meta property=\"og:locale\" content=\"en_US\" \/>\n<meta property=\"og:locale:alternate\" content=\"ru_RU\" \/>\n<meta property=\"og:locale:alternate\" content=\"fr_FR\" \/>\n<meta property=\"og:type\" content=\"article\" \/>\n<meta property=\"og:title\" content=\"Patient flow distribution system for remote pre-trip examinations\" \/>\n<meta property=\"og:description\" content=\"Thanks to Dimeco digital platform and hardware and software system, a single healthcare worker can now serve up to 3 000 patients per shift, which is 50 times higher than industry standards. With the growing popularity of remote medical examinations, drivers faced long queues and medical staff were critically overwhelmed. The problem was particularly acute [&hellip;]\" \/>\n<meta property=\"og:url\" content=\"https:\/\/medbank.net\/en\/projects\/project-3\/\" \/>\n<meta property=\"og:site_name\" content=\"MEDBANK\" \/>\n<meta property=\"article:modified_time\" content=\"2026-04-14T08:40:09+00:00\" \/>\n<meta property=\"og:image\" content=\"https:\/\/medbank.net\/wp-content\/uploads\/2026\/04\/direction-new.png\" \/>\n\t<meta property=\"og:image:width\" content=\"1536\" \/>\n\t<meta property=\"og:image:height\" content=\"1024\" \/>\n\t<meta property=\"og:image:type\" content=\"image\/png\" \/>\n<meta name=\"twitter:card\" content=\"summary_large_image\" \/>\n<meta name=\"twitter:label1\" content=\"Est. reading time\" \/>\n\t<meta name=\"twitter:data1\" content=\"4 minutes\" \/>\n<script type=\"application\/ld+json\" class=\"yoast-schema-graph\">{\"@context\":\"https:\/\/schema.org\",\"@graph\":[{\"@type\":\"WebPage\",\"@id\":\"https:\/\/medbank.net\/fr\/projects\/project-3\/\",\"url\":\"https:\/\/medbank.net\/fr\/projects\/project-3\/\",\"name\":\"Patient flow distribution system for remote pre-trip examinations\",\"isPartOf\":{\"@id\":\"https:\/\/medbank.net\/#website\"},\"primaryImageOfPage\":{\"@id\":\"https:\/\/medbank.net\/fr\/projects\/project-3\/#primaryimage\"},\"image\":{\"@id\":\"https:\/\/medbank.net\/fr\/projects\/project-3\/#primaryimage\"},\"thumbnailUrl\":\"https:\/\/medbank.net\/wp-content\/uploads\/2026\/04\/direction-new.png\",\"datePublished\":\"2026-03-24T13:37:04+00:00\",\"dateModified\":\"2026-04-14T08:40:09+00:00\",\"breadcrumb\":{\"@id\":\"https:\/\/medbank.net\/fr\/projects\/project-3\/#breadcrumb\"},\"inLanguage\":\"en-US\",\"potentialAction\":[{\"@type\":\"ReadAction\",\"target\":[\"https:\/\/medbank.net\/fr\/projects\/project-3\/\"]}]},{\"@type\":\"ImageObject\",\"inLanguage\":\"en-US\",\"@id\":\"https:\/\/medbank.net\/fr\/projects\/project-3\/#primaryimage\",\"url\":\"https:\/\/medbank.net\/wp-content\/uploads\/2026\/04\/direction-new.png\",\"contentUrl\":\"https:\/\/medbank.net\/wp-content\/uploads\/2026\/04\/direction-new.png\",\"width\":1536,\"height\":1024},{\"@type\":\"BreadcrumbList\",\"@id\":\"https:\/\/medbank.net\/fr\/projects\/project-3\/#breadcrumb\",\"itemListElement\":[{\"@type\":\"ListItem\",\"position\":1,\"name\":\"\u0413\u043b\u0430\u0432\u043d\u0430\u044f \u0441\u0442\u0440\u0430\u043d\u0438\u0446\u0430\",\"item\":\"https:\/\/medbank.net\/\"},{\"@type\":\"ListItem\",\"position\":2,\"name\":\"\u041f\u0440\u043e\u0435\u043a\u0442\u044b\",\"item\":\"https:\/\/medbank.net\/projects\/\"},{\"@type\":\"ListItem\",\"position\":3,\"name\":\"Syst\u00e8me de r\u00e9partition des flux de patients pour les examens avant d\u00e9part \u00e0 distance\"}]},{\"@type\":\"WebSite\",\"@id\":\"https:\/\/medbank.net\/#website\",\"url\":\"https:\/\/medbank.net\/\",\"name\":\"MEDBANK\",\"description\":\"\",\"publisher\":{\"@id\":\"https:\/\/medbank.net\/#organization\"},\"potentialAction\":[{\"@type\":\"SearchAction\",\"target\":{\"@type\":\"EntryPoint\",\"urlTemplate\":\"https:\/\/medbank.net\/?s={search_term_string}\"},\"query-input\":{\"@type\":\"PropertyValueSpecification\",\"valueRequired\":true,\"valueName\":\"search_term_string\"}}],\"inLanguage\":\"en-US\"},{\"@type\":\"Organization\",\"@id\":\"https:\/\/medbank.net\/#organization\",\"name\":\"MEDBANK\",\"url\":\"https:\/\/medbank.net\/\",\"logo\":{\"@type\":\"ImageObject\",\"inLanguage\":\"en-US\",\"@id\":\"https:\/\/medbank.net\/#\/schema\/logo\/image\/\",\"url\":\"https:\/\/medbank.net\/wp-content\/uploads\/2024\/11\/logo.svg\",\"contentUrl\":\"https:\/\/medbank.net\/wp-content\/uploads\/2024\/11\/logo.svg\",\"width\":230,\"height\":42,\"caption\":\"MEDBANK\"},\"image\":{\"@id\":\"https:\/\/medbank.net\/#\/schema\/logo\/image\/\"}}]}<\/script>\n<!-- \/ Yoast SEO plugin. -->","yoast_head_json":{"title":"Patient flow distribution system for remote pre-trip examinations","robots":{"index":"index","follow":"follow","max-snippet":"max-snippet:-1","max-image-preview":"max-image-preview:large","max-video-preview":"max-video-preview:-1"},"canonical":"https:\/\/medbank.net\/en\/projects\/project-3\/","og_locale":"en_US","og_type":"article","og_title":"[:ru]\u0421\u0438\u0441\u0442\u0435\u043c\u0430 \u0440\u0430\u0441\u043f\u0440\u0435\u0434\u0435\u043b\u0435\u043d\u0438\u044f \u043f\u0430\u0446\u0438\u0435\u043d\u0442\u043e\u043f\u043e\u0442\u043e\u043a\u0430 \u0434\u043b\u044f \u0434\u0438\u0441\u0442\u0430\u043d\u0446\u0438\u043e\u043d\u043d\u044b\u0445 \u043f\u0440\u0435\u0434\u0440\u0435\u0439\u0441\u043e\u0432\u044b\u0445 \u043e\u0441\u043c\u043e\u0442\u0440\u043e\u0432[:en]Patient flow distribution system for remote pre-trip examinations[:fr]Syst\u00e8me de r\u00e9partition des flux de patients pour les examens avant d\u00e9part \u00e0 distance[:] - MEDBANK","og_description":"Thanks to Dimeco digital platform and hardware and software system, a single healthcare worker can now serve up to 3 000 patients per shift, which is 50 times higher than industry standards. With the growing popularity of remote medical examinations, drivers faced long queues and medical staff were critically overwhelmed. The problem was particularly acute [&hellip;]","og_url":"https:\/\/medbank.net\/en\/projects\/project-3\/","og_site_name":"MEDBANK","article_modified_time":"2026-04-14T08:40:09+00:00","og_image":[{"width":1536,"height":1024,"url":"https:\/\/medbank.net\/wp-content\/uploads\/2026\/04\/direction-new.png","type":"image\/png"}],"twitter_card":"summary_large_image","twitter_misc":{"Est. reading time":"4 minutes"},"schema":{"@context":"https:\/\/schema.org","@graph":[{"@type":"WebPage","@id":"https:\/\/medbank.net\/fr\/projects\/project-3\/","url":"https:\/\/medbank.net\/fr\/projects\/project-3\/","name":"Patient flow distribution system for remote pre-trip examinations","isPartOf":{"@id":"https:\/\/medbank.net\/#website"},"primaryImageOfPage":{"@id":"https:\/\/medbank.net\/fr\/projects\/project-3\/#primaryimage"},"image":{"@id":"https:\/\/medbank.net\/fr\/projects\/project-3\/#primaryimage"},"thumbnailUrl":"https:\/\/medbank.net\/wp-content\/uploads\/2026\/04\/direction-new.png","datePublished":"2026-03-24T13:37:04+00:00","dateModified":"2026-04-14T08:40:09+00:00","breadcrumb":{"@id":"https:\/\/medbank.net\/fr\/projects\/project-3\/#breadcrumb"},"inLanguage":"en-US","potentialAction":[{"@type":"ReadAction","target":["https:\/\/medbank.net\/fr\/projects\/project-3\/"]}]},{"@type":"ImageObject","inLanguage":"en-US","@id":"https:\/\/medbank.net\/fr\/projects\/project-3\/#primaryimage","url":"https:\/\/medbank.net\/wp-content\/uploads\/2026\/04\/direction-new.png","contentUrl":"https:\/\/medbank.net\/wp-content\/uploads\/2026\/04\/direction-new.png","width":1536,"height":1024},{"@type":"BreadcrumbList","@id":"https:\/\/medbank.net\/fr\/projects\/project-3\/#breadcrumb","itemListElement":[{"@type":"ListItem","position":1,"name":"\u0413\u043b\u0430\u0432\u043d\u0430\u044f \u0441\u0442\u0440\u0430\u043d\u0438\u0446\u0430","item":"https:\/\/medbank.net\/"},{"@type":"ListItem","position":2,"name":"\u041f\u0440\u043e\u0435\u043a\u0442\u044b","item":"https:\/\/medbank.net\/projects\/"},{"@type":"ListItem","position":3,"name":"Syst\u00e8me de r\u00e9partition des flux de patients pour les examens avant d\u00e9part \u00e0 distance"}]},{"@type":"WebSite","@id":"https:\/\/medbank.net\/#website","url":"https:\/\/medbank.net\/","name":"MEDBANK","description":"","publisher":{"@id":"https:\/\/medbank.net\/#organization"},"potentialAction":[{"@type":"SearchAction","target":{"@type":"EntryPoint","urlTemplate":"https:\/\/medbank.net\/?s={search_term_string}"},"query-input":{"@type":"PropertyValueSpecification","valueRequired":true,"valueName":"search_term_string"}}],"inLanguage":"en-US"},{"@type":"Organization","@id":"https:\/\/medbank.net\/#organization","name":"MEDBANK","url":"https:\/\/medbank.net\/","logo":{"@type":"ImageObject","inLanguage":"en-US","@id":"https:\/\/medbank.net\/#\/schema\/logo\/image\/","url":"https:\/\/medbank.net\/wp-content\/uploads\/2024\/11\/logo.svg","contentUrl":"https:\/\/medbank.net\/wp-content\/uploads\/2024\/11\/logo.svg","width":230,"height":42,"caption":"MEDBANK"},"image":{"@id":"https:\/\/medbank.net\/#\/schema\/logo\/image\/"}}]}},"acf":[],"_links":{"self":[{"href":"https:\/\/medbank.net\/en\/wp-json\/wp\/v2\/pages\/1091","targetHints":{"allow":["GET"]}}],"collection":[{"href":"https:\/\/medbank.net\/en\/wp-json\/wp\/v2\/pages"}],"about":[{"href":"https:\/\/medbank.net\/en\/wp-json\/wp\/v2\/types\/page"}],"author":[{"embeddable":true,"href":"https:\/\/medbank.net\/en\/wp-json\/wp\/v2\/users\/20"}],"replies":[{"embeddable":true,"href":"https:\/\/medbank.net\/en\/wp-json\/wp\/v2\/comments?post=1091"}],"version-history":[{"count":12,"href":"https:\/\/medbank.net\/en\/wp-json\/wp\/v2\/pages\/1091\/revisions"}],"predecessor-version":[{"id":1420,"href":"https:\/\/medbank.net\/en\/wp-json\/wp\/v2\/pages\/1091\/revisions\/1420"}],"up":[{"embeddable":true,"href":"https:\/\/medbank.net\/en\/wp-json\/wp\/v2\/pages\/852"}],"wp:featuredmedia":[{"embeddable":true,"href":"https:\/\/medbank.net\/en\/wp-json\/wp\/v2\/media\/1249"}],"wp:attachment":[{"href":"https:\/\/medbank.net\/en\/wp-json\/wp\/v2\/media?parent=1091"}],"curies":[{"name":"wp","href":"https:\/\/api.w.org\/{rel}","templated":true}]}}